{"id":64810,"date":"2025-06-24T10:04:27","date_gmt":"2025-06-24T10:04:27","guid":{"rendered":"https:\/\/tehnomag.md\/?post_type=product&#038;p=64810"},"modified":"2025-07-19T08:15:40","modified_gmt":"2025-07-19T08:15:40","slug":"razatoare-maestro-mr1600-21","status":"publish","type":"product","link":"https:\/\/tehnomag.md\/ru\/catalog\/vesela\/ustensile-de-bucatarie\/razatoare\/razatoare-maestro-mr1600-21\/","title":{"rendered":"R\u0103z\u0103toare MAESTRO Mr1600-21"},"content":{"rendered":"<p>Marca comercial\u0103: Maestro<br \/>\nLame din o\u021bel inoxidabil de \u00eenalt\u0103 calitate<br \/>\nR\u0103z\u0103toare multifunc\u021bional\u0103 pentru t\u0103ierea \u0219i tocarea diferitelor produse<br \/>\n\u00een\u0103l\u021bime:<br \/>\nMR1600-21 &#8211; 21 cm,<br \/>\nCulorile m\u00eenerelor: portocaliu, negru, galben, \u0441\u0430\u043b\u0430\u0442\u043e\u0432\u044b\u0439<\/p>","protected":false},"excerpt":{"rendered":"<p>Marca comercial\u0103: Maestro<br \/>\nLame din o\u021bel inoxidabil de \u00eenalt\u0103 calitate<br \/>\nR\u0103z\u0103toare multifunc\u021bional\u0103 pentru t\u0103ierea \u0219i tocarea diferitelor produse<br \/>\n\u00een\u0103l\u021bime:<br \/>\nMR1600-21 &#8211; 21 cm,<br \/>\nCulorile m\u00eenerelor: portocaliu, negru, galben, \u0441\u0430\u043b\u0430\u0442\u043e\u0432\u044b\u0439<\/p>","protected":false},"featured_media":64841,"template":"","meta":{"_acf_changed":false},"product_brand":[],"product_cat":[8592],"product_tag":[],"class_list":{"0":"post-64810","1":"product","2":"type-product","3":"status-publish","4":"has-post-thumbnail","6":"product_cat-razatoare","8":"first","9":"instock","10":"shipping-taxable","11":"purchasable","12":"product-type-simple"},"acf":[],"_links":{"self":[{"href":"https:\/\/tehnomag.md\/ru\/wp-json\/wp\/v2\/product\/64810","targetHints":{"allow":["GET"]}}],"collection":[{"href":"https:\/\/tehnomag.md\/ru\/wp-json\/wp\/v2\/product"}],"about":[{"href":"https:\/\/tehnomag.md\/ru\/wp-json\/wp\/v2\/types\/product"}],"wp:featuredmedia":[{"embeddable":true,"href":"https:\/\/tehnomag.md\/ru\/wp-json\/wp\/v2\/media\/64841"}],"wp:attachment":[{"href":"https:\/\/tehnomag.md\/ru\/wp-json\/wp\/v2\/media?parent=64810"}],"wp:term":[{"taxonomy":"product_brand","embeddable":true,"href":"https:\/\/tehnomag.md\/ru\/wp-json\/wp\/v2\/product_brand?post=64810"},{"taxonomy":"product_cat","embeddable":true,"href":"https:\/\/tehnomag.md\/ru\/wp-json\/wp\/v2\/product_cat?post=64810"},{"taxonomy":"product_tag","embeddable":true,"href":"https:\/\/tehnomag.md\/ru\/wp-json\/wp\/v2\/product_tag?post=64810"}],"curies":[{"name":"wp","href":"https:\/\/api.w.org\/{rel}","templated":true}]}}