{"id":64742,"date":"2025-06-24T10:04:05","date_gmt":"2025-06-24T10:04:05","guid":{"rendered":"https:\/\/tehnomag.md\/?post_type=product&#038;p=64742"},"modified":"2025-07-19T08:15:36","modified_gmt":"2025-07-19T08:15:36","slug":"cratita-pentru-preparare-cu-aburi-maestro-mr2900-24","status":"publish","type":"product","link":"https:\/\/tehnomag.md\/ru\/catalog\/vesela\/vase-de-gatit\/vase-cu-aburi\/cratita-pentru-preparare-cu-aburi-maestro-mr2900-24\/","title":{"rendered":"Crati\u021b\u0103 pentru preparare cu aburi MAESTRO Mr2900-24"},"content":{"rendered":"<p>De \u00eenalt\u0103 calitate inox<br \/>\nAcumulare termic\u0103 pe partea de jos stratificat\u0103<br \/>\nPosibilitatea de a fi utilizate pe orice tip de aragaz<\/p>\n<p>Cratita cu capac \u00d8 25 cm &#8211; 5,0 l<\/p>","protected":false},"excerpt":{"rendered":"<p>De \u00eenalt\u0103 calitate inox<br \/>\nAcumulare termic\u0103 pe partea de jos stratificat\u0103<br \/>\nPosibilitatea de a fi utilizate pe orice tip de aragaz<\/p>\n<p>Cratita cu capac \u00d8 25 cm &#8211; 5,0 l<\/p>","protected":false},"featured_media":64773,"template":"","meta":{"_acf_changed":false},"product_brand":[],"product_cat":[8583],"product_tag":[],"class_list":{"0":"post-64742","1":"product","2":"type-product","3":"status-publish","4":"has-post-thumbnail","6":"product_cat-vase-cu-aburi","8":"first","9":"instock","10":"shipping-taxable","11":"purchasable","12":"product-type-simple"},"acf":[],"_links":{"self":[{"href":"https:\/\/tehnomag.md\/ru\/wp-json\/wp\/v2\/product\/64742","targetHints":{"allow":["GET"]}}],"collection":[{"href":"https:\/\/tehnomag.md\/ru\/wp-json\/wp\/v2\/product"}],"about":[{"href":"https:\/\/tehnomag.md\/ru\/wp-json\/wp\/v2\/types\/product"}],"wp:featuredmedia":[{"embeddable":true,"href":"https:\/\/tehnomag.md\/ru\/wp-json\/wp\/v2\/media\/64773"}],"wp:attachment":[{"href":"https:\/\/tehnomag.md\/ru\/wp-json\/wp\/v2\/media?parent=64742"}],"wp:term":[{"taxonomy":"product_brand","embeddable":true,"href":"https:\/\/tehnomag.md\/ru\/wp-json\/wp\/v2\/product_brand?post=64742"},{"taxonomy":"product_cat","embeddable":true,"href":"https:\/\/tehnomag.md\/ru\/wp-json\/wp\/v2\/product_cat?post=64742"},{"taxonomy":"product_tag","embeddable":true,"href":"https:\/\/tehnomag.md\/ru\/wp-json\/wp\/v2\/product_tag?post=64742"}],"curies":[{"name":"wp","href":"https:\/\/api.w.org\/{rel}","templated":true}]}}