{"id":64737,"date":"2025-06-24T10:04:04","date_gmt":"2025-06-24T10:04:04","guid":{"rendered":"https:\/\/tehnomag.md\/?post_type=product&#038;p=64737"},"modified":"2025-07-19T08:15:36","modified_gmt":"2025-07-19T08:15:36","slug":"codar-cu-capac-18cm-2l-leo-berghoff-1315077","status":"publish","type":"product","link":"https:\/\/tehnomag.md\/ru\/catalog\/vesela\/vase-de-gatit\/cratite-cu-coada-cratite-pentru-lapte\/codar-cu-capac-18cm-2l-leo-berghoff-1315077\/","title":{"rendered":"Codar cu capac 18cm 2L Leo BergHOFF 1315077"},"content":{"rendered":"<p>Codar  16 cm 1.5L Helix<\/p>\n<p>Acest codar este un plus durabil, practic \u0219i elegant pentru vasele dvs. de g\u0103tit.<\/p>\n<p>Este potrivit pentru toate tipurile de sobe, rezistent la c\u0103ldur\u0103 p\u00e2n\u0103 la 250\u00b0C \u0219i are un fund care asigur\u0103 un transfer uniform de c\u0103ldur\u0103 de la fund \u00een lateral pentru g\u0103tit eficient din punct de vedere energetic.<\/p>","protected":false},"excerpt":{"rendered":"<p>Codar  16 cm 1.5L Helix<\/p>\n<p>Acest codar este un plus durabil, practic \u0219i elegant pentru vasele dvs. de g\u0103tit.<\/p>\n<p>Este potrivit pentru toate tipurile de sobe, rezistent la c\u0103ldur\u0103 p\u00e2n\u0103 la 250\u00b0C \u0219i are un fund care asigur\u0103 un transfer uniform de c\u0103ldur\u0103 de la fund \u00een lateral pentru g\u0103tit eficient din punct de vedere energetic.<\/p>","protected":false},"featured_media":64768,"template":"","meta":{"_acf_changed":false},"product_brand":[],"product_cat":[8582],"product_tag":[],"class_list":{"0":"post-64737","1":"product","2":"type-product","3":"status-publish","4":"has-post-thumbnail","6":"product_cat-cratite-cu-coada-cratite-pentru-lapte","8":"first","9":"instock","10":"shipping-taxable","11":"purchasable","12":"product-type-simple"},"acf":[],"_links":{"self":[{"href":"https:\/\/tehnomag.md\/ru\/wp-json\/wp\/v2\/product\/64737","targetHints":{"allow":["GET"]}}],"collection":[{"href":"https:\/\/tehnomag.md\/ru\/wp-json\/wp\/v2\/product"}],"about":[{"href":"https:\/\/tehnomag.md\/ru\/wp-json\/wp\/v2\/types\/product"}],"wp:featuredmedia":[{"embeddable":true,"href":"https:\/\/tehnomag.md\/ru\/wp-json\/wp\/v2\/media\/64768"}],"wp:attachment":[{"href":"https:\/\/tehnomag.md\/ru\/wp-json\/wp\/v2\/media?parent=64737"}],"wp:term":[{"taxonomy":"product_brand","embeddable":true,"href":"https:\/\/tehnomag.md\/ru\/wp-json\/wp\/v2\/product_brand?post=64737"},{"taxonomy":"product_cat","embeddable":true,"href":"https:\/\/tehnomag.md\/ru\/wp-json\/wp\/v2\/product_cat?post=64737"},{"taxonomy":"product_tag","embeddable":true,"href":"https:\/\/tehnomag.md\/ru\/wp-json\/wp\/v2\/product_tag?post=64737"}],"curies":[{"name":"wp","href":"https:\/\/api.w.org\/{rel}","templated":true}]}}