{"id":64736,"date":"2025-06-24T10:04:04","date_gmt":"2025-06-24T10:04:04","guid":{"rendered":"https:\/\/tehnomag.md\/?post_type=product&#038;p=64736"},"modified":"2025-07-19T08:15:35","modified_gmt":"2025-07-19T08:15:35","slug":"codar-cu-capac-18cm-leo-stone-berghoff-3950591","status":"publish","type":"product","link":"https:\/\/tehnomag.md\/ru\/catalog\/vesela\/vase-de-gatit\/cratite-cu-coada-cratite-pentru-lapte\/codar-cu-capac-18cm-leo-stone-berghoff-3950591\/","title":{"rendered":"Codar cu capac 18cm  Leo Stone  BergHOFF 3950591"},"content":{"rendered":"<p>Caus din seria LEO Stone.<\/p>\n<p>O caracteristic\u0103 distinctiv\u0103 a seriei este designul s\u0103u unic, care garanteaz\u0103 o lucru confortabil cu vasele.<\/p>\n<p>Causul  este realizat\u0103 din aluminiu turnat, ceea ce asigur\u0103 o distribu\u021bie uniform\u0103 a c\u0103ldurii pe suprafa\u021b\u0103.<br \/>\n\u00cen interior exist\u0103 un \u00eenveli\u0219 antiaderent modern Fernogreen, care nu con\u021bine substan\u021be nocive \u0219i are o suprafa\u021b\u0103 perfect neted\u0103 pentru \u00eengrijirea confortabil\u0103 a vaselor de g\u0103tit.<\/p>\n<p>Capacul este realizat din sticl\u0103 termorezistent\u0103 cu o margine de silicon \u00een jurul marginii.<br \/>\nDatorit\u0103 orificiilor de pe margine, pute\u021bi scurge lichidul f\u0103r\u0103 a scoate capacul.<br \/>\nForma original\u0103 cu m\u00e2ner \u00eenalt v\u0103 va permite s\u0103 fixa\u021bi capacul pe marginea tigaii.<\/p>\n<p>M\u00e2nerele nu se \u00eenc\u0103lzesc.<br \/>\nSe recomand\u0103 sp\u0103larea m\u00e2inilor<br \/>\nPotrivit pentru toate tipurile moderne de pl\u0103ci<br \/>\nMaterial: aluminiu turnat<br \/>\nDiametru: 18 cm<br \/>\nVolum: 2 litri<\/p>","protected":false},"excerpt":{"rendered":"<p>Caus din seria LEO Stone.<\/p>\n<p>O caracteristic\u0103 distinctiv\u0103 a seriei este designul s\u0103u unic, care garanteaz\u0103 o lucru confortabil cu vasele.<\/p>\n<p>Causul  este realizat\u0103 din aluminiu turnat, ceea ce asigur\u0103 o distribu\u021bie uniform\u0103 a c\u0103ldurii pe suprafa\u021b\u0103.<br \/>\n\u00cen interior exist\u0103 un \u00eenveli\u0219 antiaderent modern Fernogreen, care nu con\u021bine substan\u021be nocive \u0219i are o suprafa\u021b\u0103 perfect neted\u0103 pentru \u00eengrijirea confortabil\u0103 a vaselor de g\u0103tit.<\/p>\n<p>Capacul este realizat din sticl\u0103 termorezistent\u0103 cu o margine de silicon \u00een jurul marginii.<br \/>\nDatorit\u0103 orificiilor de pe margine, pute\u021bi scurge lichidul f\u0103r\u0103 a scoate capacul.<br \/>\nForma original\u0103 cu m\u00e2ner \u00eenalt v\u0103 va permite s\u0103 fixa\u021bi capacul pe marginea tigaii.<\/p>\n<p>M\u00e2nerele nu se \u00eenc\u0103lzesc.<br \/>\nSe recomand\u0103 sp\u0103larea m\u00e2inilor<br \/>\nPotrivit pentru toate tipurile moderne de pl\u0103ci<br \/>\nMaterial: aluminiu turnat<br \/>\nDiametru: 18 cm<br \/>\nVolum: 2 litri<\/p>","protected":false},"featured_media":64767,"template":"","meta":{"_acf_changed":false},"product_brand":[],"product_cat":[8582],"product_tag":[],"class_list":{"0":"post-64736","1":"product","2":"type-product","3":"status-publish","4":"has-post-thumbnail","6":"product_cat-cratite-cu-coada-cratite-pentru-lapte","8":"first","9":"instock","10":"shipping-taxable","11":"purchasable","12":"product-type-simple"},"acf":[],"_links":{"self":[{"href":"https:\/\/tehnomag.md\/ru\/wp-json\/wp\/v2\/product\/64736","targetHints":{"allow":["GET"]}}],"collection":[{"href":"https:\/\/tehnomag.md\/ru\/wp-json\/wp\/v2\/product"}],"about":[{"href":"https:\/\/tehnomag.md\/ru\/wp-json\/wp\/v2\/types\/product"}],"wp:featuredmedia":[{"embeddable":true,"href":"https:\/\/tehnomag.md\/ru\/wp-json\/wp\/v2\/media\/64767"}],"wp:attachment":[{"href":"https:\/\/tehnomag.md\/ru\/wp-json\/wp\/v2\/media?parent=64736"}],"wp:term":[{"taxonomy":"product_brand","embeddable":true,"href":"https:\/\/tehnomag.md\/ru\/wp-json\/wp\/v2\/product_brand?post=64736"},{"taxonomy":"product_cat","embeddable":true,"href":"https:\/\/tehnomag.md\/ru\/wp-json\/wp\/v2\/product_cat?post=64736"},{"taxonomy":"product_tag","embeddable":true,"href":"https:\/\/tehnomag.md\/ru\/wp-json\/wp\/v2\/product_tag?post=64736"}],"curies":[{"name":"wp","href":"https:\/\/api.w.org\/{rel}","templated":true}]}}