{"id":64733,"date":"2025-06-24T10:04:04","date_gmt":"2025-06-24T10:04:04","guid":{"rendered":"https:\/\/tehnomag.md\/?post_type=product&#038;p=64733"},"modified":"2025-07-19T08:15:35","modified_gmt":"2025-07-19T08:15:35","slug":"cratita-cu-coada-maestro-mr-3519-16s","status":"publish","type":"product","link":"https:\/\/tehnomag.md\/ru\/catalog\/vesela\/vase-de-gatit\/cratite-cu-coada-cratite-pentru-lapte\/cratita-cu-coada-maestro-mr-3519-16s\/","title":{"rendered":"Crati\u021b\u0103 cu coad\u0103 MAESTRO Mr-3519-16S"},"content":{"rendered":"<p>Caus Maestro MR 3519-16S cu un volum de 1,8 litri este realizata din otel inoxidabil, perfecta pentru iubitorii de lustruire in oglinda. Poate fi folosit pentru g\u0103tit pe orice surs\u0103 de c\u0103ldur\u0103.<\/p>\n<p>Caracteristici ale cupei Maestro MR 3519-16S:<br \/>\nVolum: 1,8 l<br \/>\nDiametru: 16 cm<br \/>\nMaterial &#8211; o\u021bel inoxidabil de \u00eenalt\u0103 calitate<br \/>\nPartea inferioar\u0103 de stocare termic\u0103 multistrat<br \/>\nM\u00e2ner confortabil f\u0103r\u0103 \u00eenc\u0103lzire<\/p>\n<p>Scala de volum lichid<br \/>\nPotrivit pentru toate tipurile de plite \u0219i plite<br \/>\nCapac: inclus<br \/>\nPoate fi spalat in masina de spalat vase<\/p>","protected":false},"excerpt":{"rendered":"<p>Caus Maestro MR 3519-16S cu un volum de 1,8 litri este realizata din otel inoxidabil, perfecta pentru iubitorii de lustruire in oglinda. Poate fi folosit pentru g\u0103tit pe orice surs\u0103 de c\u0103ldur\u0103.<\/p>\n<p>Caracteristici ale cupei Maestro MR 3519-16S:<br \/>\nVolum: 1,8 l<br \/>\nDiametru: 16 cm<br \/>\nMaterial &#8211; o\u021bel inoxidabil de \u00eenalt\u0103 calitate<br \/>\nPartea inferioar\u0103 de stocare termic\u0103 multistrat<br \/>\nM\u00e2ner confortabil f\u0103r\u0103 \u00eenc\u0103lzire<\/p>\n<p>Scala de volum lichid<br \/>\nPotrivit pentru toate tipurile de plite \u0219i plite<br \/>\nCapac: inclus<br \/>\nPoate fi spalat in masina de spalat vase<\/p>","protected":false},"featured_media":64764,"template":"","meta":{"_acf_changed":false},"product_brand":[],"product_cat":[8582],"product_tag":[],"class_list":{"0":"post-64733","1":"product","2":"type-product","3":"status-publish","4":"has-post-thumbnail","6":"product_cat-cratite-cu-coada-cratite-pentru-lapte","8":"first","9":"instock","10":"shipping-taxable","11":"purchasable","12":"product-type-simple"},"acf":[],"_links":{"self":[{"href":"https:\/\/tehnomag.md\/ru\/wp-json\/wp\/v2\/product\/64733","targetHints":{"allow":["GET"]}}],"collection":[{"href":"https:\/\/tehnomag.md\/ru\/wp-json\/wp\/v2\/product"}],"about":[{"href":"https:\/\/tehnomag.md\/ru\/wp-json\/wp\/v2\/types\/product"}],"wp:featuredmedia":[{"embeddable":true,"href":"https:\/\/tehnomag.md\/ru\/wp-json\/wp\/v2\/media\/64764"}],"wp:attachment":[{"href":"https:\/\/tehnomag.md\/ru\/wp-json\/wp\/v2\/media?parent=64733"}],"wp:term":[{"taxonomy":"product_brand","embeddable":true,"href":"https:\/\/tehnomag.md\/ru\/wp-json\/wp\/v2\/product_brand?post=64733"},{"taxonomy":"product_cat","embeddable":true,"href":"https:\/\/tehnomag.md\/ru\/wp-json\/wp\/v2\/product_cat?post=64733"},{"taxonomy":"product_tag","embeddable":true,"href":"https:\/\/tehnomag.md\/ru\/wp-json\/wp\/v2\/product_tag?post=64733"}],"curies":[{"name":"wp","href":"https:\/\/api.w.org\/{rel}","templated":true}]}}