{"id":64687,"date":"2025-06-24T10:03:46","date_gmt":"2025-06-24T10:03:46","guid":{"rendered":"https:\/\/tehnomag.md\/?post_type=product&#038;p=64687"},"modified":"2025-07-19T08:15:35","modified_gmt":"2025-07-19T08:15:35","slug":"cratita-cu-coada-capac-maestro-mr-3502-16s","status":"publish","type":"product","link":"https:\/\/tehnomag.md\/ru\/catalog\/vesela\/vase-de-gatit\/cratite-cu-coada-cratite-pentru-lapte\/cratita-cu-coada-capac-maestro-mr-3502-16s\/","title":{"rendered":"Crati\u021b\u0103 cu coad\u0103 + capac MAESTRO Mr-3502-16S"},"content":{"rendered":"<p>Marca comercial\u0103: Maestro<br \/>\nDe \u00eenalt\u0103 calitate inox<br \/>\nMateriale ecologice-pure<br \/>\nPartea de jos capsulara<br \/>\nPosibilitatea de a fi utilizate pe orice tip de aragaz<br \/>\nCodar cu capac \u00d816 cm &#8211; 1,4 l<\/p>","protected":false},"excerpt":{"rendered":"<p>Marca comercial\u0103: Maestro<br \/>\nDe \u00eenalt\u0103 calitate inox<br \/>\nMateriale ecologice-pure<br \/>\nPartea de jos capsulara<br \/>\nPosibilitatea de a fi utilizate pe orice tip de aragaz<br \/>\nCodar cu capac \u00d816 cm &#8211; 1,4 l<\/p>","protected":false},"featured_media":64726,"template":"","meta":{"_acf_changed":false},"product_brand":[],"product_cat":[8582],"product_tag":[],"class_list":{"0":"post-64687","1":"product","2":"type-product","3":"status-publish","4":"has-post-thumbnail","6":"product_cat-cratite-cu-coada-cratite-pentru-lapte","8":"first","9":"instock","10":"shipping-taxable","11":"purchasable","12":"product-type-simple"},"acf":[],"_links":{"self":[{"href":"https:\/\/tehnomag.md\/ru\/wp-json\/wp\/v2\/product\/64687","targetHints":{"allow":["GET"]}}],"collection":[{"href":"https:\/\/tehnomag.md\/ru\/wp-json\/wp\/v2\/product"}],"about":[{"href":"https:\/\/tehnomag.md\/ru\/wp-json\/wp\/v2\/types\/product"}],"wp:featuredmedia":[{"embeddable":true,"href":"https:\/\/tehnomag.md\/ru\/wp-json\/wp\/v2\/media\/64726"}],"wp:attachment":[{"href":"https:\/\/tehnomag.md\/ru\/wp-json\/wp\/v2\/media?parent=64687"}],"wp:term":[{"taxonomy":"product_brand","embeddable":true,"href":"https:\/\/tehnomag.md\/ru\/wp-json\/wp\/v2\/product_brand?post=64687"},{"taxonomy":"product_cat","embeddable":true,"href":"https:\/\/tehnomag.md\/ru\/wp-json\/wp\/v2\/product_cat?post=64687"},{"taxonomy":"product_tag","embeddable":true,"href":"https:\/\/tehnomag.md\/ru\/wp-json\/wp\/v2\/product_tag?post=64687"}],"curies":[{"name":"wp","href":"https:\/\/api.w.org\/{rel}","templated":true}]}}