{"id":64683,"date":"2025-06-24T10:03:46","date_gmt":"2025-06-24T10:03:46","guid":{"rendered":"https:\/\/tehnomag.md\/?post_type=product&#038;p=64683"},"modified":"2025-07-19T08:15:34","modified_gmt":"2025-07-19T08:15:34","slug":"cratita-cu-coada-capac-maestro-mr3515-16s","status":"publish","type":"product","link":"https:\/\/tehnomag.md\/ru\/catalog\/vesela\/vase-de-gatit\/cratite-cu-coada-cratite-pentru-lapte\/cratita-cu-coada-capac-maestro-mr3515-16s\/","title":{"rendered":"Crati\u021b\u0103 cu coad\u0103 + capac MAESTRO Mr3515-16S"},"content":{"rendered":"<p>Marca comercial\u0103: Maestro<br \/>\nDe \u00eenalt\u0103 calitate inox<br \/>\nMateriale ecologice-pure<br \/>\nAcumulare termic\u0103 pe partea de jos stratificat\u0103<br \/>\nPosibilitatea de a fi utilizate pe orice tip de aragaz<\/p>\n<p>Codar cu capac \u00d816 cm &#8211; 1,35 l<\/p>","protected":false},"excerpt":{"rendered":"<p>Marca comercial\u0103: Maestro<br \/>\nDe \u00eenalt\u0103 calitate inox<br \/>\nMateriale ecologice-pure<br \/>\nAcumulare termic\u0103 pe partea de jos stratificat\u0103<br \/>\nPosibilitatea de a fi utilizate pe orice tip de aragaz<\/p>\n<p>Codar cu capac \u00d816 cm &#8211; 1,35 l<\/p>","protected":false},"featured_media":64720,"template":"","meta":{"_acf_changed":false},"product_brand":[],"product_cat":[8582],"product_tag":[],"class_list":{"0":"post-64683","1":"product","2":"type-product","3":"status-publish","4":"has-post-thumbnail","6":"product_cat-cratite-cu-coada-cratite-pentru-lapte","8":"first","9":"instock","10":"shipping-taxable","11":"purchasable","12":"product-type-simple"},"acf":[],"_links":{"self":[{"href":"https:\/\/tehnomag.md\/ru\/wp-json\/wp\/v2\/product\/64683","targetHints":{"allow":["GET"]}}],"collection":[{"href":"https:\/\/tehnomag.md\/ru\/wp-json\/wp\/v2\/product"}],"about":[{"href":"https:\/\/tehnomag.md\/ru\/wp-json\/wp\/v2\/types\/product"}],"wp:featuredmedia":[{"embeddable":true,"href":"https:\/\/tehnomag.md\/ru\/wp-json\/wp\/v2\/media\/64720"}],"wp:attachment":[{"href":"https:\/\/tehnomag.md\/ru\/wp-json\/wp\/v2\/media?parent=64683"}],"wp:term":[{"taxonomy":"product_brand","embeddable":true,"href":"https:\/\/tehnomag.md\/ru\/wp-json\/wp\/v2\/product_brand?post=64683"},{"taxonomy":"product_cat","embeddable":true,"href":"https:\/\/tehnomag.md\/ru\/wp-json\/wp\/v2\/product_cat?post=64683"},{"taxonomy":"product_tag","embeddable":true,"href":"https:\/\/tehnomag.md\/ru\/wp-json\/wp\/v2\/product_tag?post=64683"}],"curies":[{"name":"wp","href":"https:\/\/api.w.org\/{rel}","templated":true}]}}