{"id":64674,"date":"2025-06-24T10:03:45","date_gmt":"2025-06-24T10:03:45","guid":{"rendered":"https:\/\/tehnomag.md\/?post_type=product&#038;p=64674"},"modified":"2025-07-19T08:15:33","modified_gmt":"2025-07-19T08:15:33","slug":"ceainic-cu-fluier-1-9l-cami-berghoff-1104998","status":"publish","type":"product","link":"https:\/\/tehnomag.md\/ru\/catalog\/vesela\/vase-de-gatit\/ceainice\/ceainic-cu-fluier-1-9l-cami-berghoff-1104998\/","title":{"rendered":"Ceainic cu fluier 1.9L Cami BergHOFF 1104998"},"content":{"rendered":"<p>Volum   1.9 l<br \/>\nMaterialul carcasei inox<br \/>\nMaterialul m\u00e2nerulu bachelit<br \/>\nM\u00e2ner deta\u0219abil nu<br \/>\nFluier  da<br \/>\nBaza cu induc\u0163ie    da<br \/>\nCuloare inox<br \/>\n\u00cen\u0103l\u0163ime    17.5 cm<br \/>\nDiametru    19.5 cm<br \/>\nProduc\u0103tor  BergHOFF<\/p>","protected":false},"excerpt":{"rendered":"<p>Volum   1.9 l<br \/>\nMaterialul carcasei inox<br \/>\nMaterialul m\u00e2nerulu bachelit<br \/>\nM\u00e2ner deta\u0219abil nu<br \/>\nFluier  da<br \/>\nBaza cu induc\u0163ie    da<br \/>\nCuloare inox<br \/>\n\u00cen\u0103l\u0163ime    17.5 cm<br \/>\nDiametru    19.5 cm<br \/>\nProduc\u0103tor  BergHOFF<\/p>","protected":false},"featured_media":64706,"template":"","meta":{"_acf_changed":false},"product_brand":[],"product_cat":[8581],"product_tag":[],"class_list":{"0":"post-64674","1":"product","2":"type-product","3":"status-publish","4":"has-post-thumbnail","6":"product_cat-ceainice","8":"first","9":"instock","10":"shipping-taxable","11":"purchasable","12":"product-type-simple"},"acf":[],"_links":{"self":[{"href":"https:\/\/tehnomag.md\/ru\/wp-json\/wp\/v2\/product\/64674","targetHints":{"allow":["GET"]}}],"collection":[{"href":"https:\/\/tehnomag.md\/ru\/wp-json\/wp\/v2\/product"}],"about":[{"href":"https:\/\/tehnomag.md\/ru\/wp-json\/wp\/v2\/types\/product"}],"wp:featuredmedia":[{"embeddable":true,"href":"https:\/\/tehnomag.md\/ru\/wp-json\/wp\/v2\/media\/64706"}],"wp:attachment":[{"href":"https:\/\/tehnomag.md\/ru\/wp-json\/wp\/v2\/media?parent=64674"}],"wp:term":[{"taxonomy":"product_brand","embeddable":true,"href":"https:\/\/tehnomag.md\/ru\/wp-json\/wp\/v2\/product_brand?post=64674"},{"taxonomy":"product_cat","embeddable":true,"href":"https:\/\/tehnomag.md\/ru\/wp-json\/wp\/v2\/product_cat?post=64674"},{"taxonomy":"product_tag","embeddable":true,"href":"https:\/\/tehnomag.md\/ru\/wp-json\/wp\/v2\/product_tag?post=64674"}],"curies":[{"name":"wp","href":"https:\/\/api.w.org\/{rel}","templated":true}]}}