{"id":64671,"date":"2025-06-24T10:03:45","date_gmt":"2025-06-24T10:03:45","guid":{"rendered":"https:\/\/tehnomag.md\/?post_type=product&#038;p=64671"},"modified":"2025-07-19T08:15:32","modified_gmt":"2025-07-19T08:15:32","slug":"ceainic-cu-fluier-maestro-mr1320-s","status":"publish","type":"product","link":"https:\/\/tehnomag.md\/ru\/catalog\/vesela\/vase-de-gatit\/ceainice\/ceainic-cu-fluier-maestro-mr1320-s\/","title":{"rendered":"Ceainic cu fluier MAESTRO Mr1320-S"},"content":{"rendered":"<p>Combina\u021bie de design modern, cu o productie clasica enamelware<br \/>\nProdus durabil email acoperit este u\u0219or de cur\u0103\u021bat \u0219i arat\u0103 perfect, p\u0103str\u00e2nd aspectul original<br \/>\nO\u021bel carbon de \u00eenalt\u0103 calitate distribuie c\u0103ldura \u00een mod egal \u00eentreaga suprafa\u021b\u0103 a articolului<\/p>","protected":false},"excerpt":{"rendered":"<p>Combina\u021bie de design modern, cu o productie clasica enamelware<br \/>\nProdus durabil email acoperit este u\u0219or de cur\u0103\u021bat \u0219i arat\u0103 perfect, p\u0103str\u00e2nd aspectul original<br \/>\nO\u021bel carbon de \u00eenalt\u0103 calitate distribuie c\u0103ldura \u00een mod egal \u00eentreaga suprafa\u021b\u0103 a articolului<\/p>","protected":false},"featured_media":64703,"template":"","meta":{"_acf_changed":false},"product_brand":[],"product_cat":[8581],"product_tag":[],"class_list":{"0":"post-64671","1":"product","2":"type-product","3":"status-publish","4":"has-post-thumbnail","6":"product_cat-ceainice","8":"first","9":"instock","10":"shipping-taxable","11":"purchasable","12":"product-type-simple"},"acf":[],"_links":{"self":[{"href":"https:\/\/tehnomag.md\/ru\/wp-json\/wp\/v2\/product\/64671","targetHints":{"allow":["GET"]}}],"collection":[{"href":"https:\/\/tehnomag.md\/ru\/wp-json\/wp\/v2\/product"}],"about":[{"href":"https:\/\/tehnomag.md\/ru\/wp-json\/wp\/v2\/types\/product"}],"wp:featuredmedia":[{"embeddable":true,"href":"https:\/\/tehnomag.md\/ru\/wp-json\/wp\/v2\/media\/64703"}],"wp:attachment":[{"href":"https:\/\/tehnomag.md\/ru\/wp-json\/wp\/v2\/media?parent=64671"}],"wp:term":[{"taxonomy":"product_brand","embeddable":true,"href":"https:\/\/tehnomag.md\/ru\/wp-json\/wp\/v2\/product_brand?post=64671"},{"taxonomy":"product_cat","embeddable":true,"href":"https:\/\/tehnomag.md\/ru\/wp-json\/wp\/v2\/product_cat?post=64671"},{"taxonomy":"product_tag","embeddable":true,"href":"https:\/\/tehnomag.md\/ru\/wp-json\/wp\/v2\/product_tag?post=64671"}],"curies":[{"name":"wp","href":"https:\/\/api.w.org\/{rel}","templated":true}]}}