{"id":64667,"date":"2025-06-24T10:03:44","date_gmt":"2025-06-24T10:03:44","guid":{"rendered":"https:\/\/tehnomag.md\/?post_type=product&#038;p=64667"},"modified":"2025-07-19T08:15:32","modified_gmt":"2025-07-19T08:15:32","slug":"french-press-800ml-berghoff-1107130-0-8l","status":"publish","type":"product","link":"https:\/\/tehnomag.md\/ru\/catalog\/vesela\/vase-de-gatit\/ceainice\/french-press-800ml-berghoff-1107130-0-8l\/","title":{"rendered":"French-press 800ml BergHOFF  1107130  0.8l"},"content":{"rendered":"<p>Infuzor de cafea 800 ml<br \/>\nCod 1107130<\/p>\n<p>Ceainicul cu infuzor este fabricat din o\u021bel inoxidabil 18\/10 de \u00eenalt\u0103 calitate (corp) \u0219i sticl\u0103 termorezistent\u0103 (colb\u0103).<br \/>\nCapacul este, de asemenea, fabricat din o\u021bel inoxidabil de \u00eenalt\u0103 calitate, design elegant.<\/p>\n<p>Piston din o\u021bel inoxidabil.<\/p>","protected":false},"excerpt":{"rendered":"<p>Infuzor de cafea 800 ml<br \/>\nCod 1107130<\/p>\n<p>Ceainicul cu infuzor este fabricat din o\u021bel inoxidabil 18\/10 de \u00eenalt\u0103 calitate (corp) \u0219i sticl\u0103 termorezistent\u0103 (colb\u0103).<br \/>\nCapacul este, de asemenea, fabricat din o\u021bel inoxidabil de \u00eenalt\u0103 calitate, design elegant.<\/p>\n<p>Piston din o\u021bel inoxidabil.<\/p>","protected":false},"featured_media":64698,"template":"","meta":{"_acf_changed":false},"product_brand":[],"product_cat":[8581],"product_tag":[],"class_list":{"0":"post-64667","1":"product","2":"type-product","3":"status-publish","4":"has-post-thumbnail","6":"product_cat-ceainice","8":"first","9":"instock","10":"shipping-taxable","11":"purchasable","12":"product-type-simple"},"acf":[],"_links":{"self":[{"href":"https:\/\/tehnomag.md\/ru\/wp-json\/wp\/v2\/product\/64667","targetHints":{"allow":["GET"]}}],"collection":[{"href":"https:\/\/tehnomag.md\/ru\/wp-json\/wp\/v2\/product"}],"about":[{"href":"https:\/\/tehnomag.md\/ru\/wp-json\/wp\/v2\/types\/product"}],"wp:featuredmedia":[{"embeddable":true,"href":"https:\/\/tehnomag.md\/ru\/wp-json\/wp\/v2\/media\/64698"}],"wp:attachment":[{"href":"https:\/\/tehnomag.md\/ru\/wp-json\/wp\/v2\/media?parent=64667"}],"wp:term":[{"taxonomy":"product_brand","embeddable":true,"href":"https:\/\/tehnomag.md\/ru\/wp-json\/wp\/v2\/product_brand?post=64667"},{"taxonomy":"product_cat","embeddable":true,"href":"https:\/\/tehnomag.md\/ru\/wp-json\/wp\/v2\/product_cat?post=64667"},{"taxonomy":"product_tag","embeddable":true,"href":"https:\/\/tehnomag.md\/ru\/wp-json\/wp\/v2\/product_tag?post=64667"}],"curies":[{"name":"wp","href":"https:\/\/api.w.org\/{rel}","templated":true}]}}