{"id":64604,"date":"2025-06-24T10:03:21","date_gmt":"2025-06-24T10:03:21","guid":{"rendered":"https:\/\/tehnomag.md\/?post_type=product&#038;p=64604"},"modified":"2025-07-19T08:15:29","modified_gmt":"2025-07-19T08:15:29","slug":"ceainic-cu-fluier-maestro-mr1338","status":"publish","type":"product","link":"https:\/\/tehnomag.md\/ru\/catalog\/vesela\/vase-de-gatit\/ceainice\/ceainic-cu-fluier-maestro-mr1338\/","title":{"rendered":"Ceainic cu fluier MAESTRO Mr1338"},"content":{"rendered":"<p>Design modern<br \/>\nO\u0163el inoxidabil de calitate superioar\u0103<br \/>\nMateriale ecologice-pure<br \/>\nPosibilitatea de a fi utilizate pe orice tip de aragaz<br \/>\nM\u00eener din plastic ce nu se \u00eenc\u0103lze\u0219te<br \/>\nAcumulare termic\u0103 pe partea de jos stratificat\u0103<br \/>\nPosibile culori: albastru , ro\u0219u<br \/>\nVolum: 3,0 l<\/p>","protected":false},"excerpt":{"rendered":"<p>Design modern<br \/>\nO\u0163el inoxidabil de calitate superioar\u0103<br \/>\nMateriale ecologice-pure<br \/>\nPosibilitatea de a fi utilizate pe orice tip de aragaz<br \/>\nM\u00eener din plastic ce nu se \u00eenc\u0103lze\u0219te<br \/>\nAcumulare termic\u0103 pe partea de jos stratificat\u0103<br \/>\nPosibile culori: albastru , ro\u0219u<br \/>\nVolum: 3,0 l<\/p>","protected":false},"featured_media":64641,"template":"","meta":{"_acf_changed":false},"product_brand":[],"product_cat":[8581],"product_tag":[],"class_list":{"0":"post-64604","1":"product","2":"type-product","3":"status-publish","4":"has-post-thumbnail","6":"product_cat-ceainice","8":"first","9":"instock","10":"shipping-taxable","11":"purchasable","12":"product-type-simple"},"acf":[],"_links":{"self":[{"href":"https:\/\/tehnomag.md\/ru\/wp-json\/wp\/v2\/product\/64604","targetHints":{"allow":["GET"]}}],"collection":[{"href":"https:\/\/tehnomag.md\/ru\/wp-json\/wp\/v2\/product"}],"about":[{"href":"https:\/\/tehnomag.md\/ru\/wp-json\/wp\/v2\/types\/product"}],"wp:featuredmedia":[{"embeddable":true,"href":"https:\/\/tehnomag.md\/ru\/wp-json\/wp\/v2\/media\/64641"}],"wp:attachment":[{"href":"https:\/\/tehnomag.md\/ru\/wp-json\/wp\/v2\/media?parent=64604"}],"wp:term":[{"taxonomy":"product_brand","embeddable":true,"href":"https:\/\/tehnomag.md\/ru\/wp-json\/wp\/v2\/product_brand?post=64604"},{"taxonomy":"product_cat","embeddable":true,"href":"https:\/\/tehnomag.md\/ru\/wp-json\/wp\/v2\/product_cat?post=64604"},{"taxonomy":"product_tag","embeddable":true,"href":"https:\/\/tehnomag.md\/ru\/wp-json\/wp\/v2\/product_tag?post=64604"}],"curies":[{"name":"wp","href":"https:\/\/api.w.org\/{rel}","templated":true}]}}