{"id":64576,"date":"2025-06-24T10:03:01","date_gmt":"2025-06-24T10:03:01","guid":{"rendered":"https:\/\/tehnomag.md\/?post_type=product&#038;p=64576"},"modified":"2025-07-19T08:15:28","modified_gmt":"2025-07-19T08:15:28","slug":"tava-de-copt-28-cm-balance-berghoff-3950555","status":"publish","type":"product","link":"https:\/\/tehnomag.md\/ru\/catalog\/vesela\/vase-de-gatit\/forme-de-copt\/tava-de-copt-28-cm-balance-berghoff-3950555\/","title":{"rendered":"Tava de copt 28 cm Balance BergHOFF 3950555"},"content":{"rendered":"<p>Forma de copt detasabila este fabricat\u0103 din o\u021bel carbon \u0219i are \u00een interior o acoperire antiaderent\u0103 modern\u0103 Fernogreen.<br \/>\nPe suprafa\u021ba interioar\u0103 a formei, exist\u0103 marcaje care v\u0103 permit s\u0103 felia\u021bi sau por\u021biona\u021bi produsele coapte perfect uniform.<br \/>\nAcoperirea Fernogreen protejeaz\u0103 forma de coroziune \u0219i previne arderea produselor, din care motiv v\u0103 recomand\u0103m s\u0103 evita\u021bi deterior\u0103rile de orice form\u0103.<br \/>\nSe recomand\u0103 sp\u0103larea manual\u0103. Dup\u0103 sp\u0103lare usca\u021bi vasul cu un prosop.<\/p>\n<p>Dimensiuni: 24 cm<\/p>","protected":false},"excerpt":{"rendered":"<p>Forma de copt detasabila este fabricat\u0103 din o\u021bel carbon \u0219i are \u00een interior o acoperire antiaderent\u0103 modern\u0103 Fernogreen.<br \/>\nPe suprafa\u021ba interioar\u0103 a formei, exist\u0103 marcaje care v\u0103 permit s\u0103 felia\u021bi sau por\u021biona\u021bi produsele coapte perfect uniform.<br \/>\nAcoperirea Fernogreen protejeaz\u0103 forma de coroziune \u0219i previne arderea produselor, din care motiv v\u0103 recomand\u0103m s\u0103 evita\u021bi deterior\u0103rile de orice form\u0103.<br \/>\nSe recomand\u0103 sp\u0103larea manual\u0103. Dup\u0103 sp\u0103lare usca\u021bi vasul cu un prosop.<\/p>\n<p>Dimensiuni: 24 cm<\/p>","protected":false},"featured_media":64627,"template":"","meta":{"_acf_changed":false},"product_brand":[],"product_cat":[8580],"product_tag":[],"class_list":{"0":"post-64576","1":"product","2":"type-product","3":"status-publish","4":"has-post-thumbnail","6":"product_cat-forme-de-copt","8":"first","9":"instock","10":"shipping-taxable","11":"purchasable","12":"product-type-simple"},"acf":[],"_links":{"self":[{"href":"https:\/\/tehnomag.md\/ru\/wp-json\/wp\/v2\/product\/64576","targetHints":{"allow":["GET"]}}],"collection":[{"href":"https:\/\/tehnomag.md\/ru\/wp-json\/wp\/v2\/product"}],"about":[{"href":"https:\/\/tehnomag.md\/ru\/wp-json\/wp\/v2\/types\/product"}],"wp:featuredmedia":[{"embeddable":true,"href":"https:\/\/tehnomag.md\/ru\/wp-json\/wp\/v2\/media\/64627"}],"wp:attachment":[{"href":"https:\/\/tehnomag.md\/ru\/wp-json\/wp\/v2\/media?parent=64576"}],"wp:term":[{"taxonomy":"product_brand","embeddable":true,"href":"https:\/\/tehnomag.md\/ru\/wp-json\/wp\/v2\/product_brand?post=64576"},{"taxonomy":"product_cat","embeddable":true,"href":"https:\/\/tehnomag.md\/ru\/wp-json\/wp\/v2\/product_cat?post=64576"},{"taxonomy":"product_tag","embeddable":true,"href":"https:\/\/tehnomag.md\/ru\/wp-json\/wp\/v2\/product_tag?post=64576"}],"curies":[{"name":"wp","href":"https:\/\/api.w.org\/{rel}","templated":true}]}}