{"id":64565,"date":"2025-06-24T10:03:00","date_gmt":"2025-06-24T10:03:00","guid":{"rendered":"https:\/\/tehnomag.md\/?post_type=product&#038;p=64565"},"modified":"2025-07-19T08:15:27","modified_gmt":"2025-07-19T08:15:27","slug":"tava-de-copt-maestro-mr-1125-20","status":"publish","type":"product","link":"https:\/\/tehnomag.md\/ru\/catalog\/vesela\/vase-de-gatit\/forme-de-copt\/tava-de-copt-maestro-mr-1125-20\/","title":{"rendered":"Tav\u0103 de copt MAESTRO Mr-1125-20"},"content":{"rendered":"<p>Dimensiuni 30\u044526,7\u04454,2 cm<\/p>\n<p>Design ergonomic<br \/>\nPotrivit pentru ma\u015fini de sp\u0103lat vase<br \/>\nMiner de silicon pentru u\u015furin\u0163\u0103 de utilizare<br \/>\nAcoperire intern\u0103 antiderenta din ceramic\u0103<br \/>\nMaterial &#8211; o\u0163el carbon<\/p>","protected":false},"excerpt":{"rendered":"<p>Dimensiuni 30\u044526,7\u04454,2 cm<\/p>\n<p>Design ergonomic<br \/>\nPotrivit pentru ma\u015fini de sp\u0103lat vase<br \/>\nMiner de silicon pentru u\u015furin\u0163\u0103 de utilizare<br \/>\nAcoperire intern\u0103 antiderenta din ceramic\u0103<br \/>\nMaterial &#8211; o\u0163el carbon<\/p>","protected":false},"featured_media":64597,"template":"","meta":{"_acf_changed":false},"product_brand":[],"product_cat":[8580],"product_tag":[],"class_list":{"0":"post-64565","1":"product","2":"type-product","3":"status-publish","4":"has-post-thumbnail","6":"product_cat-forme-de-copt","8":"first","9":"instock","10":"shipping-taxable","11":"purchasable","12":"product-type-simple"},"acf":[],"_links":{"self":[{"href":"https:\/\/tehnomag.md\/ru\/wp-json\/wp\/v2\/product\/64565","targetHints":{"allow":["GET"]}}],"collection":[{"href":"https:\/\/tehnomag.md\/ru\/wp-json\/wp\/v2\/product"}],"about":[{"href":"https:\/\/tehnomag.md\/ru\/wp-json\/wp\/v2\/types\/product"}],"wp:featuredmedia":[{"embeddable":true,"href":"https:\/\/tehnomag.md\/ru\/wp-json\/wp\/v2\/media\/64597"}],"wp:attachment":[{"href":"https:\/\/tehnomag.md\/ru\/wp-json\/wp\/v2\/media?parent=64565"}],"wp:term":[{"taxonomy":"product_brand","embeddable":true,"href":"https:\/\/tehnomag.md\/ru\/wp-json\/wp\/v2\/product_brand?post=64565"},{"taxonomy":"product_cat","embeddable":true,"href":"https:\/\/tehnomag.md\/ru\/wp-json\/wp\/v2\/product_cat?post=64565"},{"taxonomy":"product_tag","embeddable":true,"href":"https:\/\/tehnomag.md\/ru\/wp-json\/wp\/v2\/product_tag?post=64565"}],"curies":[{"name":"wp","href":"https:\/\/api.w.org\/{rel}","templated":true}]}}