{"id":64520,"date":"2025-06-24T10:02:39","date_gmt":"2025-06-24T10:02:39","guid":{"rendered":"https:\/\/tehnomag.md\/?post_type=product&#038;p=64520"},"modified":"2025-07-19T08:15:26","modified_gmt":"2025-07-19T08:15:26","slug":"covoras-din-silicon-maestro-mr1188","status":"publish","type":"product","link":"https:\/\/tehnomag.md\/ru\/catalog\/vesela\/vase-de-gatit\/forme-de-copt\/covoras-din-silicon-maestro-mr1188\/","title":{"rendered":"Covoras din silicon MAESTRO MR1188"},"content":{"rendered":"<p>Design elegant modern<br \/>\nMaterial: silicon<br \/>\nU\u015furin\u0163\u0103 de utilizare<br \/>\nRezisten\u015f\u0103 de lung\u0103 durat\u0103<br \/>\nDimensiune: 38\u044528 \u0441m<\/p>","protected":false},"excerpt":{"rendered":"<p>Design elegant modern<br \/>\nMaterial: silicon<br \/>\nU\u015furin\u0163\u0103 de utilizare<br \/>\nRezisten\u015f\u0103 de lung\u0103 durat\u0103<br \/>\nDimensiune: 38\u044528 \u0441m<\/p>","protected":false},"featured_media":64552,"template":"","meta":{"_acf_changed":false},"product_brand":[],"product_cat":[8580],"product_tag":[],"class_list":{"0":"post-64520","1":"product","2":"type-product","3":"status-publish","4":"has-post-thumbnail","6":"product_cat-forme-de-copt","8":"first","9":"instock","10":"shipping-taxable","11":"purchasable","12":"product-type-simple"},"acf":[],"_links":{"self":[{"href":"https:\/\/tehnomag.md\/ru\/wp-json\/wp\/v2\/product\/64520","targetHints":{"allow":["GET"]}}],"collection":[{"href":"https:\/\/tehnomag.md\/ru\/wp-json\/wp\/v2\/product"}],"about":[{"href":"https:\/\/tehnomag.md\/ru\/wp-json\/wp\/v2\/types\/product"}],"wp:featuredmedia":[{"embeddable":true,"href":"https:\/\/tehnomag.md\/ru\/wp-json\/wp\/v2\/media\/64552"}],"wp:attachment":[{"href":"https:\/\/tehnomag.md\/ru\/wp-json\/wp\/v2\/media?parent=64520"}],"wp:term":[{"taxonomy":"product_brand","embeddable":true,"href":"https:\/\/tehnomag.md\/ru\/wp-json\/wp\/v2\/product_brand?post=64520"},{"taxonomy":"product_cat","embeddable":true,"href":"https:\/\/tehnomag.md\/ru\/wp-json\/wp\/v2\/product_cat?post=64520"},{"taxonomy":"product_tag","embeddable":true,"href":"https:\/\/tehnomag.md\/ru\/wp-json\/wp\/v2\/product_tag?post=64520"}],"curies":[{"name":"wp","href":"https:\/\/api.w.org\/{rel}","templated":true}]}}