{"id":64515,"date":"2025-06-24T10:02:39","date_gmt":"2025-06-24T10:02:39","guid":{"rendered":"https:\/\/tehnomag.md\/?post_type=product&#038;p=64515"},"modified":"2025-07-19T08:15:25","modified_gmt":"2025-07-19T08:15:25","slug":"tava-de-copt-40-5cm-maestro-mr11642-43","status":"publish","type":"product","link":"https:\/\/tehnomag.md\/ru\/catalog\/vesela\/vase-de-gatit\/forme-de-copt\/tava-de-copt-40-5cm-maestro-mr11642-43\/","title":{"rendered":"Tav\u0103 de copt 40.5cm MAESTRO Mr11642-43"},"content":{"rendered":"<p>Dimensiuni 38&#215;26 cm, <\/p>\n<p>Design ergonomic<br \/>\nLips\u0103 de plumb \u0219i cadmiu la producerea glazurii<br \/>\nAbilitatea de a utiliza in masina de spalat vase<br \/>\nEste posibil\u0103 folosirea \u00een rol\u0103, \u00een rola cu microunde \u0219i c\u0103meri frigorifice(excep\u021bie plit\u0103 cu induc\u021bie magnetic\u0103)<br \/>\nDistribuie uniform \u0219i p\u0103streaz\u0103 c\u0103ldura pentru o lung\u0103 perioad\u0103 de timp<br \/>\nCulori disponibile: ro\u0219u, verde, galben<\/p>","protected":false},"excerpt":{"rendered":"<p>Dimensiuni 38&#215;26 cm, <\/p>\n<p>Design ergonomic<br \/>\nLips\u0103 de plumb \u0219i cadmiu la producerea glazurii<br \/>\nAbilitatea de a utiliza in masina de spalat vase<br \/>\nEste posibil\u0103 folosirea \u00een rol\u0103, \u00een rola cu microunde \u0219i c\u0103meri frigorifice(excep\u021bie plit\u0103 cu induc\u021bie magnetic\u0103)<br \/>\nDistribuie uniform \u0219i p\u0103streaz\u0103 c\u0103ldura pentru o lung\u0103 perioad\u0103 de timp<br \/>\nCulori disponibile: ro\u0219u, verde, galben<\/p>","protected":false},"featured_media":64546,"template":"","meta":{"_acf_changed":false},"product_brand":[],"product_cat":[8580],"product_tag":[],"class_list":{"0":"post-64515","1":"product","2":"type-product","3":"status-publish","4":"has-post-thumbnail","6":"product_cat-forme-de-copt","8":"first","9":"instock","10":"shipping-taxable","11":"purchasable","12":"product-type-simple"},"acf":[],"_links":{"self":[{"href":"https:\/\/tehnomag.md\/ru\/wp-json\/wp\/v2\/product\/64515","targetHints":{"allow":["GET"]}}],"collection":[{"href":"https:\/\/tehnomag.md\/ru\/wp-json\/wp\/v2\/product"}],"about":[{"href":"https:\/\/tehnomag.md\/ru\/wp-json\/wp\/v2\/types\/product"}],"wp:featuredmedia":[{"embeddable":true,"href":"https:\/\/tehnomag.md\/ru\/wp-json\/wp\/v2\/media\/64546"}],"wp:attachment":[{"href":"https:\/\/tehnomag.md\/ru\/wp-json\/wp\/v2\/media?parent=64515"}],"wp:term":[{"taxonomy":"product_brand","embeddable":true,"href":"https:\/\/tehnomag.md\/ru\/wp-json\/wp\/v2\/product_brand?post=64515"},{"taxonomy":"product_cat","embeddable":true,"href":"https:\/\/tehnomag.md\/ru\/wp-json\/wp\/v2\/product_cat?post=64515"},{"taxonomy":"product_tag","embeddable":true,"href":"https:\/\/tehnomag.md\/ru\/wp-json\/wp\/v2\/product_tag?post=64515"}],"curies":[{"name":"wp","href":"https:\/\/api.w.org\/{rel}","templated":true}]}}