{"id":64514,"date":"2025-06-24T10:02:38","date_gmt":"2025-06-24T10:02:38","guid":{"rendered":"https:\/\/tehnomag.md\/?post_type=product&#038;p=64514"},"modified":"2025-07-19T08:15:25","modified_gmt":"2025-07-19T08:15:25","slug":"tava-de-copt-6-chec-maestro-mr1128-6","status":"publish","type":"product","link":"https:\/\/tehnomag.md\/ru\/catalog\/vesela\/vase-de-gatit\/forme-de-copt\/tava-de-copt-6-chec-maestro-mr1128-6\/","title":{"rendered":"Tav\u0103 de copt  6 chec MAESTRO Mr1128-6"},"content":{"rendered":"<p>Dimensiuni 40\u044527\u04454.5 cm<\/p>\n<p>Design ergonomic<br \/>\nPotrivit pentru ma\u015fini de sp\u0103lat vase<br \/>\nMiner de silicon pentru u\u015furin\u0163\u0103 de utilizare<br \/>\nAcoperire intern\u0103 antiderenta din ceramic\u0103<br \/>\nMaterial &#8211; o\u0163el carbon<\/p>","protected":false},"excerpt":{"rendered":"<p>Dimensiuni 40\u044527\u04454.5 cm<\/p>\n<p>Design ergonomic<br \/>\nPotrivit pentru ma\u015fini de sp\u0103lat vase<br \/>\nMiner de silicon pentru u\u015furin\u0163\u0103 de utilizare<br \/>\nAcoperire intern\u0103 antiderenta din ceramic\u0103<br \/>\nMaterial &#8211; o\u0163el carbon<\/p>","protected":false},"featured_media":64545,"template":"","meta":{"_acf_changed":false},"product_brand":[],"product_cat":[8580],"product_tag":[],"class_list":{"0":"post-64514","1":"product","2":"type-product","3":"status-publish","4":"has-post-thumbnail","6":"product_cat-forme-de-copt","8":"first","9":"instock","10":"shipping-taxable","11":"purchasable","12":"product-type-simple"},"acf":[],"_links":{"self":[{"href":"https:\/\/tehnomag.md\/ru\/wp-json\/wp\/v2\/product\/64514","targetHints":{"allow":["GET"]}}],"collection":[{"href":"https:\/\/tehnomag.md\/ru\/wp-json\/wp\/v2\/product"}],"about":[{"href":"https:\/\/tehnomag.md\/ru\/wp-json\/wp\/v2\/types\/product"}],"wp:featuredmedia":[{"embeddable":true,"href":"https:\/\/tehnomag.md\/ru\/wp-json\/wp\/v2\/media\/64545"}],"wp:attachment":[{"href":"https:\/\/tehnomag.md\/ru\/wp-json\/wp\/v2\/media?parent=64514"}],"wp:term":[{"taxonomy":"product_brand","embeddable":true,"href":"https:\/\/tehnomag.md\/ru\/wp-json\/wp\/v2\/product_brand?post=64514"},{"taxonomy":"product_cat","embeddable":true,"href":"https:\/\/tehnomag.md\/ru\/wp-json\/wp\/v2\/product_cat?post=64514"},{"taxonomy":"product_tag","embeddable":true,"href":"https:\/\/tehnomag.md\/ru\/wp-json\/wp\/v2\/product_tag?post=64514"}],"curies":[{"name":"wp","href":"https:\/\/api.w.org\/{rel}","templated":true}]}}