{"id":64503,"date":"2025-06-24T10:02:37","date_gmt":"2025-06-24T10:02:37","guid":{"rendered":"https:\/\/tehnomag.md\/?post_type=product&#038;p=64503"},"modified":"2025-07-19T08:15:24","modified_gmt":"2025-07-19T08:15:24","slug":"tava-de-copt-maestro-mr-1101-25","status":"publish","type":"product","link":"https:\/\/tehnomag.md\/ru\/catalog\/vesela\/vase-de-gatit\/forme-de-copt\/tava-de-copt-maestro-mr-1101-25\/","title":{"rendered":"Tav\u0103 de copt MAESTRO Mr-1101-25"},"content":{"rendered":"<p>Dimensiuni  25\u044510,5 cm<\/p>\n<p>otrivit pentru ma\u015fini de sp\u0103lat vase<br \/>\n\u00cenveli\u015f anti-aderent , pentru o utilizare \u015fi \u00eentre\u0163inere u\u015foar\u0103<br \/>\nMaterial &#8211; o\u0163el carbon<\/p>","protected":false},"excerpt":{"rendered":"<p>Dimensiuni  25\u044510,5 cm<\/p>\n<p>otrivit pentru ma\u015fini de sp\u0103lat vase<br \/>\n\u00cenveli\u015f anti-aderent , pentru o utilizare \u015fi \u00eentre\u0163inere u\u015foar\u0103<br \/>\nMaterial &#8211; o\u0163el carbon<\/p>","protected":false},"featured_media":64534,"template":"","meta":{"_acf_changed":false},"product_brand":[],"product_cat":[8580],"product_tag":[],"class_list":{"0":"post-64503","1":"product","2":"type-product","3":"status-publish","4":"has-post-thumbnail","6":"product_cat-forme-de-copt","8":"first","9":"instock","10":"shipping-taxable","11":"purchasable","12":"product-type-simple"},"acf":[],"_links":{"self":[{"href":"https:\/\/tehnomag.md\/ru\/wp-json\/wp\/v2\/product\/64503","targetHints":{"allow":["GET"]}}],"collection":[{"href":"https:\/\/tehnomag.md\/ru\/wp-json\/wp\/v2\/product"}],"about":[{"href":"https:\/\/tehnomag.md\/ru\/wp-json\/wp\/v2\/types\/product"}],"wp:featuredmedia":[{"embeddable":true,"href":"https:\/\/tehnomag.md\/ru\/wp-json\/wp\/v2\/media\/64534"}],"wp:attachment":[{"href":"https:\/\/tehnomag.md\/ru\/wp-json\/wp\/v2\/media?parent=64503"}],"wp:term":[{"taxonomy":"product_brand","embeddable":true,"href":"https:\/\/tehnomag.md\/ru\/wp-json\/wp\/v2\/product_brand?post=64503"},{"taxonomy":"product_cat","embeddable":true,"href":"https:\/\/tehnomag.md\/ru\/wp-json\/wp\/v2\/product_cat?post=64503"},{"taxonomy":"product_tag","embeddable":true,"href":"https:\/\/tehnomag.md\/ru\/wp-json\/wp\/v2\/product_tag?post=64503"}],"curies":[{"name":"wp","href":"https:\/\/api.w.org\/{rel}","templated":true}]}}