{"id":64500,"date":"2025-06-24T10:02:37","date_gmt":"2025-06-24T10:02:37","guid":{"rendered":"https:\/\/tehnomag.md\/?post_type=product&#038;p=64500"},"modified":"2025-07-19T08:15:24","modified_gmt":"2025-07-19T08:15:24","slug":"set-tigai-3buc-202428cm-helix-berghoff-1315084","status":"publish","type":"product","link":"https:\/\/tehnomag.md\/ru\/catalog\/vesela\/vase-de-gatit\/tigai\/set-tigai-3buc-202428cm-helix-berghoff-1315084\/","title":{"rendered":"Set tigai 3buc 20,24,28cm Helix BergHOFF 1315084"},"content":{"rendered":"<p>Set de tigaie Helix <\/p>\n<p>Fabricate din aluminiu reciclat, aceste tig\u0103i de 20 cm \u0219i 24, 28 cm sunt ideale pentru preg\u0103tirea micului dejun sau a cinei.<br \/>\nCorpul din aluminiu reciclat asigur\u0103 o distribu\u021bie uniform\u0103 a c\u0103ldurii, iar stratul ceramic antiaderent CeraGreen de \u00eenalt\u0103 calitate face tigaia practic f\u0103r\u0103 ulei \u0219i u\u0219or de cur\u0103\u021bat.<br \/>\nTigaia este potrivit\u0103 pentru toate tipurile de aragaz, inclusiv cu induc\u021bie. Setul este completat de o palet\u0103 Leo Balance din plastic reciclat.<\/p>","protected":false},"excerpt":{"rendered":"<p>Set de tigaie Helix <\/p>\n<p>Fabricate din aluminiu reciclat, aceste tig\u0103i de 20 cm \u0219i 24, 28 cm sunt ideale pentru preg\u0103tirea micului dejun sau a cinei.<br \/>\nCorpul din aluminiu reciclat asigur\u0103 o distribu\u021bie uniform\u0103 a c\u0103ldurii, iar stratul ceramic antiaderent CeraGreen de \u00eenalt\u0103 calitate face tigaia practic f\u0103r\u0103 ulei \u0219i u\u0219or de cur\u0103\u021bat.<br \/>\nTigaia este potrivit\u0103 pentru toate tipurile de aragaz, inclusiv cu induc\u021bie. Setul este completat de o palet\u0103 Leo Balance din plastic reciclat.<\/p>","protected":false},"featured_media":64530,"template":"","meta":{"_acf_changed":false},"product_brand":[],"product_cat":[8579],"product_tag":[],"class_list":{"0":"post-64500","1":"product","2":"type-product","3":"status-publish","4":"has-post-thumbnail","6":"product_cat-tigai","8":"first","9":"instock","10":"shipping-taxable","11":"purchasable","12":"product-type-simple"},"acf":[],"_links":{"self":[{"href":"https:\/\/tehnomag.md\/ru\/wp-json\/wp\/v2\/product\/64500","targetHints":{"allow":["GET"]}}],"collection":[{"href":"https:\/\/tehnomag.md\/ru\/wp-json\/wp\/v2\/product"}],"about":[{"href":"https:\/\/tehnomag.md\/ru\/wp-json\/wp\/v2\/types\/product"}],"wp:featuredmedia":[{"embeddable":true,"href":"https:\/\/tehnomag.md\/ru\/wp-json\/wp\/v2\/media\/64530"}],"wp:attachment":[{"href":"https:\/\/tehnomag.md\/ru\/wp-json\/wp\/v2\/media?parent=64500"}],"wp:term":[{"taxonomy":"product_brand","embeddable":true,"href":"https:\/\/tehnomag.md\/ru\/wp-json\/wp\/v2\/product_brand?post=64500"},{"taxonomy":"product_cat","embeddable":true,"href":"https:\/\/tehnomag.md\/ru\/wp-json\/wp\/v2\/product_cat?post=64500"},{"taxonomy":"product_tag","embeddable":true,"href":"https:\/\/tehnomag.md\/ru\/wp-json\/wp\/v2\/product_tag?post=64500"}],"curies":[{"name":"wp","href":"https:\/\/api.w.org\/{rel}","templated":true}]}}