{"id":64499,"date":"2025-06-24T10:02:37","date_gmt":"2025-06-24T10:02:37","guid":{"rendered":"https:\/\/tehnomag.md\/?post_type=product&#038;p=64499"},"modified":"2025-07-19T08:15:24","modified_gmt":"2025-07-19T08:15:24","slug":"tigaie-cu-capac-28cm-berghoff-4491001","status":"publish","type":"product","link":"https:\/\/tehnomag.md\/ru\/catalog\/vesela\/vase-de-gatit\/tigai\/tigaie-cu-capac-28cm-berghoff-4491001\/","title":{"rendered":"Tigaie cu capac 28cm  BergHOFF 4491001"},"content":{"rendered":"<p>Acoperire durabil\u0103 a fundului: rezisten\u021b\u0103 maxim\u0103 la zg\u00e2rieturi \u0219i abraziune (excep\u021bie: zg\u00e2rieturi cauzate de utilizarea frecvent\u0103 a uneltelor metalice de buc\u0103t\u0103rie).<br \/>\nCorpul produsului este fabricat din aluminiu turnat sub presiune, care garanteaz\u0103 economia de energie \u0219i distribu\u021bia rapid\u0103, uniform\u0103 a energiei termice pe \u00eentreaga suprafa\u021b\u0103 fundului.<br \/>\nPotrivit pentru prepararea alimentelor s\u0103n\u0103toase prin fierbere (cu ad\u0103ugarea unei cantit\u0103\u021bi minime de ap\u0103 sau f\u0103r\u0103) sau pr\u0103jire (f\u0103r\u0103 unt sau ulei), p\u0103str\u00e2nd \u00een acela\u0219i timp vitaminele, mineralele, gustul \u0219i aroma natural\u0103 a ingredientelor.<br \/>\nU\u0219or de cur\u0103\u021bat (cu un prosop de h\u00e2rtie sau o c\u00e2rp\u0103 umed\u0103).<br \/>\nFabricat\u0103 din aluminiu turnat sub presiune pentru a asigura economia de energie \u0219i o distribu\u021bie rapid\u0103 \u0219i uniform\u0103 a c\u0103ldurii.<br \/>\nPotrivit pentru toate tipurile de suprafe\u021be de g\u0103tit: aragaz, plit\u0103 electric\u0103, inclusiv cele cu suprafa\u021b\u0103 solid\u0103 sau sistem de \u00eenc\u0103lzire prin radia\u021bii, vitroceramic\u0103 \u0219i cu induc\u021bie.<\/p>\n<p>&#8211; Material &#8211; o\u021bel inoxidabil<br \/>\n&#8211; Acoperire rezistent\u0103 la temperaturi \u00eenalte<br \/>\n&#8211; Acoperire antiaderenta<br \/>\n&#8211; M\u00e2nerele elegante din o\u021bel inoxidabil<br \/>\n&#8211; Finisaj de tip oglind\u0103<br \/>\n&#8211; Potrivit pentru toate tipurile de suprafe\u021be de g\u0103tit<\/p>\n<p>Diametru: 28 cm<br \/>\n4,2 litri<\/p>","protected":false},"excerpt":{"rendered":"<p>Acoperire durabil\u0103 a fundului: rezisten\u021b\u0103 maxim\u0103 la zg\u00e2rieturi \u0219i abraziune (excep\u021bie: zg\u00e2rieturi cauzate de utilizarea frecvent\u0103 a uneltelor metalice de buc\u0103t\u0103rie).<br \/>\nCorpul produsului este fabricat din aluminiu turnat sub presiune, care garanteaz\u0103 economia de energie \u0219i distribu\u021bia rapid\u0103, uniform\u0103 a energiei termice pe \u00eentreaga suprafa\u021b\u0103 fundului.<br \/>\nPotrivit pentru prepararea alimentelor s\u0103n\u0103toase prin fierbere (cu ad\u0103ugarea unei cantit\u0103\u021bi minime de ap\u0103 sau f\u0103r\u0103) sau pr\u0103jire (f\u0103r\u0103 unt sau ulei), p\u0103str\u00e2nd \u00een acela\u0219i timp vitaminele, mineralele, gustul \u0219i aroma natural\u0103 a ingredientelor.<br \/>\nU\u0219or de cur\u0103\u021bat (cu un prosop de h\u00e2rtie sau o c\u00e2rp\u0103 umed\u0103).<br \/>\nFabricat\u0103 din aluminiu turnat sub presiune pentru a asigura economia de energie \u0219i o distribu\u021bie rapid\u0103 \u0219i uniform\u0103 a c\u0103ldurii.<br \/>\nPotrivit pentru toate tipurile de suprafe\u021be de g\u0103tit: aragaz, plit\u0103 electric\u0103, inclusiv cele cu suprafa\u021b\u0103 solid\u0103 sau sistem de \u00eenc\u0103lzire prin radia\u021bii, vitroceramic\u0103 \u0219i cu induc\u021bie.<\/p>\n<p>&#8211; Material &#8211; o\u021bel inoxidabil<br \/>\n&#8211; Acoperire rezistent\u0103 la temperaturi \u00eenalte<br \/>\n&#8211; Acoperire antiaderenta<br \/>\n&#8211; M\u00e2nerele elegante din o\u021bel inoxidabil<br \/>\n&#8211; Finisaj de tip oglind\u0103<br \/>\n&#8211; Potrivit pentru toate tipurile de suprafe\u021be de g\u0103tit<\/p>\n<p>Diametru: 28 cm<br \/>\n4,2 litri<\/p>","protected":false},"featured_media":64528,"template":"","meta":{"_acf_changed":false},"product_brand":[],"product_cat":[8579],"product_tag":[],"class_list":{"0":"post-64499","1":"product","2":"type-product","3":"status-publish","4":"has-post-thumbnail","6":"product_cat-tigai","8":"first","9":"instock","10":"shipping-taxable","11":"purchasable","12":"product-type-simple"},"acf":[],"_links":{"self":[{"href":"https:\/\/tehnomag.md\/ru\/wp-json\/wp\/v2\/product\/64499","targetHints":{"allow":["GET"]}}],"collection":[{"href":"https:\/\/tehnomag.md\/ru\/wp-json\/wp\/v2\/product"}],"about":[{"href":"https:\/\/tehnomag.md\/ru\/wp-json\/wp\/v2\/types\/product"}],"wp:featuredmedia":[{"embeddable":true,"href":"https:\/\/tehnomag.md\/ru\/wp-json\/wp\/v2\/media\/64528"}],"wp:attachment":[{"href":"https:\/\/tehnomag.md\/ru\/wp-json\/wp\/v2\/media?parent=64499"}],"wp:term":[{"taxonomy":"product_brand","embeddable":true,"href":"https:\/\/tehnomag.md\/ru\/wp-json\/wp\/v2\/product_brand?post=64499"},{"taxonomy":"product_cat","embeddable":true,"href":"https:\/\/tehnomag.md\/ru\/wp-json\/wp\/v2\/product_cat?post=64499"},{"taxonomy":"product_tag","embeddable":true,"href":"https:\/\/tehnomag.md\/ru\/wp-json\/wp\/v2\/product_tag?post=64499"}],"curies":[{"name":"wp","href":"https:\/\/api.w.org\/{rel}","templated":true}]}}