{"id":64496,"date":"2025-06-24T10:02:37","date_gmt":"2025-06-24T10:02:37","guid":{"rendered":"https:\/\/tehnomag.md\/?post_type=product&#038;p=64496"},"modified":"2025-07-19T08:15:23","modified_gmt":"2025-07-19T08:15:23","slug":"tigaie-24cm-1-85l-glints-spirit-berghoff-3950604","status":"publish","type":"product","link":"https:\/\/tehnomag.md\/ru\/catalog\/vesela\/vase-de-gatit\/tigai\/tigaie-24cm-1-85l-glints-spirit-berghoff-3950604\/","title":{"rendered":"Tigaie 24cm 1.85L Glints Spirit BergHOFF 3950604"},"content":{"rendered":"<p>Tigaie din seria LEO este o unealt\u0103 f\u0103r\u0103 precedent, prezentat\u0103 de compania BergHOFF la expozi\u021bia Ambiente 2023.<\/p>\n<p>\u00cen cazul \u00een care v\u0103 g\u00e2ndi\u021bi s\u0103 prepara\u021bi un risotto delicios, s\u0103 face\u021bi o paella savuroas\u0103 sau s\u0103 pr\u0103ji\u021bi legume la cin\u0103,<br \/>\ndar nu dori\u021bi s\u0103 pierde\u021bi timp cu sp\u0103latul vaselor, acoperirea special\u0103 a acestei tig\u0103i v\u0103 va scuti de orice griji \u00een acest sens.<\/p>\n<p>Corpul din aluminiu asigur\u0103 o distribu\u021bie rapid\u0103 \u0219i uniform\u0103 a c\u0103ldurii pe orice tip de suprafa\u021b\u0103 de g\u0103tit, inclusiv cu induc\u021bie.<br \/>\nTigaia este acoperit\u0103 cu un strat antiaderent de \u00eenalt\u0103 calitate, care nu doar permite s\u0103 g\u0103ti\u021bi practic f\u0103r\u0103 ulei, dar este \u0219i u\u0219or de cur\u0103\u021bat.<br \/>\nAlt plus \u00eel constituie faptul c\u0103 m\u00e2nerul nu se \u00eenc\u0103lze\u0219te.<\/p>\n<p>Dimensiuni: 24 cm.<\/p>","protected":false},"excerpt":{"rendered":"<p>Tigaie din seria LEO este o unealt\u0103 f\u0103r\u0103 precedent, prezentat\u0103 de compania BergHOFF la expozi\u021bia Ambiente 2023.<\/p>\n<p>\u00cen cazul \u00een care v\u0103 g\u00e2ndi\u021bi s\u0103 prepara\u021bi un risotto delicios, s\u0103 face\u021bi o paella savuroas\u0103 sau s\u0103 pr\u0103ji\u021bi legume la cin\u0103,<br \/>\ndar nu dori\u021bi s\u0103 pierde\u021bi timp cu sp\u0103latul vaselor, acoperirea special\u0103 a acestei tig\u0103i v\u0103 va scuti de orice griji \u00een acest sens.<\/p>\n<p>Corpul din aluminiu asigur\u0103 o distribu\u021bie rapid\u0103 \u0219i uniform\u0103 a c\u0103ldurii pe orice tip de suprafa\u021b\u0103 de g\u0103tit, inclusiv cu induc\u021bie.<br \/>\nTigaia este acoperit\u0103 cu un strat antiaderent de \u00eenalt\u0103 calitate, care nu doar permite s\u0103 g\u0103ti\u021bi practic f\u0103r\u0103 ulei, dar este \u0219i u\u0219or de cur\u0103\u021bat.<br \/>\nAlt plus \u00eel constituie faptul c\u0103 m\u00e2nerul nu se \u00eenc\u0103lze\u0219te.<\/p>\n<p>Dimensiuni: 24 cm.<\/p>","protected":false},"featured_media":64525,"template":"","meta":{"_acf_changed":false},"product_brand":[],"product_cat":[8579],"product_tag":[],"class_list":{"0":"post-64496","1":"product","2":"type-product","3":"status-publish","4":"has-post-thumbnail","6":"product_cat-tigai","8":"first","9":"instock","10":"shipping-taxable","11":"purchasable","12":"product-type-simple"},"acf":[],"_links":{"self":[{"href":"https:\/\/tehnomag.md\/ru\/wp-json\/wp\/v2\/product\/64496","targetHints":{"allow":["GET"]}}],"collection":[{"href":"https:\/\/tehnomag.md\/ru\/wp-json\/wp\/v2\/product"}],"about":[{"href":"https:\/\/tehnomag.md\/ru\/wp-json\/wp\/v2\/types\/product"}],"wp:featuredmedia":[{"embeddable":true,"href":"https:\/\/tehnomag.md\/ru\/wp-json\/wp\/v2\/media\/64525"}],"wp:attachment":[{"href":"https:\/\/tehnomag.md\/ru\/wp-json\/wp\/v2\/media?parent=64496"}],"wp:term":[{"taxonomy":"product_brand","embeddable":true,"href":"https:\/\/tehnomag.md\/ru\/wp-json\/wp\/v2\/product_brand?post=64496"},{"taxonomy":"product_cat","embeddable":true,"href":"https:\/\/tehnomag.md\/ru\/wp-json\/wp\/v2\/product_cat?post=64496"},{"taxonomy":"product_tag","embeddable":true,"href":"https:\/\/tehnomag.md\/ru\/wp-json\/wp\/v2\/product_tag?post=64496"}],"curies":[{"name":"wp","href":"https:\/\/api.w.org\/{rel}","templated":true}]}}