{"id":64494,"date":"2025-06-24T10:02:36","date_gmt":"2025-06-24T10:02:36","guid":{"rendered":"https:\/\/tehnomag.md\/?post_type=product&#038;p=64494"},"modified":"2025-07-19T08:15:22","modified_gmt":"2025-07-19T08:15:22","slug":"tigaie-wok-30cm-leo-forest-berghoff-3950395","status":"publish","type":"product","link":"https:\/\/tehnomag.md\/ru\/catalog\/vesela\/vase-de-gatit\/tigai\/tigaie-wok-30cm-leo-forest-berghoff-3950395\/","title":{"rendered":"Tigaie-WOK   30cm Leo Forest BergHOFF 3950395"},"content":{"rendered":"<p>Tigaie wok Helix 30 cm<\/p>\n<p>Preg\u0103ti\u021bi m\u00e2nc\u0103ruri delicioase pentru familia dvs. cu acest wok de 30 cm Fabricat din o\u021bel inoxidabil reciclat de \u00eenalt\u0103 calitate, cu un finisaj elegant \u00een oglind\u0103, wok-ul este potrivit pentru toate tipurile de plite, inclusiv cu induc\u021bie, \u0219i dispune de un fund de capsul\u0103 pentru o distribu\u021bie rapid\u0103 \u0219i uniform\u0103 a c\u0103ldurii.<\/p>\n<p>Dup\u0103 utilizare, wok-ul poate fi pur \u0219i simplu plasat \u00een ma\u0219ina de sp\u0103lat vase pentru o cur\u0103\u021bare u\u0219oar\u0103.<\/p>\n<p>Dimensiuni: 30 cm.<br \/>\nVolum: 5,3 litri.<\/p>","protected":false},"excerpt":{"rendered":"<p>Tigaie wok Helix 30 cm<\/p>\n<p>Preg\u0103ti\u021bi m\u00e2nc\u0103ruri delicioase pentru familia dvs. cu acest wok de 30 cm Fabricat din o\u021bel inoxidabil reciclat de \u00eenalt\u0103 calitate, cu un finisaj elegant \u00een oglind\u0103, wok-ul este potrivit pentru toate tipurile de plite, inclusiv cu induc\u021bie, \u0219i dispune de un fund de capsul\u0103 pentru o distribu\u021bie rapid\u0103 \u0219i uniform\u0103 a c\u0103ldurii.<\/p>\n<p>Dup\u0103 utilizare, wok-ul poate fi pur \u0219i simplu plasat \u00een ma\u0219ina de sp\u0103lat vase pentru o cur\u0103\u021bare u\u0219oar\u0103.<\/p>\n<p>Dimensiuni: 30 cm.<br \/>\nVolum: 5,3 litri.<\/p>","protected":false},"featured_media":0,"template":"","meta":{"_acf_changed":false},"product_brand":[],"product_cat":[8579],"product_tag":[],"class_list":{"0":"post-64494","1":"product","2":"type-product","3":"status-publish","5":"product_cat-tigai","7":"first","8":"instock","9":"shipping-taxable","10":"purchasable","11":"product-type-simple"},"acf":[],"_links":{"self":[{"href":"https:\/\/tehnomag.md\/ru\/wp-json\/wp\/v2\/product\/64494","targetHints":{"allow":["GET"]}}],"collection":[{"href":"https:\/\/tehnomag.md\/ru\/wp-json\/wp\/v2\/product"}],"about":[{"href":"https:\/\/tehnomag.md\/ru\/wp-json\/wp\/v2\/types\/product"}],"wp:attachment":[{"href":"https:\/\/tehnomag.md\/ru\/wp-json\/wp\/v2\/media?parent=64494"}],"wp:term":[{"taxonomy":"product_brand","embeddable":true,"href":"https:\/\/tehnomag.md\/ru\/wp-json\/wp\/v2\/product_brand?post=64494"},{"taxonomy":"product_cat","embeddable":true,"href":"https:\/\/tehnomag.md\/ru\/wp-json\/wp\/v2\/product_cat?post=64494"},{"taxonomy":"product_tag","embeddable":true,"href":"https:\/\/tehnomag.md\/ru\/wp-json\/wp\/v2\/product_tag?post=64494"}],"curies":[{"name":"wp","href":"https:\/\/api.w.org\/{rel}","templated":true}]}}