{"id":64492,"date":"2025-06-24T10:02:36","date_gmt":"2025-06-24T10:02:36","guid":{"rendered":"https:\/\/tehnomag.md\/?post_type=product&#038;p=64492"},"modified":"2025-07-19T08:15:22","modified_gmt":"2025-07-19T08:15:22","slug":"tigaie-24cm-2-2-l-helix-berghoff-1315083","status":"publish","type":"product","link":"https:\/\/tehnomag.md\/ru\/catalog\/vesela\/vase-de-gatit\/tigai\/tigaie-24cm-2-2-l-helix-berghoff-1315083\/","title":{"rendered":"Tigaie  24cm 2.2 L Helix  BergHOFF 1315083"},"content":{"rendered":"<p>Tigaie gratar cu invelis antiaderent Grafit 28cm<\/p>\n<p>C\u00e2teva fripturi perfect g\u0103tite, fileuri de pe\u0219te sau o varietate de legume &#8211; cu aceast\u0103 tigaie gr\u0103tar cu diametrul de 28 cm nu ar putea fi mai u\u0219or! Fabricat\u0103 din aluminiu durabil, dar u\u0219or, 100% reciclat, aceast\u0103 tigaie este eficient\u0103 din punct de vedere energetic pe orice plit\u0103 \u0219i cuptor, rezistent\u0103 p\u00e2n\u0103 la 230\u00b0C.<\/p>\n<p>Liniile ridicate ale gr\u0103tarului las\u0103 urme tipice ale gr\u0103tarului \u0219i permit gr\u0103simii \u0219i umezelii s\u0103 scape cu u\u0219urin\u021b\u0103, rezult\u00e2nd o crust\u0103 crocant\u0103. Un bonus suplimentar este acoperirea ceramic\u0103 antiaderent\u0103 de \u00eenalt\u0103 calitate, durabil\u0103 \u0219i ecologic\u0103, care asigur\u0103 eliberarea u\u0219oar\u0103 a alimentelor \u0219i face cur\u0103\u021barea u\u0219oar\u0103.<\/p>","protected":false},"excerpt":{"rendered":"<p>Tigaie gratar cu invelis antiaderent Grafit 28cm<\/p>\n<p>C\u00e2teva fripturi perfect g\u0103tite, fileuri de pe\u0219te sau o varietate de legume &#8211; cu aceast\u0103 tigaie gr\u0103tar cu diametrul de 28 cm nu ar putea fi mai u\u0219or! Fabricat\u0103 din aluminiu durabil, dar u\u0219or, 100% reciclat, aceast\u0103 tigaie este eficient\u0103 din punct de vedere energetic pe orice plit\u0103 \u0219i cuptor, rezistent\u0103 p\u00e2n\u0103 la 230\u00b0C.<\/p>\n<p>Liniile ridicate ale gr\u0103tarului las\u0103 urme tipice ale gr\u0103tarului \u0219i permit gr\u0103simii \u0219i umezelii s\u0103 scape cu u\u0219urin\u021b\u0103, rezult\u00e2nd o crust\u0103 crocant\u0103. Un bonus suplimentar este acoperirea ceramic\u0103 antiaderent\u0103 de \u00eenalt\u0103 calitate, durabil\u0103 \u0219i ecologic\u0103, care asigur\u0103 eliberarea u\u0219oar\u0103 a alimentelor \u0219i face cur\u0103\u021barea u\u0219oar\u0103.<\/p>","protected":false},"featured_media":64522,"template":"","meta":{"_acf_changed":false},"product_brand":[],"product_cat":[8579],"product_tag":[],"class_list":{"0":"post-64492","1":"product","2":"type-product","3":"status-publish","4":"has-post-thumbnail","6":"product_cat-tigai","8":"first","9":"instock","10":"shipping-taxable","11":"purchasable","12":"product-type-simple"},"acf":[],"_links":{"self":[{"href":"https:\/\/tehnomag.md\/ru\/wp-json\/wp\/v2\/product\/64492","targetHints":{"allow":["GET"]}}],"collection":[{"href":"https:\/\/tehnomag.md\/ru\/wp-json\/wp\/v2\/product"}],"about":[{"href":"https:\/\/tehnomag.md\/ru\/wp-json\/wp\/v2\/types\/product"}],"wp:featuredmedia":[{"embeddable":true,"href":"https:\/\/tehnomag.md\/ru\/wp-json\/wp\/v2\/media\/64522"}],"wp:attachment":[{"href":"https:\/\/tehnomag.md\/ru\/wp-json\/wp\/v2\/media?parent=64492"}],"wp:term":[{"taxonomy":"product_brand","embeddable":true,"href":"https:\/\/tehnomag.md\/ru\/wp-json\/wp\/v2\/product_brand?post=64492"},{"taxonomy":"product_cat","embeddable":true,"href":"https:\/\/tehnomag.md\/ru\/wp-json\/wp\/v2\/product_cat?post=64492"},{"taxonomy":"product_tag","embeddable":true,"href":"https:\/\/tehnomag.md\/ru\/wp-json\/wp\/v2\/product_tag?post=64492"}],"curies":[{"name":"wp","href":"https:\/\/api.w.org\/{rel}","templated":true}]}}