{"id":64445,"date":"2025-06-24T10:02:13","date_gmt":"2025-06-24T10:02:13","guid":{"rendered":"https:\/\/tehnomag.md\/?post_type=product&#038;p=64445"},"modified":"2025-07-19T08:15:21","modified_gmt":"2025-07-19T08:15:21","slug":"tigaie-gril-helix-26cm-berghoff-1315092","status":"publish","type":"product","link":"https:\/\/tehnomag.md\/ru\/catalog\/vesela\/vase-de-gatit\/tigai\/tigaie-gril-helix-26cm-berghoff-1315092\/","title":{"rendered":"Tigaie gril  HELIX  26cm  BergHOFF 1315092"},"content":{"rendered":"<p>Descriere<br \/>\nTigaie gratar cu invelis antiaderent Helix 26 cm<br \/>\nC\u00e2teva fripturi perfect g\u0103tite, fileuri de pe\u0219te sau o varietate de legume &#8211; cu aceast\u0103 tigaie gr\u0103tar cu diametrul de 26 cm nu ar putea fi mai u\u0219or! Fabricat\u0103 din aluminiu durabil, dar u\u0219or, 100% reciclat, aceast\u0103 tigaie este eficient\u0103 din punct de vedere energetic pe orice plit\u0103 \u0219i cuptor, rezistent\u0103 p\u00e2n\u0103 la 230\u00b0C.<br \/>\nLiniile ridicate ale gr\u0103tarului las\u0103 urme tipice ale gr\u0103tarului \u0219i permit gr\u0103simii \u0219i umezelii s\u0103 scape cu u\u0219urin\u021b\u0103, rezult\u00e2nd o crust\u0103 crocant\u0103. Un bonus suplimentar este acoperirea ceramic\u0103 antiaderent\u0103 de \u00eenalt\u0103 calitate, durabil\u0103 \u0219i ecologic\u0103, care asigur\u0103 eliberarea u\u0219oar\u0103 a alimentelor \u0219i face cur\u0103\u021barea u\u0219oar\u0103.<\/p>\n<p>Diametru: 26 cm<br \/>\nVolum: 2 litri<\/p>","protected":false},"excerpt":{"rendered":"<p>Descriere<br \/>\nTigaie gratar cu invelis antiaderent Helix 26 cm<br \/>\nC\u00e2teva fripturi perfect g\u0103tite, fileuri de pe\u0219te sau o varietate de legume &#8211; cu aceast\u0103 tigaie gr\u0103tar cu diametrul de 26 cm nu ar putea fi mai u\u0219or! Fabricat\u0103 din aluminiu durabil, dar u\u0219or, 100% reciclat, aceast\u0103 tigaie este eficient\u0103 din punct de vedere energetic pe orice plit\u0103 \u0219i cuptor, rezistent\u0103 p\u00e2n\u0103 la 230\u00b0C.<br \/>\nLiniile ridicate ale gr\u0103tarului las\u0103 urme tipice ale gr\u0103tarului \u0219i permit gr\u0103simii \u0219i umezelii s\u0103 scape cu u\u0219urin\u021b\u0103, rezult\u00e2nd o crust\u0103 crocant\u0103. Un bonus suplimentar este acoperirea ceramic\u0103 antiaderent\u0103 de \u00eenalt\u0103 calitate, durabil\u0103 \u0219i ecologic\u0103, care asigur\u0103 eliberarea u\u0219oar\u0103 a alimentelor \u0219i face cur\u0103\u021barea u\u0219oar\u0103.<\/p>\n<p>Diametru: 26 cm<br \/>\nVolum: 2 litri<\/p>","protected":false},"featured_media":0,"template":"","meta":{"_acf_changed":false},"product_brand":[],"product_cat":[8579],"product_tag":[],"class_list":{"0":"post-64445","1":"product","2":"type-product","3":"status-publish","5":"product_cat-tigai","7":"first","8":"instock","9":"shipping-taxable","10":"purchasable","11":"product-type-simple"},"acf":[],"_links":{"self":[{"href":"https:\/\/tehnomag.md\/ru\/wp-json\/wp\/v2\/product\/64445","targetHints":{"allow":["GET"]}}],"collection":[{"href":"https:\/\/tehnomag.md\/ru\/wp-json\/wp\/v2\/product"}],"about":[{"href":"https:\/\/tehnomag.md\/ru\/wp-json\/wp\/v2\/types\/product"}],"wp:attachment":[{"href":"https:\/\/tehnomag.md\/ru\/wp-json\/wp\/v2\/media?parent=64445"}],"wp:term":[{"taxonomy":"product_brand","embeddable":true,"href":"https:\/\/tehnomag.md\/ru\/wp-json\/wp\/v2\/product_brand?post=64445"},{"taxonomy":"product_cat","embeddable":true,"href":"https:\/\/tehnomag.md\/ru\/wp-json\/wp\/v2\/product_cat?post=64445"},{"taxonomy":"product_tag","embeddable":true,"href":"https:\/\/tehnomag.md\/ru\/wp-json\/wp\/v2\/product_tag?post=64445"}],"curies":[{"name":"wp","href":"https:\/\/api.w.org\/{rel}","templated":true}]}}