{"id":64441,"date":"2025-06-24T10:02:13","date_gmt":"2025-06-24T10:02:13","guid":{"rendered":"https:\/\/tehnomag.md\/?post_type=product&#038;p=64441"},"modified":"2025-07-19T08:15:21","modified_gmt":"2025-07-19T08:15:21","slug":"tigaie-32cm-balance-moonmist-berghoff-3950436","status":"publish","type":"product","link":"https:\/\/tehnomag.md\/ru\/catalog\/vesela\/vase-de-gatit\/tigai\/tigaie-32cm-balance-moonmist-berghoff-3950436\/","title":{"rendered":"Tigaie 32cm Balance Moonmist  BergHOFF 3950436"},"content":{"rendered":"<p>Tigaie pentru gratar antiaderenta Balance 24 cm<br \/>\nC\u00e2teva fripturi perfect pr\u0103jite, fileuri de pe\u0219te sau o varietate de legume &#8211; cu aceast\u0103 tigaie pentru gr\u0103tar cu diametrul de 28 cm este o bucat\u0103 de tort! Fabricat\u0103 din aluminiu 100% reciclat durabil, dar u\u0219or, aceast\u0103 tigaie ofer\u0103 o func\u021bionare eficient\u0103 din punct de vedere energetic pe orice plit\u0103 \u0219i poate fi folosit\u0103 \u00een cuptor p\u00e2n\u0103 la 230\u00b0C.<br \/>\nLiniile ridicate ale gr\u0103tarului las\u0103 urme tipice de pr\u0103jire \u0219i permit gr\u0103simii \u0219i umezelii s\u0103 scape cu u\u0219urin\u021b\u0103, rezult\u00e2nd o crust\u0103 crocant\u0103. Un bonus suplimentar este stratul antiaderent ceramic de \u00eenalt\u0103 calitate, durabil \u0219i s\u0103n\u0103tos, care asigur\u0103 o eliberare u\u0219oar\u0103 a alimentelor \u0219i face cur\u0103\u021barea u\u0219oar\u0103.<\/p>","protected":false},"excerpt":{"rendered":"<p>Tigaie pentru gratar antiaderenta Balance 24 cm<br \/>\nC\u00e2teva fripturi perfect pr\u0103jite, fileuri de pe\u0219te sau o varietate de legume &#8211; cu aceast\u0103 tigaie pentru gr\u0103tar cu diametrul de 28 cm este o bucat\u0103 de tort! Fabricat\u0103 din aluminiu 100% reciclat durabil, dar u\u0219or, aceast\u0103 tigaie ofer\u0103 o func\u021bionare eficient\u0103 din punct de vedere energetic pe orice plit\u0103 \u0219i poate fi folosit\u0103 \u00een cuptor p\u00e2n\u0103 la 230\u00b0C.<br \/>\nLiniile ridicate ale gr\u0103tarului las\u0103 urme tipice de pr\u0103jire \u0219i permit gr\u0103simii \u0219i umezelii s\u0103 scape cu u\u0219urin\u021b\u0103, rezult\u00e2nd o crust\u0103 crocant\u0103. Un bonus suplimentar este stratul antiaderent ceramic de \u00eenalt\u0103 calitate, durabil \u0219i s\u0103n\u0103tos, care asigur\u0103 o eliberare u\u0219oar\u0103 a alimentelor \u0219i face cur\u0103\u021barea u\u0219oar\u0103.<\/p>","protected":false},"featured_media":64478,"template":"","meta":{"_acf_changed":false},"product_brand":[],"product_cat":[8579],"product_tag":[],"class_list":{"0":"post-64441","1":"product","2":"type-product","3":"status-publish","4":"has-post-thumbnail","6":"product_cat-tigai","8":"first","9":"instock","10":"shipping-taxable","11":"purchasable","12":"product-type-simple"},"acf":[],"_links":{"self":[{"href":"https:\/\/tehnomag.md\/ru\/wp-json\/wp\/v2\/product\/64441","targetHints":{"allow":["GET"]}}],"collection":[{"href":"https:\/\/tehnomag.md\/ru\/wp-json\/wp\/v2\/product"}],"about":[{"href":"https:\/\/tehnomag.md\/ru\/wp-json\/wp\/v2\/types\/product"}],"wp:featuredmedia":[{"embeddable":true,"href":"https:\/\/tehnomag.md\/ru\/wp-json\/wp\/v2\/media\/64478"}],"wp:attachment":[{"href":"https:\/\/tehnomag.md\/ru\/wp-json\/wp\/v2\/media?parent=64441"}],"wp:term":[{"taxonomy":"product_brand","embeddable":true,"href":"https:\/\/tehnomag.md\/ru\/wp-json\/wp\/v2\/product_brand?post=64441"},{"taxonomy":"product_cat","embeddable":true,"href":"https:\/\/tehnomag.md\/ru\/wp-json\/wp\/v2\/product_cat?post=64441"},{"taxonomy":"product_tag","embeddable":true,"href":"https:\/\/tehnomag.md\/ru\/wp-json\/wp\/v2\/product_tag?post=64441"}],"curies":[{"name":"wp","href":"https:\/\/api.w.org\/{rel}","templated":true}]}}