{"id":64440,"date":"2025-06-24T10:02:12","date_gmt":"2025-06-24T10:02:12","guid":{"rendered":"https:\/\/tehnomag.md\/?post_type=product&#038;p=64440"},"modified":"2025-07-19T08:15:21","modified_gmt":"2025-07-19T08:15:21","slug":"tigaie-gril-24cm-3950435","status":"publish","type":"product","link":"https:\/\/tehnomag.md\/ru\/catalog\/vesela\/vase-de-gatit\/tigai\/tigaie-gril-24cm-3950435\/","title":{"rendered":"Tigaie gril  24cm   3950435"},"content":{"rendered":"<p>Tigaie  antiaderenta Balance 32 cm<br \/>\nC\u00e2teva fripturi perfect pr\u0103jite, fileuri de pe\u0219te sau o varietate de legume &#8211; cu aceast\u0103 tigaie cu diametrul de 28 cm este o bucat\u0103 de tort! Fabricat\u0103 din aluminiu 100% reciclat durabil, dar u\u0219or, aceast\u0103 tigaie ofer\u0103 o func\u021bionare eficient\u0103 din punct de vedere energetic pe orice plit\u0103 \u0219i poate fi folosit\u0103 \u00een cuptor p\u00e2n\u0103 la 230\u00b0C.<\/p>","protected":false},"excerpt":{"rendered":"<p>Tigaie  antiaderenta Balance 32 cm<br \/>\nC\u00e2teva fripturi perfect pr\u0103jite, fileuri de pe\u0219te sau o varietate de legume &#8211; cu aceast\u0103 tigaie cu diametrul de 28 cm este o bucat\u0103 de tort! Fabricat\u0103 din aluminiu 100% reciclat durabil, dar u\u0219or, aceast\u0103 tigaie ofer\u0103 o func\u021bionare eficient\u0103 din punct de vedere energetic pe orice plit\u0103 \u0219i poate fi folosit\u0103 \u00een cuptor p\u00e2n\u0103 la 230\u00b0C.<\/p>","protected":false},"featured_media":64476,"template":"","meta":{"_acf_changed":false},"product_brand":[],"product_cat":[8579],"product_tag":[],"class_list":{"0":"post-64440","1":"product","2":"type-product","3":"status-publish","4":"has-post-thumbnail","6":"product_cat-tigai","8":"first","9":"instock","10":"shipping-taxable","11":"purchasable","12":"product-type-simple"},"acf":[],"_links":{"self":[{"href":"https:\/\/tehnomag.md\/ru\/wp-json\/wp\/v2\/product\/64440","targetHints":{"allow":["GET"]}}],"collection":[{"href":"https:\/\/tehnomag.md\/ru\/wp-json\/wp\/v2\/product"}],"about":[{"href":"https:\/\/tehnomag.md\/ru\/wp-json\/wp\/v2\/types\/product"}],"wp:featuredmedia":[{"embeddable":true,"href":"https:\/\/tehnomag.md\/ru\/wp-json\/wp\/v2\/media\/64476"}],"wp:attachment":[{"href":"https:\/\/tehnomag.md\/ru\/wp-json\/wp\/v2\/media?parent=64440"}],"wp:term":[{"taxonomy":"product_brand","embeddable":true,"href":"https:\/\/tehnomag.md\/ru\/wp-json\/wp\/v2\/product_brand?post=64440"},{"taxonomy":"product_cat","embeddable":true,"href":"https:\/\/tehnomag.md\/ru\/wp-json\/wp\/v2\/product_cat?post=64440"},{"taxonomy":"product_tag","embeddable":true,"href":"https:\/\/tehnomag.md\/ru\/wp-json\/wp\/v2\/product_tag?post=64440"}],"curies":[{"name":"wp","href":"https:\/\/api.w.org\/{rel}","templated":true}]}}