{"id":64432,"date":"2025-06-24T10:02:12","date_gmt":"2025-06-24T10:02:12","guid":{"rendered":"https:\/\/tehnomag.md\/?post_type=product&#038;p=64432"},"modified":"2025-07-19T08:15:20","modified_gmt":"2025-07-19T08:15:20","slug":"tigaie-p-u-clatite-stone-25cm-berghoff-3950590","status":"publish","type":"product","link":"https:\/\/tehnomag.md\/ru\/catalog\/vesela\/vase-de-gatit\/tigai\/tigaie-p-u-clatite-stone-25cm-berghoff-3950590\/","title":{"rendered":"Tigaie p-u clatite  Stone 25cm  BergHOFF 3950590"},"content":{"rendered":"<p>Seria: STONE+<br \/>\nMaterial: aluminiu turnat reciclat<br \/>\nMaterial m\u00e2ner: r\u0103\u0219in\u0103 fenolic\u0103 (nu fierbinte)<br \/>\nAcoperire: acoperire ceramic\u0103 antiaderen\u021b\u0103 CeraGreen (35-40 microni)<br \/>\nDiametru, cm: 25<br \/>\nVolumul, l: 0,7<br \/>\nGrosimea fundului, mm: 4,2-4,8<br \/>\nGrosimea peretelui, mm: 2,5-2,7<br \/>\nDimensiune interioara, cm: 25 x 25 x 2<br \/>\nDimensiune exterioara, cm: 46,5 x 25 x 9<br \/>\nCuloare neagr\u0103<br \/>\nCaracteristici: corpul din aluminiu turnat prelunge\u0219te durata de via\u021b\u0103 a tigaii, asigur\u0103 o \u00eenc\u0103lzire rapid\u0103 \u0219i o distribu\u021bie uniform\u0103 a c\u0103ldurii, u\u0219ur\u00e2nd g\u0103titul \u0219i \u00eengrijirea vaselor; Acoperire ceramic\u0103 antiaderent\u0103 CeraGreen 100% ecologic\u0103 \u0219i s\u0103n\u0103toas\u0103, care v\u0103 permite s\u0103 pr\u0103ji\u021bi practic f\u0103r\u0103 ulei (nu con\u021bine PFAS); M\u00e2ner fenolic cu inser\u021bie din silicon pentru o prindere moale \u0219i confortabil\u0103; Partea inferioar\u0103 a discului cu 2 straturi; exist\u0103 un orificiu \u00een m\u00e2ner pentru depozitarea vertical\u0103; potrivit pentru toate tipurile de sobe, inclusiv cu induc\u021bie; sigur pentru cuptor; rezistenta la temperaturi de pana la 180\u00b0C<br \/>\nIngrijire: se recomanda spalarea manuala; Se recomand\u0103 utilizarea uneltelor de buc\u0103t\u0103rie nemetalice (polipropilen\u0103, silicon, lemn) pentru a preveni deteriorarea stratului antiaderent.<\/p>","protected":false},"excerpt":{"rendered":"<p>Seria: STONE+<br \/>\nMaterial: aluminiu turnat reciclat<br \/>\nMaterial m\u00e2ner: r\u0103\u0219in\u0103 fenolic\u0103 (nu fierbinte)<br \/>\nAcoperire: acoperire ceramic\u0103 antiaderen\u021b\u0103 CeraGreen (35-40 microni)<br \/>\nDiametru, cm: 25<br \/>\nVolumul, l: 0,7<br \/>\nGrosimea fundului, mm: 4,2-4,8<br \/>\nGrosimea peretelui, mm: 2,5-2,7<br \/>\nDimensiune interioara, cm: 25 x 25 x 2<br \/>\nDimensiune exterioara, cm: 46,5 x 25 x 9<br \/>\nCuloare neagr\u0103<br \/>\nCaracteristici: corpul din aluminiu turnat prelunge\u0219te durata de via\u021b\u0103 a tigaii, asigur\u0103 o \u00eenc\u0103lzire rapid\u0103 \u0219i o distribu\u021bie uniform\u0103 a c\u0103ldurii, u\u0219ur\u00e2nd g\u0103titul \u0219i \u00eengrijirea vaselor; Acoperire ceramic\u0103 antiaderent\u0103 CeraGreen 100% ecologic\u0103 \u0219i s\u0103n\u0103toas\u0103, care v\u0103 permite s\u0103 pr\u0103ji\u021bi practic f\u0103r\u0103 ulei (nu con\u021bine PFAS); M\u00e2ner fenolic cu inser\u021bie din silicon pentru o prindere moale \u0219i confortabil\u0103; Partea inferioar\u0103 a discului cu 2 straturi; exist\u0103 un orificiu \u00een m\u00e2ner pentru depozitarea vertical\u0103; potrivit pentru toate tipurile de sobe, inclusiv cu induc\u021bie; sigur pentru cuptor; rezistenta la temperaturi de pana la 180\u00b0C<br \/>\nIngrijire: se recomanda spalarea manuala; Se recomand\u0103 utilizarea uneltelor de buc\u0103t\u0103rie nemetalice (polipropilen\u0103, silicon, lemn) pentru a preveni deteriorarea stratului antiaderent.<\/p>","protected":false},"featured_media":64469,"template":"","meta":{"_acf_changed":false},"product_brand":[],"product_cat":[8579],"product_tag":[],"class_list":{"0":"post-64432","1":"product","2":"type-product","3":"status-publish","4":"has-post-thumbnail","6":"product_cat-tigai","8":"first","9":"instock","10":"shipping-taxable","11":"purchasable","12":"product-type-simple"},"acf":[],"_links":{"self":[{"href":"https:\/\/tehnomag.md\/ru\/wp-json\/wp\/v2\/product\/64432","targetHints":{"allow":["GET"]}}],"collection":[{"href":"https:\/\/tehnomag.md\/ru\/wp-json\/wp\/v2\/product"}],"about":[{"href":"https:\/\/tehnomag.md\/ru\/wp-json\/wp\/v2\/types\/product"}],"wp:featuredmedia":[{"embeddable":true,"href":"https:\/\/tehnomag.md\/ru\/wp-json\/wp\/v2\/media\/64469"}],"wp:attachment":[{"href":"https:\/\/tehnomag.md\/ru\/wp-json\/wp\/v2\/media?parent=64432"}],"wp:term":[{"taxonomy":"product_brand","embeddable":true,"href":"https:\/\/tehnomag.md\/ru\/wp-json\/wp\/v2\/product_brand?post=64432"},{"taxonomy":"product_cat","embeddable":true,"href":"https:\/\/tehnomag.md\/ru\/wp-json\/wp\/v2\/product_cat?post=64432"},{"taxonomy":"product_tag","embeddable":true,"href":"https:\/\/tehnomag.md\/ru\/wp-json\/wp\/v2\/product_tag?post=64432"}],"curies":[{"name":"wp","href":"https:\/\/api.w.org\/{rel}","templated":true}]}}