{"id":64429,"date":"2025-06-24T10:02:11","date_gmt":"2025-06-24T10:02:11","guid":{"rendered":"https:\/\/tehnomag.md\/?post_type=product&#038;p=64429"},"modified":"2025-07-19T08:15:19","modified_gmt":"2025-07-19T08:15:19","slug":"tigaie-phantom-24cm-2-0l-berghoff-3950570","status":"publish","type":"product","link":"https:\/\/tehnomag.md\/ru\/catalog\/vesela\/vase-de-gatit\/tigai\/tigaie-phantom-24cm-2-0l-berghoff-3950570\/","title":{"rendered":"Tigaie  Phantom 24cm 2.0L  BergHOFF 3950570"},"content":{"rendered":"<p>Seria: PHANTOM<br \/>\nMaterial: aluminiu turnat reciclat<br \/>\nMaterial m\u00e2ner: r\u0103\u0219in\u0103 fenolic\u0103 (deta\u0219abil\u0103, f\u0103r\u0103 c\u0103ldur\u0103)<br \/>\nAcoperire: Acoperire ceramic\u0103 antiaderent\u0103 CeraGreen (25-30 microni)<br \/>\nseria Phantom este combina\u021bia perfect\u0103 \u00eentre ecologic, func\u021bionalitate \u0219i design minimalist; Corpul din aluminiu turnat asigur\u0103 o \u00eenc\u0103lzire rapid\u0103 \u0219i o distribu\u021bie uniform\u0103 a c\u0103ldurii, facilit\u00e2nd g\u0103titul \u0219i \u00eengrijirea vaselor de g\u0103tit; Acoperire ceramic\u0103 antiaderent\u0103 CeraGreen 100% ecologic\u0103 \u0219i s\u0103n\u0103toas\u0103, care v\u0103 permite s\u0103 pr\u0103ji\u021bi practic f\u0103r\u0103 ulei (nu con\u021bine PFAS); M\u00e2nerul fenolic deta\u0219abil este convenabil \u0219i sigur, permi\u021b\u00e2ndu-v\u0103 s\u0103 economisi\u021bi spa\u021biu \u00een timpul depozit\u0103rii; fund cu induc\u021bie pentru toate discuri; potrivit pentru toate tipurile de sobe, inclusiv cu induc\u021bie; sigur pentru cuptor; rezistenta la temperatura de pana la 230\u00b0C (fara maner detasabil); Usor de curatat<br \/>\nIngrijire: se recomanda spalarea manuala; Se recomand\u0103 utilizarea uneltelor de buc\u0103t\u0103rie nemetalice (polipropilen\u0103, silicon, lemn) pentru a preveni deteriorarea stratului antiaderent.<\/p>","protected":false},"excerpt":{"rendered":"<p>Seria: PHANTOM<br \/>\nMaterial: aluminiu turnat reciclat<br \/>\nMaterial m\u00e2ner: r\u0103\u0219in\u0103 fenolic\u0103 (deta\u0219abil\u0103, f\u0103r\u0103 c\u0103ldur\u0103)<br \/>\nAcoperire: Acoperire ceramic\u0103 antiaderent\u0103 CeraGreen (25-30 microni)<br \/>\nseria Phantom este combina\u021bia perfect\u0103 \u00eentre ecologic, func\u021bionalitate \u0219i design minimalist; Corpul din aluminiu turnat asigur\u0103 o \u00eenc\u0103lzire rapid\u0103 \u0219i o distribu\u021bie uniform\u0103 a c\u0103ldurii, facilit\u00e2nd g\u0103titul \u0219i \u00eengrijirea vaselor de g\u0103tit; Acoperire ceramic\u0103 antiaderent\u0103 CeraGreen 100% ecologic\u0103 \u0219i s\u0103n\u0103toas\u0103, care v\u0103 permite s\u0103 pr\u0103ji\u021bi practic f\u0103r\u0103 ulei (nu con\u021bine PFAS); M\u00e2nerul fenolic deta\u0219abil este convenabil \u0219i sigur, permi\u021b\u00e2ndu-v\u0103 s\u0103 economisi\u021bi spa\u021biu \u00een timpul depozit\u0103rii; fund cu induc\u021bie pentru toate discuri; potrivit pentru toate tipurile de sobe, inclusiv cu induc\u021bie; sigur pentru cuptor; rezistenta la temperatura de pana la 230\u00b0C (fara maner detasabil); Usor de curatat<br \/>\nIngrijire: se recomanda spalarea manuala; Se recomand\u0103 utilizarea uneltelor de buc\u0103t\u0103rie nemetalice (polipropilen\u0103, silicon, lemn) pentru a preveni deteriorarea stratului antiaderent.<\/p>","protected":false},"featured_media":64461,"template":"","meta":{"_acf_changed":false},"product_brand":[],"product_cat":[8579],"product_tag":[],"class_list":{"0":"post-64429","1":"product","2":"type-product","3":"status-publish","4":"has-post-thumbnail","6":"product_cat-tigai","8":"first","9":"instock","10":"shipping-taxable","11":"purchasable","12":"product-type-simple"},"acf":[],"_links":{"self":[{"href":"https:\/\/tehnomag.md\/ru\/wp-json\/wp\/v2\/product\/64429","targetHints":{"allow":["GET"]}}],"collection":[{"href":"https:\/\/tehnomag.md\/ru\/wp-json\/wp\/v2\/product"}],"about":[{"href":"https:\/\/tehnomag.md\/ru\/wp-json\/wp\/v2\/types\/product"}],"wp:featuredmedia":[{"embeddable":true,"href":"https:\/\/tehnomag.md\/ru\/wp-json\/wp\/v2\/media\/64461"}],"wp:attachment":[{"href":"https:\/\/tehnomag.md\/ru\/wp-json\/wp\/v2\/media?parent=64429"}],"wp:term":[{"taxonomy":"product_brand","embeddable":true,"href":"https:\/\/tehnomag.md\/ru\/wp-json\/wp\/v2\/product_brand?post=64429"},{"taxonomy":"product_cat","embeddable":true,"href":"https:\/\/tehnomag.md\/ru\/wp-json\/wp\/v2\/product_cat?post=64429"},{"taxonomy":"product_tag","embeddable":true,"href":"https:\/\/tehnomag.md\/ru\/wp-json\/wp\/v2\/product_tag?post=64429"}],"curies":[{"name":"wp","href":"https:\/\/api.w.org\/{rel}","templated":true}]}}