{"id":64388,"date":"2025-06-24T10:01:51","date_gmt":"2025-06-24T10:01:51","guid":{"rendered":"https:\/\/tehnomag.md\/?post_type=product&#038;p=64388"},"modified":"2025-07-19T08:15:19","modified_gmt":"2025-07-19T08:15:19","slug":"tigaie-p-u-peste-34x24cm-1-9l-berghoff-1315093","status":"publish","type":"product","link":"https:\/\/tehnomag.md\/ru\/catalog\/vesela\/vase-de-gatit\/tigai\/tigaie-p-u-peste-34x24cm-1-9l-berghoff-1315093\/","title":{"rendered":"Tigaie p-u peste 34x24cm 1.9L  BergHOFF 1315093"},"content":{"rendered":"<p>Seria: HELIX<br \/>\nMaterial: Aluminiu extrudat reciclat<br \/>\nMaterial m\u00e2ner: r\u0103\u0219in\u0103 fenolic\u0103 (nu fierbinte)<br \/>\nAcoperire: acoperire ceramic\u0103 antiaderen\u021b\u0103 CeraGreen (35-40 microni)<br \/>\nDimensiune, cm: 34 x 23<br \/>\nVolumul, l: 1,9<br \/>\nGrosimea fundului, mm: 5<br \/>\nGrosimea peretelui, mm: 0,6<br \/>\nDimensiune interioara, cm: 34 x 23 x 4,1<br \/>\nDimensiune exterioara, cm: 43,4 x 34,6 x 7,4<br \/>\nParticularitati:<br \/>\n-corp din aluminiu asigura o incalzire rapida si o distributie uniforma a caldurii, usurand gatirea si ingrijirea vaselor;<br \/>\n-Acoperire ceramic\u0103 antiaderent\u0103 CeraGreen 100% ecologic\u0103 \u0219i s\u0103n\u0103toas\u0103, care v\u0103 permite s\u0103 pr\u0103ji\u021bi practic f\u0103r\u0103 ulei (nu con\u021bine PFAS);<br \/>\n-maner fenolic pentru prindere confortabila si siguranta;<br \/>\n&#8211; 2 straturi de fund integral pe disc; exist\u0103 un orificiu \u00een m\u00e2ner pentru depozitarea vertical\u0103;<br \/>\n-potrivit pentru toate tipurile de sobe, inclusiv cu inductie;<br \/>\n-Usor de curatat<br \/>\nIngrijire: se recomanda spalarea manuala; Se recomand\u0103 utilizarea uneltelor de buc\u0103t\u0103rie nemetalice (polipropilen\u0103, silicon, lemn) pentru a preveni deteriorarea stratului antiaderent.<\/p>","protected":false},"excerpt":{"rendered":"<p>Seria: HELIX<br \/>\nMaterial: Aluminiu extrudat reciclat<br \/>\nMaterial m\u00e2ner: r\u0103\u0219in\u0103 fenolic\u0103 (nu fierbinte)<br \/>\nAcoperire: acoperire ceramic\u0103 antiaderen\u021b\u0103 CeraGreen (35-40 microni)<br \/>\nDimensiune, cm: 34 x 23<br \/>\nVolumul, l: 1,9<br \/>\nGrosimea fundului, mm: 5<br \/>\nGrosimea peretelui, mm: 0,6<br \/>\nDimensiune interioara, cm: 34 x 23 x 4,1<br \/>\nDimensiune exterioara, cm: 43,4 x 34,6 x 7,4<br \/>\nParticularitati:<br \/>\n-corp din aluminiu asigura o incalzire rapida si o distributie uniforma a caldurii, usurand gatirea si ingrijirea vaselor;<br \/>\n-Acoperire ceramic\u0103 antiaderent\u0103 CeraGreen 100% ecologic\u0103 \u0219i s\u0103n\u0103toas\u0103, care v\u0103 permite s\u0103 pr\u0103ji\u021bi practic f\u0103r\u0103 ulei (nu con\u021bine PFAS);<br \/>\n-maner fenolic pentru prindere confortabila si siguranta;<br \/>\n&#8211; 2 straturi de fund integral pe disc; exist\u0103 un orificiu \u00een m\u00e2ner pentru depozitarea vertical\u0103;<br \/>\n-potrivit pentru toate tipurile de sobe, inclusiv cu inductie;<br \/>\n-Usor de curatat<br \/>\nIngrijire: se recomanda spalarea manuala; Se recomand\u0103 utilizarea uneltelor de buc\u0103t\u0103rie nemetalice (polipropilen\u0103, silicon, lemn) pentru a preveni deteriorarea stratului antiaderent.<\/p>","protected":false},"featured_media":64426,"template":"","meta":{"_acf_changed":false},"product_brand":[],"product_cat":[8579],"product_tag":[],"class_list":{"0":"post-64388","1":"product","2":"type-product","3":"status-publish","4":"has-post-thumbnail","6":"product_cat-tigai","8":"first","9":"instock","10":"shipping-taxable","11":"purchasable","12":"product-type-simple"},"acf":[],"_links":{"self":[{"href":"https:\/\/tehnomag.md\/ru\/wp-json\/wp\/v2\/product\/64388","targetHints":{"allow":["GET"]}}],"collection":[{"href":"https:\/\/tehnomag.md\/ru\/wp-json\/wp\/v2\/product"}],"about":[{"href":"https:\/\/tehnomag.md\/ru\/wp-json\/wp\/v2\/types\/product"}],"wp:featuredmedia":[{"embeddable":true,"href":"https:\/\/tehnomag.md\/ru\/wp-json\/wp\/v2\/media\/64426"}],"wp:attachment":[{"href":"https:\/\/tehnomag.md\/ru\/wp-json\/wp\/v2\/media?parent=64388"}],"wp:term":[{"taxonomy":"product_brand","embeddable":true,"href":"https:\/\/tehnomag.md\/ru\/wp-json\/wp\/v2\/product_brand?post=64388"},{"taxonomy":"product_cat","embeddable":true,"href":"https:\/\/tehnomag.md\/ru\/wp-json\/wp\/v2\/product_cat?post=64388"},{"taxonomy":"product_tag","embeddable":true,"href":"https:\/\/tehnomag.md\/ru\/wp-json\/wp\/v2\/product_tag?post=64388"}],"curies":[{"name":"wp","href":"https:\/\/api.w.org\/{rel}","templated":true}]}}