{"id":64384,"date":"2025-06-24T10:01:50","date_gmt":"2025-06-24T10:01:50","guid":{"rendered":"https:\/\/tehnomag.md\/?post_type=product&#038;p=64384"},"modified":"2025-07-19T08:15:18","modified_gmt":"2025-07-19T08:15:18","slug":"tigaie-grill-26x26cm-leo-sage-berghoff-3950312","status":"publish","type":"product","link":"https:\/\/tehnomag.md\/ru\/catalog\/vesela\/vase-de-gatit\/tigai\/tigaie-grill-26x26cm-leo-sage-berghoff-3950312\/","title":{"rendered":"Tigaie-grill 26x26cm Leo Sage  BergHOFF 3950312"},"content":{"rendered":"<p>Tigaie grill Leo<br \/>\nCod 3950312<\/p>\n<p>Tigaie BergHOFF Leo cu m\u00e2ner deta\u0219abil. Dori\u021bi s\u0103 v\u0103 echipa\u021bi buc\u0103t\u0103ria cu un amestec de design inovator \u0219i beneficii func\u021bionale?<br \/>\nEchipa de designeri BergHOFF a creat linia Gem, o colec\u021bie care se axeaz\u0103 pe performan\u021b\u0103, durabilitate \u0219i universalitate.<\/p>\n<p>Cu BergHOFF Gem g\u0103titul este simplu \u0219i comod. Buc\u0103tarul care alege vesela Gem, e unul care iube\u0219te produsele \u0219i care pledeaz\u0103 pentru func\u021bionalitate \u0219i confort \u00een buc\u0103t\u0103rie.<br \/>\nCaracteristicile speciale, cum ar fi materialele u\u0219oare, acoperirea antiaderent\u0103 din mai multe straturi, fundul cu capacitate de acumulare termic\u0103 \u0219i m\u00e2nerele deta\u0219abile fac parte reprezint\u0103 linia Gem \u0219i confer\u0103 un farmec aparte procesului de g\u0103tit.<\/p>\n<p>Diametru: 26 x 26 cm<\/p>\n<p>Material: aluminiu turnat sub presiune<\/p>","protected":false},"excerpt":{"rendered":"<p>Tigaie grill Leo<br \/>\nCod 3950312<\/p>\n<p>Tigaie BergHOFF Leo cu m\u00e2ner deta\u0219abil. Dori\u021bi s\u0103 v\u0103 echipa\u021bi buc\u0103t\u0103ria cu un amestec de design inovator \u0219i beneficii func\u021bionale?<br \/>\nEchipa de designeri BergHOFF a creat linia Gem, o colec\u021bie care se axeaz\u0103 pe performan\u021b\u0103, durabilitate \u0219i universalitate.<\/p>\n<p>Cu BergHOFF Gem g\u0103titul este simplu \u0219i comod. Buc\u0103tarul care alege vesela Gem, e unul care iube\u0219te produsele \u0219i care pledeaz\u0103 pentru func\u021bionalitate \u0219i confort \u00een buc\u0103t\u0103rie.<br \/>\nCaracteristicile speciale, cum ar fi materialele u\u0219oare, acoperirea antiaderent\u0103 din mai multe straturi, fundul cu capacitate de acumulare termic\u0103 \u0219i m\u00e2nerele deta\u0219abile fac parte reprezint\u0103 linia Gem \u0219i confer\u0103 un farmec aparte procesului de g\u0103tit.<\/p>\n<p>Diametru: 26 x 26 cm<\/p>\n<p>Material: aluminiu turnat sub presiune<\/p>","protected":false},"featured_media":64421,"template":"","meta":{"_acf_changed":false},"product_brand":[],"product_cat":[8579],"product_tag":[],"class_list":{"0":"post-64384","1":"product","2":"type-product","3":"status-publish","4":"has-post-thumbnail","6":"product_cat-tigai","8":"first","9":"instock","10":"shipping-taxable","11":"purchasable","12":"product-type-simple"},"acf":[],"_links":{"self":[{"href":"https:\/\/tehnomag.md\/ru\/wp-json\/wp\/v2\/product\/64384","targetHints":{"allow":["GET"]}}],"collection":[{"href":"https:\/\/tehnomag.md\/ru\/wp-json\/wp\/v2\/product"}],"about":[{"href":"https:\/\/tehnomag.md\/ru\/wp-json\/wp\/v2\/types\/product"}],"wp:featuredmedia":[{"embeddable":true,"href":"https:\/\/tehnomag.md\/ru\/wp-json\/wp\/v2\/media\/64421"}],"wp:attachment":[{"href":"https:\/\/tehnomag.md\/ru\/wp-json\/wp\/v2\/media?parent=64384"}],"wp:term":[{"taxonomy":"product_brand","embeddable":true,"href":"https:\/\/tehnomag.md\/ru\/wp-json\/wp\/v2\/product_brand?post=64384"},{"taxonomy":"product_cat","embeddable":true,"href":"https:\/\/tehnomag.md\/ru\/wp-json\/wp\/v2\/product_cat?post=64384"},{"taxonomy":"product_tag","embeddable":true,"href":"https:\/\/tehnomag.md\/ru\/wp-json\/wp\/v2\/product_tag?post=64384"}],"curies":[{"name":"wp","href":"https:\/\/api.w.org\/{rel}","templated":true}]}}