{"id":64383,"date":"2025-06-24T10:01:50","date_gmt":"2025-06-24T10:01:50","guid":{"rendered":"https:\/\/tehnomag.md\/?post_type=product&#038;p=64383"},"modified":"2025-07-19T08:15:18","modified_gmt":"2025-07-19T08:15:18","slug":"tigaie-cu-capac-24cm-3-3lstay-cool-berghoff-2307420","status":"publish","type":"product","link":"https:\/\/tehnomag.md\/ru\/catalog\/vesela\/vase-de-gatit\/tigai\/tigaie-cu-capac-24cm-3-3lstay-cool-berghoff-2307420\/","title":{"rendered":"Tigaie cu capac 24cm 3.3LStay-Cool  BergHOFF 2307420"},"content":{"rendered":"<p>Tigaie cu capac 24 cm Gem 3,3 l Cod 2307420<\/p>\n<p>Noua colec\u021bie din seria GEM este prezentat\u0103 \u00een culori dinamice de portocaliu str\u0103lucitor \u0219i gri conservator!<\/p>\n<p>Tigaia gri Gem este un asistent de \u00eenalt\u0103 tehnologie \u00een rezolvarea problemelor dumneavoastr\u0103 culinare:<\/p>\n<p>Carcasa durabil\u0103 din aluminiu turnat distribuie perfect c\u0103ldura uniform pe \u00eentreaga suprafa\u021b\u0103.<\/p>\n<p>Acoperirea antiaderen\u021b\u0103 multistrat de \u00eenalt\u0103 calitate v\u0103 permite s\u0103 g\u0103ti\u021bi cu beneficii pentru s\u0103n\u0103tate folosind o cantitate minim\u0103 de ulei.<\/p>\n<p>Fundul complet 18\/0 este optim pentru g\u0103titul pe aragazul cu induc\u021bie, precum \u0219i pentru orice alte tipuri de aragaz.<\/p>\n<p>M\u00e2nerul rece asigur\u0103 o prindere sigur\u0103 \u0219i confortabil\u0103.<\/p>\n<p>Duza \u0219i orificiile speciale de pe marginea capacului fac scurgerea convenabil\u0103,<\/p>\n<p>2 grupuri de orificii de diferite diametre pentru scurgerea lichidului sunt potrivite pentru produse de diferite dimensiuni.<\/p>\n<p>Datorit\u0103 marginii din silicon de pe capac, nu te vei arde la turnare, deci nu ai nevoie de m\u0103nu\u0219i de cuptor<\/p>\n<p>Datorit\u0103 designului s\u0103u inteligent, capacul poate fi montat vertical pe corpul tigaii, astfel \u00eenc\u00e2t s\u0103 ave\u021bi \u00eentotdeauna o m\u00e2n\u0103 liber\u0103 pentru amestecare \u0219i servire.<\/p>","protected":false},"excerpt":{"rendered":"<p>Tigaie cu capac 24 cm Gem 3,3 l Cod 2307420<\/p>\n<p>Noua colec\u021bie din seria GEM este prezentat\u0103 \u00een culori dinamice de portocaliu str\u0103lucitor \u0219i gri conservator!<\/p>\n<p>Tigaia gri Gem este un asistent de \u00eenalt\u0103 tehnologie \u00een rezolvarea problemelor dumneavoastr\u0103 culinare:<\/p>\n<p>Carcasa durabil\u0103 din aluminiu turnat distribuie perfect c\u0103ldura uniform pe \u00eentreaga suprafa\u021b\u0103.<\/p>\n<p>Acoperirea antiaderen\u021b\u0103 multistrat de \u00eenalt\u0103 calitate v\u0103 permite s\u0103 g\u0103ti\u021bi cu beneficii pentru s\u0103n\u0103tate folosind o cantitate minim\u0103 de ulei.<\/p>\n<p>Fundul complet 18\/0 este optim pentru g\u0103titul pe aragazul cu induc\u021bie, precum \u0219i pentru orice alte tipuri de aragaz.<\/p>\n<p>M\u00e2nerul rece asigur\u0103 o prindere sigur\u0103 \u0219i confortabil\u0103.<\/p>\n<p>Duza \u0219i orificiile speciale de pe marginea capacului fac scurgerea convenabil\u0103,<\/p>\n<p>2 grupuri de orificii de diferite diametre pentru scurgerea lichidului sunt potrivite pentru produse de diferite dimensiuni.<\/p>\n<p>Datorit\u0103 marginii din silicon de pe capac, nu te vei arde la turnare, deci nu ai nevoie de m\u0103nu\u0219i de cuptor<\/p>\n<p>Datorit\u0103 designului s\u0103u inteligent, capacul poate fi montat vertical pe corpul tigaii, astfel \u00eenc\u00e2t s\u0103 ave\u021bi \u00eentotdeauna o m\u00e2n\u0103 liber\u0103 pentru amestecare \u0219i servire.<\/p>","protected":false},"featured_media":64420,"template":"","meta":{"_acf_changed":false},"product_brand":[],"product_cat":[8579],"product_tag":[],"class_list":{"0":"post-64383","1":"product","2":"type-product","3":"status-publish","4":"has-post-thumbnail","6":"product_cat-tigai","8":"first","9":"instock","10":"shipping-taxable","11":"purchasable","12":"product-type-simple"},"acf":[],"_links":{"self":[{"href":"https:\/\/tehnomag.md\/ru\/wp-json\/wp\/v2\/product\/64383","targetHints":{"allow":["GET"]}}],"collection":[{"href":"https:\/\/tehnomag.md\/ru\/wp-json\/wp\/v2\/product"}],"about":[{"href":"https:\/\/tehnomag.md\/ru\/wp-json\/wp\/v2\/types\/product"}],"wp:featuredmedia":[{"embeddable":true,"href":"https:\/\/tehnomag.md\/ru\/wp-json\/wp\/v2\/media\/64420"}],"wp:attachment":[{"href":"https:\/\/tehnomag.md\/ru\/wp-json\/wp\/v2\/media?parent=64383"}],"wp:term":[{"taxonomy":"product_brand","embeddable":true,"href":"https:\/\/tehnomag.md\/ru\/wp-json\/wp\/v2\/product_brand?post=64383"},{"taxonomy":"product_cat","embeddable":true,"href":"https:\/\/tehnomag.md\/ru\/wp-json\/wp\/v2\/product_cat?post=64383"},{"taxonomy":"product_tag","embeddable":true,"href":"https:\/\/tehnomag.md\/ru\/wp-json\/wp\/v2\/product_tag?post=64383"}],"curies":[{"name":"wp","href":"https:\/\/api.w.org\/{rel}","templated":true}]}}