{"id":64374,"date":"2025-06-24T10:01:49","date_gmt":"2025-06-24T10:01:49","guid":{"rendered":"https:\/\/tehnomag.md\/?post_type=product&#038;p=64374"},"modified":"2025-07-19T08:15:17","modified_gmt":"2025-07-19T08:15:17","slug":"tigaie-balance-moonmist-28cm-berghoff-3950422","status":"publish","type":"product","link":"https:\/\/tehnomag.md\/ru\/catalog\/vesela\/vase-de-gatit\/tigai\/tigaie-balance-moonmist-28cm-berghoff-3950422\/","title":{"rendered":"Tigaie Balance Moonmist  28cm BergHOFF 3950422"},"content":{"rendered":"<p>Colec\u021bie: LEO<br \/>\nSeria: BALANCE<br \/>\nMaterial: aluminiu<br \/>\nMaterial m\u00e2ner: polipropilen\u0103 cu acoperire moale la atingere (ne\u00eenc\u0103lzit\u0103)<br \/>\nAcoperire: Acoperire ceramic\u0103 antiaderent\u0103 CeraGreen (35-40 microni)<br \/>\nDiametru, cm: 28,0<br \/>\nVolum, l: 2,5<br \/>\nGrosimea fundului, mm: 3,6-4,0<br \/>\nGrosimea peretelui, mm: 2,5-2,7<br \/>\nDimensiune interioara, cm: 28,0 x 28,0 x 4,5<br \/>\nDimensiune exterioara, cm: 48,0 x 28,5 x 7,0<br \/>\nCuloare: gri<br \/>\nCaracteristici: 100% aluminiu reciclat; 100% ecologic \u0219i sigur pentru s\u0103n\u0103tate acoperire ceramic\u0103 antiaderent CeraGreen, care v\u0103 permite s\u0103 pr\u0103ji\u021bi practic f\u0103r\u0103 ulei; Partea inferioar\u0103 a discului cu 2 straturi pentru distribu\u021bie rapid\u0103 \u0219i uniform\u0103 a c\u0103ldurii \u0219i g\u0103tit eficient din punct de vedere energetic; material u\u0219or; maner care nu incalzeste pentru un plus de confort si siguranta; Usor de curatat; orificiu pentru depozitare vertical\u0103 \u00een m\u00e2ner; potrivit pentru toate tipurile de plite, inclusiv cu induc\u021bie; nu este potrivit pentru cuptor<br \/>\nIngrijire: se recomanda spalarea manuala; se recomand\u0103 utilizarea de ustensile de buc\u0103t\u0103rie nemetalice (polipropilen\u0103, silicon, lemn) pentru a preveni deteriorarea stratului antiaderent<\/p>","protected":false},"excerpt":{"rendered":"<p>Colec\u021bie: LEO<br \/>\nSeria: BALANCE<br \/>\nMaterial: aluminiu<br \/>\nMaterial m\u00e2ner: polipropilen\u0103 cu acoperire moale la atingere (ne\u00eenc\u0103lzit\u0103)<br \/>\nAcoperire: Acoperire ceramic\u0103 antiaderent\u0103 CeraGreen (35-40 microni)<br \/>\nDiametru, cm: 28,0<br \/>\nVolum, l: 2,5<br \/>\nGrosimea fundului, mm: 3,6-4,0<br \/>\nGrosimea peretelui, mm: 2,5-2,7<br \/>\nDimensiune interioara, cm: 28,0 x 28,0 x 4,5<br \/>\nDimensiune exterioara, cm: 48,0 x 28,5 x 7,0<br \/>\nCuloare: gri<br \/>\nCaracteristici: 100% aluminiu reciclat; 100% ecologic \u0219i sigur pentru s\u0103n\u0103tate acoperire ceramic\u0103 antiaderent CeraGreen, care v\u0103 permite s\u0103 pr\u0103ji\u021bi practic f\u0103r\u0103 ulei; Partea inferioar\u0103 a discului cu 2 straturi pentru distribu\u021bie rapid\u0103 \u0219i uniform\u0103 a c\u0103ldurii \u0219i g\u0103tit eficient din punct de vedere energetic; material u\u0219or; maner care nu incalzeste pentru un plus de confort si siguranta; Usor de curatat; orificiu pentru depozitare vertical\u0103 \u00een m\u00e2ner; potrivit pentru toate tipurile de plite, inclusiv cu induc\u021bie; nu este potrivit pentru cuptor<br \/>\nIngrijire: se recomanda spalarea manuala; se recomand\u0103 utilizarea de ustensile de buc\u0103t\u0103rie nemetalice (polipropilen\u0103, silicon, lemn) pentru a preveni deteriorarea stratului antiaderent<\/p>","protected":false},"featured_media":64411,"template":"","meta":{"_acf_changed":false},"product_brand":[],"product_cat":[8579],"product_tag":[],"class_list":{"0":"post-64374","1":"product","2":"type-product","3":"status-publish","4":"has-post-thumbnail","6":"product_cat-tigai","8":"first","9":"instock","10":"shipping-taxable","11":"purchasable","12":"product-type-simple"},"acf":[],"_links":{"self":[{"href":"https:\/\/tehnomag.md\/ru\/wp-json\/wp\/v2\/product\/64374","targetHints":{"allow":["GET"]}}],"collection":[{"href":"https:\/\/tehnomag.md\/ru\/wp-json\/wp\/v2\/product"}],"about":[{"href":"https:\/\/tehnomag.md\/ru\/wp-json\/wp\/v2\/types\/product"}],"wp:featuredmedia":[{"embeddable":true,"href":"https:\/\/tehnomag.md\/ru\/wp-json\/wp\/v2\/media\/64411"}],"wp:attachment":[{"href":"https:\/\/tehnomag.md\/ru\/wp-json\/wp\/v2\/media?parent=64374"}],"wp:term":[{"taxonomy":"product_brand","embeddable":true,"href":"https:\/\/tehnomag.md\/ru\/wp-json\/wp\/v2\/product_brand?post=64374"},{"taxonomy":"product_cat","embeddable":true,"href":"https:\/\/tehnomag.md\/ru\/wp-json\/wp\/v2\/product_cat?post=64374"},{"taxonomy":"product_tag","embeddable":true,"href":"https:\/\/tehnomag.md\/ru\/wp-json\/wp\/v2\/product_tag?post=64374"}],"curies":[{"name":"wp","href":"https:\/\/api.w.org\/{rel}","templated":true}]}}