{"id":64372,"date":"2025-06-24T10:01:49","date_gmt":"2025-06-24T10:01:49","guid":{"rendered":"https:\/\/tehnomag.md\/?post_type=product&#038;p=64372"},"modified":"2025-07-19T08:15:17","modified_gmt":"2025-07-19T08:15:17","slug":"tigaie-leo-piatra-24cm-2l-berghoff-3950297","status":"publish","type":"product","link":"https:\/\/tehnomag.md\/ru\/catalog\/vesela\/vase-de-gatit\/tigai\/tigaie-leo-piatra-24cm-2l-berghoff-3950297\/","title":{"rendered":"Tigaie Leo piatra  24cm. 2L  BergHOFF 3950297"},"content":{"rendered":"<p>Dup\u0103 marele succes al seriei de vase de g\u0103tit LEO, BergHOFF \u00ee\u0219i extinde colec\u021bia de aluminiu turnat. Designul elegant, modern, inova\u021biile atent \u0219i construc\u021bia actualizat\u0103 garanteaz\u0103 pl\u0103cerea utiliz\u0103rii vaselor de g\u0103tit LEO STONE.<br \/>\nTava este realizat\u0103 din aluminiu turnat cu mai multe straturi de acoperire antiaderent Fernogreen, care nu con\u021bine PFOA, plumb \u0219i cadmiu. Designul cu mai multe straturi prelunge\u0219te durata de via\u021b\u0103 a tigaii, asigur\u0103 o \u00eenc\u0103lzire rapid\u0103 \u0219i o distribu\u021bie uniform\u0103 a c\u0103ldurii, u\u0219ur\u00e2nd g\u0103titul \u0219i \u00eengrijirea. Inova\u021biile introduse de designerii BergHOFF v\u0103 permit s\u0103 utiliza\u021bi vase de g\u0103tit cu confort \u0219i siguran\u021b\u0103.<br \/>\nTigaia este potrivit\u0103 pentru toate tipurile de sobe moderne, inclusiv pentru cele inovatoare cu tiraj descendent. Se recomand\u0103 sp\u0103larea m\u00e2inilor.<\/p>","protected":false},"excerpt":{"rendered":"<p>Dup\u0103 marele succes al seriei de vase de g\u0103tit LEO, BergHOFF \u00ee\u0219i extinde colec\u021bia de aluminiu turnat. Designul elegant, modern, inova\u021biile atent \u0219i construc\u021bia actualizat\u0103 garanteaz\u0103 pl\u0103cerea utiliz\u0103rii vaselor de g\u0103tit LEO STONE.<br \/>\nTava este realizat\u0103 din aluminiu turnat cu mai multe straturi de acoperire antiaderent Fernogreen, care nu con\u021bine PFOA, plumb \u0219i cadmiu. Designul cu mai multe straturi prelunge\u0219te durata de via\u021b\u0103 a tigaii, asigur\u0103 o \u00eenc\u0103lzire rapid\u0103 \u0219i o distribu\u021bie uniform\u0103 a c\u0103ldurii, u\u0219ur\u00e2nd g\u0103titul \u0219i \u00eengrijirea. Inova\u021biile introduse de designerii BergHOFF v\u0103 permit s\u0103 utiliza\u021bi vase de g\u0103tit cu confort \u0219i siguran\u021b\u0103.<br \/>\nTigaia este potrivit\u0103 pentru toate tipurile de sobe moderne, inclusiv pentru cele inovatoare cu tiraj descendent. Se recomand\u0103 sp\u0103larea m\u00e2inilor.<\/p>","protected":false},"featured_media":64409,"template":"","meta":{"_acf_changed":false},"product_brand":[],"product_cat":[8579],"product_tag":[],"class_list":{"0":"post-64372","1":"product","2":"type-product","3":"status-publish","4":"has-post-thumbnail","6":"product_cat-tigai","8":"first","9":"instock","10":"shipping-taxable","11":"purchasable","12":"product-type-simple"},"acf":[],"_links":{"self":[{"href":"https:\/\/tehnomag.md\/ru\/wp-json\/wp\/v2\/product\/64372","targetHints":{"allow":["GET"]}}],"collection":[{"href":"https:\/\/tehnomag.md\/ru\/wp-json\/wp\/v2\/product"}],"about":[{"href":"https:\/\/tehnomag.md\/ru\/wp-json\/wp\/v2\/types\/product"}],"wp:featuredmedia":[{"embeddable":true,"href":"https:\/\/tehnomag.md\/ru\/wp-json\/wp\/v2\/media\/64409"}],"wp:attachment":[{"href":"https:\/\/tehnomag.md\/ru\/wp-json\/wp\/v2\/media?parent=64372"}],"wp:term":[{"taxonomy":"product_brand","embeddable":true,"href":"https:\/\/tehnomag.md\/ru\/wp-json\/wp\/v2\/product_brand?post=64372"},{"taxonomy":"product_cat","embeddable":true,"href":"https:\/\/tehnomag.md\/ru\/wp-json\/wp\/v2\/product_cat?post=64372"},{"taxonomy":"product_tag","embeddable":true,"href":"https:\/\/tehnomag.md\/ru\/wp-json\/wp\/v2\/product_tag?post=64372"}],"curies":[{"name":"wp","href":"https:\/\/api.w.org\/{rel}","templated":true}]}}