{"id":64366,"date":"2025-06-24T10:01:48","date_gmt":"2025-06-24T10:01:48","guid":{"rendered":"https:\/\/tehnomag.md\/?post_type=product&#038;p=64366"},"modified":"2025-07-19T08:15:17","modified_gmt":"2025-07-19T08:15:17","slug":"cratita-cu-coada-capac-maestro-mr-1224-24","status":"publish","type":"product","link":"https:\/\/tehnomag.md\/ru\/catalog\/vesela\/vase-de-gatit\/tigai\/cratita-cu-coada-capac-maestro-mr-1224-24\/","title":{"rendered":"Crati\u021b\u0103 cu coada + capac MAESTRO Mr-1224-24"},"content":{"rendered":"<p>Tigaie profesionala MR1224<br \/>\nCorpul este format din trei straturi:<br \/>\n&#8211; interior &#8211; o\u021bel inoxidabil texturat 304 cu acoperire antiaderent\u0103 rezistent\u0103 la zg\u00e2rieturi<br \/>\n&#8211; mediu &#8211; aluminiu pentru o mai bun\u0103 distribu\u021bie a temperaturii<br \/>\n&#8211; exterior &#8211; o\u021bel inoxidabil cu propriet\u0103\u021bi magnetice<br \/>\nEste posibil\u0103 utilizarea ustensilelor metalice de buc\u0103t\u0103rie<br \/>\nPotrivit pentru toate tipurile de plite, inclusiv cu induc\u021bie<br \/>\nPoate fi folosit \u00een cuptor p\u00e2n\u0103 la 260 \u00b0 C<br \/>\nSe poate sp\u0103la \u00een vase<\/p>","protected":false},"excerpt":{"rendered":"<p>Tigaie profesionala MR1224<br \/>\nCorpul este format din trei straturi:<br \/>\n&#8211; interior &#8211; o\u021bel inoxidabil texturat 304 cu acoperire antiaderent\u0103 rezistent\u0103 la zg\u00e2rieturi<br \/>\n&#8211; mediu &#8211; aluminiu pentru o mai bun\u0103 distribu\u021bie a temperaturii<br \/>\n&#8211; exterior &#8211; o\u021bel inoxidabil cu propriet\u0103\u021bi magnetice<br \/>\nEste posibil\u0103 utilizarea ustensilelor metalice de buc\u0103t\u0103rie<br \/>\nPotrivit pentru toate tipurile de plite, inclusiv cu induc\u021bie<br \/>\nPoate fi folosit \u00een cuptor p\u00e2n\u0103 la 260 \u00b0 C<br \/>\nSe poate sp\u0103la \u00een vase<\/p>","protected":false},"featured_media":64401,"template":"","meta":{"_acf_changed":false},"product_brand":[],"product_cat":[8579],"product_tag":[],"class_list":{"0":"post-64366","1":"product","2":"type-product","3":"status-publish","4":"has-post-thumbnail","6":"product_cat-tigai","8":"first","9":"instock","10":"shipping-taxable","11":"purchasable","12":"product-type-simple"},"acf":[],"_links":{"self":[{"href":"https:\/\/tehnomag.md\/ru\/wp-json\/wp\/v2\/product\/64366","targetHints":{"allow":["GET"]}}],"collection":[{"href":"https:\/\/tehnomag.md\/ru\/wp-json\/wp\/v2\/product"}],"about":[{"href":"https:\/\/tehnomag.md\/ru\/wp-json\/wp\/v2\/types\/product"}],"wp:featuredmedia":[{"embeddable":true,"href":"https:\/\/tehnomag.md\/ru\/wp-json\/wp\/v2\/media\/64401"}],"wp:attachment":[{"href":"https:\/\/tehnomag.md\/ru\/wp-json\/wp\/v2\/media?parent=64366"}],"wp:term":[{"taxonomy":"product_brand","embeddable":true,"href":"https:\/\/tehnomag.md\/ru\/wp-json\/wp\/v2\/product_brand?post=64366"},{"taxonomy":"product_cat","embeddable":true,"href":"https:\/\/tehnomag.md\/ru\/wp-json\/wp\/v2\/product_cat?post=64366"},{"taxonomy":"product_tag","embeddable":true,"href":"https:\/\/tehnomag.md\/ru\/wp-json\/wp\/v2\/product_tag?post=64366"}],"curies":[{"name":"wp","href":"https:\/\/api.w.org\/{rel}","templated":true}]}}