{"id":64215,"date":"2025-06-24T10:01:04","date_gmt":"2025-06-24T10:01:04","guid":{"rendered":"https:\/\/tehnomag.md\/?post_type=product&#038;p=64215"},"modified":"2025-07-19T08:15:11","modified_gmt":"2025-07-19T08:15:11","slug":"tigaie-maestro-mr1208-24","status":"publish","type":"product","link":"https:\/\/tehnomag.md\/ru\/catalog\/vesela\/vase-de-gatit\/tigai\/tigaie-maestro-mr1208-24\/","title":{"rendered":"Tigaie  MAESTRO Mr1208-24"},"content":{"rendered":"<p>Aluminiu de calitate superioar\u0103<br \/>\nAcoperire intern\u0103 antiderenta din ceramic\u0103 Greblon<br \/>\nPartea de jos inductiv\u0103<br \/>\n\u00cenc\u0103lzirea uniform\u0103 a suprafe\u021bei<br \/>\nProtec\u021bie de deforma\u021bie<br \/>\nPerioad\u0103 lung\u0103 de exploatare<br \/>\nConfort \u0219i simplitate \u00een utilizare \u0219i de \u00eengrijire<br \/>\nDimensiuni disponibile: \u00d824cm<\/p>","protected":false},"excerpt":{"rendered":"<p>Aluminiu de calitate superioar\u0103<br \/>\nAcoperire intern\u0103 antiderenta din ceramic\u0103 Greblon<br \/>\nPartea de jos inductiv\u0103<br \/>\n\u00cenc\u0103lzirea uniform\u0103 a suprafe\u021bei<br \/>\nProtec\u021bie de deforma\u021bie<br \/>\nPerioad\u0103 lung\u0103 de exploatare<br \/>\nConfort \u0219i simplitate \u00een utilizare \u0219i de \u00eengrijire<br \/>\nDimensiuni disponibile: \u00d824cm<\/p>","protected":false},"featured_media":64268,"template":"","meta":{"_acf_changed":false},"product_brand":[],"product_cat":[8579],"product_tag":[],"class_list":{"0":"post-64215","1":"product","2":"type-product","3":"status-publish","4":"has-post-thumbnail","6":"product_cat-tigai","8":"first","9":"instock","10":"shipping-taxable","11":"purchasable","12":"product-type-simple"},"acf":[],"_links":{"self":[{"href":"https:\/\/tehnomag.md\/ru\/wp-json\/wp\/v2\/product\/64215","targetHints":{"allow":["GET"]}}],"collection":[{"href":"https:\/\/tehnomag.md\/ru\/wp-json\/wp\/v2\/product"}],"about":[{"href":"https:\/\/tehnomag.md\/ru\/wp-json\/wp\/v2\/types\/product"}],"wp:featuredmedia":[{"embeddable":true,"href":"https:\/\/tehnomag.md\/ru\/wp-json\/wp\/v2\/media\/64268"}],"wp:attachment":[{"href":"https:\/\/tehnomag.md\/ru\/wp-json\/wp\/v2\/media?parent=64215"}],"wp:term":[{"taxonomy":"product_brand","embeddable":true,"href":"https:\/\/tehnomag.md\/ru\/wp-json\/wp\/v2\/product_brand?post=64215"},{"taxonomy":"product_cat","embeddable":true,"href":"https:\/\/tehnomag.md\/ru\/wp-json\/wp\/v2\/product_cat?post=64215"},{"taxonomy":"product_tag","embeddable":true,"href":"https:\/\/tehnomag.md\/ru\/wp-json\/wp\/v2\/product_tag?post=64215"}],"curies":[{"name":"wp","href":"https:\/\/api.w.org\/{rel}","templated":true}]}}