{"id":64110,"date":"2025-06-24T10:00:22","date_gmt":"2025-06-24T10:00:22","guid":{"rendered":"https:\/\/tehnomag.md\/?post_type=product&#038;p=64110"},"modified":"2025-07-19T08:15:06","modified_gmt":"2025-07-19T08:15:06","slug":"capac-sticla-20-%d1%81%d0%bc-balance-berghoff-3950437","status":"publish","type":"product","link":"https:\/\/tehnomag.md\/ru\/catalog\/vesela\/vase-de-gatit\/capace\/capac-sticla-20-%d1%81%d0%bc-balance-berghoff-3950437\/","title":{"rendered":"Capac sticla 20 \u0441\u043c Balance BergHOFF 3950437"},"content":{"rendered":"<p>Rezist\u0103 at\u00e2t c\u0103ldura ridicat\u0103, c\u00e2t \u0219i schimb\u0103rile de temperatur\u0103.<br \/>\nC\u00e2nd este \u00eendep\u0103rtat, capacul poate fi suspendat de m\u00e2nerul capacului.<br \/>\nSe poate sp\u0103la \u00een ma\u0219ina de sp\u0103lat vase.<\/p>\n<p>Diametru 20 cm.<\/p>","protected":false},"excerpt":{"rendered":"<p>Rezist\u0103 at\u00e2t c\u0103ldura ridicat\u0103, c\u00e2t \u0219i schimb\u0103rile de temperatur\u0103.<br \/>\nC\u00e2nd este \u00eendep\u0103rtat, capacul poate fi suspendat de m\u00e2nerul capacului.<br \/>\nSe poate sp\u0103la \u00een ma\u0219ina de sp\u0103lat vase.<\/p>\n<p>Diametru 20 cm.<\/p>","protected":false},"featured_media":64166,"template":"","meta":{"_acf_changed":false},"product_brand":[],"product_cat":[8575],"product_tag":[],"class_list":{"0":"post-64110","1":"product","2":"type-product","3":"status-publish","4":"has-post-thumbnail","6":"product_cat-capace","8":"first","9":"instock","10":"shipping-taxable","11":"purchasable","12":"product-type-simple"},"acf":[],"_links":{"self":[{"href":"https:\/\/tehnomag.md\/ru\/wp-json\/wp\/v2\/product\/64110","targetHints":{"allow":["GET"]}}],"collection":[{"href":"https:\/\/tehnomag.md\/ru\/wp-json\/wp\/v2\/product"}],"about":[{"href":"https:\/\/tehnomag.md\/ru\/wp-json\/wp\/v2\/types\/product"}],"wp:featuredmedia":[{"embeddable":true,"href":"https:\/\/tehnomag.md\/ru\/wp-json\/wp\/v2\/media\/64166"}],"wp:attachment":[{"href":"https:\/\/tehnomag.md\/ru\/wp-json\/wp\/v2\/media?parent=64110"}],"wp:term":[{"taxonomy":"product_brand","embeddable":true,"href":"https:\/\/tehnomag.md\/ru\/wp-json\/wp\/v2\/product_brand?post=64110"},{"taxonomy":"product_cat","embeddable":true,"href":"https:\/\/tehnomag.md\/ru\/wp-json\/wp\/v2\/product_cat?post=64110"},{"taxonomy":"product_tag","embeddable":true,"href":"https:\/\/tehnomag.md\/ru\/wp-json\/wp\/v2\/product_tag?post=64110"}],"curies":[{"name":"wp","href":"https:\/\/api.w.org\/{rel}","templated":true}]}}