{"id":64109,"date":"2025-06-24T10:00:22","date_gmt":"2025-06-24T10:00:22","guid":{"rendered":"https:\/\/tehnomag.md\/?post_type=product&#038;p=64109"},"modified":"2025-07-19T08:15:06","modified_gmt":"2025-07-19T08:15:06","slug":"capac-sticla-32%d1%81%d0%bc-sage-and-slate-berghoff-3950328","status":"publish","type":"product","link":"https:\/\/tehnomag.md\/ru\/catalog\/vesela\/vase-de-gatit\/capace\/capac-sticla-32%d1%81%d0%bc-sage-and-slate-berghoff-3950328\/","title":{"rendered":"Capac sticla 32\u0441\u043c Sage and Slate  BergHOFF 3950328"},"content":{"rendered":"<p>Capacul din seria LEO este o unealt\u0103 f\u0103r\u0103 precedent, prezentat\u0103 de compania BergHOFF la expozi\u021bia Ambiente 2022.<\/p>\n<p>Poate fi sp\u0103lat \u00een ma\u0219ina de sp\u0103lat vase.<\/p>","protected":false},"excerpt":{"rendered":"<p>Capacul din seria LEO este o unealt\u0103 f\u0103r\u0103 precedent, prezentat\u0103 de compania BergHOFF la expozi\u021bia Ambiente 2022.<\/p>\n<p>Poate fi sp\u0103lat \u00een ma\u0219ina de sp\u0103lat vase.<\/p>","protected":false},"featured_media":64165,"template":"","meta":{"_acf_changed":false},"product_brand":[],"product_cat":[8575],"product_tag":[],"class_list":{"0":"post-64109","1":"product","2":"type-product","3":"status-publish","4":"has-post-thumbnail","6":"product_cat-capace","8":"first","9":"instock","10":"shipping-taxable","11":"purchasable","12":"product-type-simple"},"acf":[],"_links":{"self":[{"href":"https:\/\/tehnomag.md\/ru\/wp-json\/wp\/v2\/product\/64109","targetHints":{"allow":["GET"]}}],"collection":[{"href":"https:\/\/tehnomag.md\/ru\/wp-json\/wp\/v2\/product"}],"about":[{"href":"https:\/\/tehnomag.md\/ru\/wp-json\/wp\/v2\/types\/product"}],"wp:featuredmedia":[{"embeddable":true,"href":"https:\/\/tehnomag.md\/ru\/wp-json\/wp\/v2\/media\/64165"}],"wp:attachment":[{"href":"https:\/\/tehnomag.md\/ru\/wp-json\/wp\/v2\/media?parent=64109"}],"wp:term":[{"taxonomy":"product_brand","embeddable":true,"href":"https:\/\/tehnomag.md\/ru\/wp-json\/wp\/v2\/product_brand?post=64109"},{"taxonomy":"product_cat","embeddable":true,"href":"https:\/\/tehnomag.md\/ru\/wp-json\/wp\/v2\/product_cat?post=64109"},{"taxonomy":"product_tag","embeddable":true,"href":"https:\/\/tehnomag.md\/ru\/wp-json\/wp\/v2\/product_tag?post=64109"}],"curies":[{"name":"wp","href":"https:\/\/api.w.org\/{rel}","templated":true}]}}