{"id":64101,"date":"2025-06-24T10:00:21","date_gmt":"2025-06-24T10:00:21","guid":{"rendered":"https:\/\/tehnomag.md\/?post_type=product&#038;p=64101"},"modified":"2025-07-19T08:15:04","modified_gmt":"2025-07-19T08:15:04","slug":"set-de-cratite-7ob-helix-berghoff-1315085","status":"publish","type":"product","link":"https:\/\/tehnomag.md\/ru\/catalog\/vesela\/vase-de-gatit\/cratite\/set-de-cratite-7ob-helix-berghoff-1315085\/","title":{"rendered":"Set de cratite 7ob Helix BergHOFF 1315085"},"content":{"rendered":"<p>Acest set de vase este format dintr-un oal\u0103 cu capac, dou\u0103 crati\u021be cu capac (20 \u0219i 24 cm) \u0219i o tigaie (24 cm), realizate din o\u021bel inoxidabil reciclat.<br \/>\nLustruirea \u00een oglind\u0103 ofer\u0103 acestor articole un aspect elegant. O\u021belul inoxidabil ofer\u0103 rezisten\u021b\u0103 \u0219i igien\u0103 sporite, iar fundul capsulei distribuie rapid \u0219i uniform c\u0103ldura pe toat\u0103 suprafa\u021ba pe toate tipurile de plite, inclusiv pe induc\u021bie.<br \/>\nM\u00e2nerul rezistent al tigaii faciliteaz\u0103 mutarea acesteia de la aragaz pe mas\u0103.<br \/>\nToate produsele se pot sp\u0103la \u00een ma\u0219ina de sp\u0103lat vase \u0219i sunt rezistente la cuptor p\u00e2n\u0103 la 230\u00b0C.<\/p>","protected":false},"excerpt":{"rendered":"<p>Acest set de vase este format dintr-un oal\u0103 cu capac, dou\u0103 crati\u021be cu capac (20 \u0219i 24 cm) \u0219i o tigaie (24 cm), realizate din o\u021bel inoxidabil reciclat.<br \/>\nLustruirea \u00een oglind\u0103 ofer\u0103 acestor articole un aspect elegant. O\u021belul inoxidabil ofer\u0103 rezisten\u021b\u0103 \u0219i igien\u0103 sporite, iar fundul capsulei distribuie rapid \u0219i uniform c\u0103ldura pe toat\u0103 suprafa\u021ba pe toate tipurile de plite, inclusiv pe induc\u021bie.<br \/>\nM\u00e2nerul rezistent al tigaii faciliteaz\u0103 mutarea acesteia de la aragaz pe mas\u0103.<br \/>\nToate produsele se pot sp\u0103la \u00een ma\u0219ina de sp\u0103lat vase \u0219i sunt rezistente la cuptor p\u00e2n\u0103 la 230\u00b0C.<\/p>","protected":false},"featured_media":64156,"template":"","meta":{"_acf_changed":false},"product_brand":[],"product_cat":[8574],"product_tag":[],"class_list":{"0":"post-64101","1":"product","2":"type-product","3":"status-publish","4":"has-post-thumbnail","6":"product_cat-cratite","8":"first","9":"instock","10":"shipping-taxable","11":"purchasable","12":"product-type-simple"},"acf":[],"_links":{"self":[{"href":"https:\/\/tehnomag.md\/ru\/wp-json\/wp\/v2\/product\/64101","targetHints":{"allow":["GET"]}}],"collection":[{"href":"https:\/\/tehnomag.md\/ru\/wp-json\/wp\/v2\/product"}],"about":[{"href":"https:\/\/tehnomag.md\/ru\/wp-json\/wp\/v2\/types\/product"}],"wp:featuredmedia":[{"embeddable":true,"href":"https:\/\/tehnomag.md\/ru\/wp-json\/wp\/v2\/media\/64156"}],"wp:attachment":[{"href":"https:\/\/tehnomag.md\/ru\/wp-json\/wp\/v2\/media?parent=64101"}],"wp:term":[{"taxonomy":"product_brand","embeddable":true,"href":"https:\/\/tehnomag.md\/ru\/wp-json\/wp\/v2\/product_brand?post=64101"},{"taxonomy":"product_cat","embeddable":true,"href":"https:\/\/tehnomag.md\/ru\/wp-json\/wp\/v2\/product_cat?post=64101"},{"taxonomy":"product_tag","embeddable":true,"href":"https:\/\/tehnomag.md\/ru\/wp-json\/wp\/v2\/product_tag?post=64101"}],"curies":[{"name":"wp","href":"https:\/\/api.w.org\/{rel}","templated":true}]}}