{"id":64098,"date":"2025-06-24T10:00:21","date_gmt":"2025-06-24T10:00:21","guid":{"rendered":"https:\/\/tehnomag.md\/?post_type=product&#038;p=64098"},"modified":"2025-07-19T08:15:04","modified_gmt":"2025-07-19T08:15:04","slug":"set-de-cratite-6ob-uqonic-downdraft-berghoff-1111051","status":"publish","type":"product","link":"https:\/\/tehnomag.md\/ru\/catalog\/vesela\/vase-de-gatit\/cratite\/set-de-cratite-6ob-uqonic-downdraft-berghoff-1111051\/","title":{"rendered":"Set de cratite 6ob Uqonic Downdraft BergHOFF 1111051"},"content":{"rendered":"<p>Set de cratite de g\u0103tit este conceput pentru toate tipurile de plite, inclusiv panouri cu func\u021bie de downdraft.<br \/>\nPartea inferioar\u0103 a capsulei cu trei straturi pentru o distribu\u021bie rapid\u0103 \u0219i uniform\u0103 a c\u0103ldurii \u0219i o g\u0103tit eficient din punct de vedere energetic, m\u00e2nere reci pentru un plus de confort \u0219i siguran\u021b\u0103, usor de curatat, capace din sticl\u0103 cu orificii de aerisire \u00eencorporate. C\u00e2nd este \u00eentors la 180 de grade, capacul acoper\u0103 complet tigaia. Nu este potrivit pentru cuptor.<\/p>\n<p>Setul include:<\/p>\n<p>Codar cu capac, dia. 20 cm, 2,8 l<br \/>\nTigaie cu capac, dia. 20 cm, 4,2 l<br \/>\nTigaie cu capac, dia. 24 cm, 5,7 l<\/p>","protected":false},"excerpt":{"rendered":"<p>Set de cratite de g\u0103tit este conceput pentru toate tipurile de plite, inclusiv panouri cu func\u021bie de downdraft.<br \/>\nPartea inferioar\u0103 a capsulei cu trei straturi pentru o distribu\u021bie rapid\u0103 \u0219i uniform\u0103 a c\u0103ldurii \u0219i o g\u0103tit eficient din punct de vedere energetic, m\u00e2nere reci pentru un plus de confort \u0219i siguran\u021b\u0103, usor de curatat, capace din sticl\u0103 cu orificii de aerisire \u00eencorporate. C\u00e2nd este \u00eentors la 180 de grade, capacul acoper\u0103 complet tigaia. Nu este potrivit pentru cuptor.<\/p>\n<p>Setul include:<\/p>\n<p>Codar cu capac, dia. 20 cm, 2,8 l<br \/>\nTigaie cu capac, dia. 20 cm, 4,2 l<br \/>\nTigaie cu capac, dia. 24 cm, 5,7 l<\/p>","protected":false},"featured_media":64134,"template":"","meta":{"_acf_changed":false},"product_brand":[],"product_cat":[8574],"product_tag":[],"class_list":{"0":"post-64098","1":"product","2":"type-product","3":"status-publish","4":"has-post-thumbnail","6":"product_cat-cratite","8":"first","9":"instock","10":"shipping-taxable","11":"purchasable","12":"product-type-simple"},"acf":[],"_links":{"self":[{"href":"https:\/\/tehnomag.md\/ru\/wp-json\/wp\/v2\/product\/64098","targetHints":{"allow":["GET"]}}],"collection":[{"href":"https:\/\/tehnomag.md\/ru\/wp-json\/wp\/v2\/product"}],"about":[{"href":"https:\/\/tehnomag.md\/ru\/wp-json\/wp\/v2\/types\/product"}],"wp:featuredmedia":[{"embeddable":true,"href":"https:\/\/tehnomag.md\/ru\/wp-json\/wp\/v2\/media\/64134"}],"wp:attachment":[{"href":"https:\/\/tehnomag.md\/ru\/wp-json\/wp\/v2\/media?parent=64098"}],"wp:term":[{"taxonomy":"product_brand","embeddable":true,"href":"https:\/\/tehnomag.md\/ru\/wp-json\/wp\/v2\/product_brand?post=64098"},{"taxonomy":"product_cat","embeddable":true,"href":"https:\/\/tehnomag.md\/ru\/wp-json\/wp\/v2\/product_cat?post=64098"},{"taxonomy":"product_tag","embeddable":true,"href":"https:\/\/tehnomag.md\/ru\/wp-json\/wp\/v2\/product_tag?post=64098"}],"curies":[{"name":"wp","href":"https:\/\/api.w.org\/{rel}","templated":true}]}}