{"id":64096,"date":"2025-06-24T10:00:21","date_gmt":"2025-06-24T10:00:21","guid":{"rendered":"https:\/\/tehnomag.md\/?post_type=product&#038;p=64096"},"modified":"2025-07-19T08:15:04","modified_gmt":"2025-07-19T08:15:04","slug":"set-cratite-din-3pcs-downdraft-berghoff-1111048","status":"publish","type":"product","link":"https:\/\/tehnomag.md\/ru\/catalog\/vesela\/vase-de-gatit\/cratite\/set-cratite-din-3pcs-downdraft-berghoff-1111048\/","title":{"rendered":"Set cratite din 3pcs  DOWNDRAFT BergHOFF 1111048"},"content":{"rendered":"<p>Seria: HELIX<br \/>\nMaterial: o\u021bel inoxidabil 18\/10<br \/>\nMaterial capac: sticla termorezistenta cu margine metalica<br \/>\nMaterial maner: otel inoxidabil 18\/10<\/p>\n<p>Caracteristici:<br \/>\nCarcasa din otel inoxidabil reciclat;<br \/>\nFundul capsulei cu 3 straturi asigur\u0103 o \u00eenc\u0103lzire rapid\u0103 \u0219i o distribu\u021bie uniform\u0103 a c\u0103ldurii;<br \/>\n Marcajele de volum sunt aplicate pe peretele interior; capac elegant din sticl\u0103 colorat\u0103 neagr\u0103 cu o ie\u0219ire de abur \u00eencorporat\u0103; datorita capacului de sticla puteti monitoriza pregatirea vaselor;<br \/>\n Potrivit pentru toate tipurile de sobe, inclusiv cu induc\u021bie;<br \/>\n rezisten\u021b\u0103 la temperaturi de p\u00e2n\u0103 la 250\u00b0C;<br \/>\n Usor de curatat<br \/>\n\u00cengrijire: se poate sp\u0103la \u00een ma\u0219ina de sp\u0103lat vase<\/p>","protected":false},"excerpt":{"rendered":"<p>Seria: HELIX<br \/>\nMaterial: o\u021bel inoxidabil 18\/10<br \/>\nMaterial capac: sticla termorezistenta cu margine metalica<br \/>\nMaterial maner: otel inoxidabil 18\/10<\/p>\n<p>Caracteristici:<br \/>\nCarcasa din otel inoxidabil reciclat;<br \/>\nFundul capsulei cu 3 straturi asigur\u0103 o \u00eenc\u0103lzire rapid\u0103 \u0219i o distribu\u021bie uniform\u0103 a c\u0103ldurii;<br \/>\n Marcajele de volum sunt aplicate pe peretele interior; capac elegant din sticl\u0103 colorat\u0103 neagr\u0103 cu o ie\u0219ire de abur \u00eencorporat\u0103; datorita capacului de sticla puteti monitoriza pregatirea vaselor;<br \/>\n Potrivit pentru toate tipurile de sobe, inclusiv cu induc\u021bie;<br \/>\n rezisten\u021b\u0103 la temperaturi de p\u00e2n\u0103 la 250\u00b0C;<br \/>\n Usor de curatat<br \/>\n\u00cengrijire: se poate sp\u0103la \u00een ma\u0219ina de sp\u0103lat vase<\/p>","protected":false},"featured_media":64130,"template":"","meta":{"_acf_changed":false},"product_brand":[],"product_cat":[8574],"product_tag":[],"class_list":{"0":"post-64096","1":"product","2":"type-product","3":"status-publish","4":"has-post-thumbnail","6":"product_cat-cratite","8":"first","9":"instock","10":"shipping-taxable","11":"purchasable","12":"product-type-simple"},"acf":[],"_links":{"self":[{"href":"https:\/\/tehnomag.md\/ru\/wp-json\/wp\/v2\/product\/64096","targetHints":{"allow":["GET"]}}],"collection":[{"href":"https:\/\/tehnomag.md\/ru\/wp-json\/wp\/v2\/product"}],"about":[{"href":"https:\/\/tehnomag.md\/ru\/wp-json\/wp\/v2\/types\/product"}],"wp:featuredmedia":[{"embeddable":true,"href":"https:\/\/tehnomag.md\/ru\/wp-json\/wp\/v2\/media\/64130"}],"wp:attachment":[{"href":"https:\/\/tehnomag.md\/ru\/wp-json\/wp\/v2\/media?parent=64096"}],"wp:term":[{"taxonomy":"product_brand","embeddable":true,"href":"https:\/\/tehnomag.md\/ru\/wp-json\/wp\/v2\/product_brand?post=64096"},{"taxonomy":"product_cat","embeddable":true,"href":"https:\/\/tehnomag.md\/ru\/wp-json\/wp\/v2\/product_cat?post=64096"},{"taxonomy":"product_tag","embeddable":true,"href":"https:\/\/tehnomag.md\/ru\/wp-json\/wp\/v2\/product_tag?post=64096"}],"curies":[{"name":"wp","href":"https:\/\/api.w.org\/{rel}","templated":true}]}}