{"id":64057,"date":"2025-06-24T10:00:00","date_gmt":"2025-06-24T10:00:00","guid":{"rendered":"https:\/\/tehnomag.md\/?post_type=product&#038;p=64057"},"modified":"2025-07-19T08:15:03","modified_gmt":"2025-07-19T08:15:03","slug":"cratita-cu-capac-leo-stone-24x14cm-berghoff-3950594","status":"publish","type":"product","link":"https:\/\/tehnomag.md\/ru\/catalog\/vesela\/vase-de-gatit\/cratite\/cratita-cu-capac-leo-stone-24x14cm-berghoff-3950594\/","title":{"rendered":"Cratita cu capac  Leo Stone  24x14cm BergHOFF 3950594"},"content":{"rendered":"<p>Cazan cu capac 24 cm 4.4L Leo Stone<\/p>\n<p>Oala cu capac din seria Leo este o unealt\u0103 f\u0103r\u0103 precedent.<\/p>\n<p>O caracteristic\u0103 distinctiv\u0103 a seriei este designul unic care garanteaz\u0103 o utilizare comod\u0103 \u0219i eficient\u0103 a vaselor.<\/p>\n<p>Oala este fabricat\u0103 din aluminiu turnat sub presiune, care asigur\u0103 o distribu\u021bie uniform\u0103 a c\u0103ldurii.<br \/>\nSuprafa\u021ba interioar\u0103 a oalei este placat\u0103 cu o acoperire antiaderent\u0103 Fernogreen care nu con\u021bine substan\u021be nocive \u0219i are o suprafa\u021b\u0103 perfect neted\u0103 pentru o cur\u0103\u021bare mai u\u0219oar\u0103 \u0219i eficient\u0103 a vaselor.<\/p>\n<p>Capacul este fabricat din sticl\u0103 termorezistent\u0103, cu o jant\u0103 din silicon pe margine.<br \/>\nDatorit\u0103 g\u0103urilor din jant\u0103, pute\u021bi scurge lichidul din tigaie f\u0103r\u0103 a scoate capacul.<br \/>\nForma original\u0103 cu m\u00e2ner \u00eenalt v\u0103 permite s\u0103 fixa\u021bi ferm capacul pe marginea vasului.<\/p>\n<p>M\u00e2nerele nu se \u00eenc\u0103lzesc.<br \/>\nSe recomand\u0103 sp\u0103larea manual\u0103.<br \/>\nPotrivit\u0103 pentru toate tipurile moderne de suprafe\u021be de g\u0103tit.<\/p>\n<p>Diametru: 24 cm * 14cm, Volum: 5.5 litri<\/p>","protected":false},"excerpt":{"rendered":"<p>Cazan cu capac 24 cm 4.4L Leo Stone<\/p>\n<p>Oala cu capac din seria Leo este o unealt\u0103 f\u0103r\u0103 precedent.<\/p>\n<p>O caracteristic\u0103 distinctiv\u0103 a seriei este designul unic care garanteaz\u0103 o utilizare comod\u0103 \u0219i eficient\u0103 a vaselor.<\/p>\n<p>Oala este fabricat\u0103 din aluminiu turnat sub presiune, care asigur\u0103 o distribu\u021bie uniform\u0103 a c\u0103ldurii.<br \/>\nSuprafa\u021ba interioar\u0103 a oalei este placat\u0103 cu o acoperire antiaderent\u0103 Fernogreen care nu con\u021bine substan\u021be nocive \u0219i are o suprafa\u021b\u0103 perfect neted\u0103 pentru o cur\u0103\u021bare mai u\u0219oar\u0103 \u0219i eficient\u0103 a vaselor.<\/p>\n<p>Capacul este fabricat din sticl\u0103 termorezistent\u0103, cu o jant\u0103 din silicon pe margine.<br \/>\nDatorit\u0103 g\u0103urilor din jant\u0103, pute\u021bi scurge lichidul din tigaie f\u0103r\u0103 a scoate capacul.<br \/>\nForma original\u0103 cu m\u00e2ner \u00eenalt v\u0103 permite s\u0103 fixa\u021bi ferm capacul pe marginea vasului.<\/p>\n<p>M\u00e2nerele nu se \u00eenc\u0103lzesc.<br \/>\nSe recomand\u0103 sp\u0103larea manual\u0103.<br \/>\nPotrivit\u0103 pentru toate tipurile moderne de suprafe\u021be de g\u0103tit.<\/p>\n<p>Diametru: 24 cm * 14cm, Volum: 5.5 litri<\/p>","protected":false},"featured_media":64119,"template":"","meta":{"_acf_changed":false},"product_brand":[],"product_cat":[8574],"product_tag":[],"class_list":{"0":"post-64057","1":"product","2":"type-product","3":"status-publish","4":"has-post-thumbnail","6":"product_cat-cratite","8":"first","9":"instock","10":"shipping-taxable","11":"purchasable","12":"product-type-simple"},"acf":[],"_links":{"self":[{"href":"https:\/\/tehnomag.md\/ru\/wp-json\/wp\/v2\/product\/64057","targetHints":{"allow":["GET"]}}],"collection":[{"href":"https:\/\/tehnomag.md\/ru\/wp-json\/wp\/v2\/product"}],"about":[{"href":"https:\/\/tehnomag.md\/ru\/wp-json\/wp\/v2\/types\/product"}],"wp:featuredmedia":[{"embeddable":true,"href":"https:\/\/tehnomag.md\/ru\/wp-json\/wp\/v2\/media\/64119"}],"wp:attachment":[{"href":"https:\/\/tehnomag.md\/ru\/wp-json\/wp\/v2\/media?parent=64057"}],"wp:term":[{"taxonomy":"product_brand","embeddable":true,"href":"https:\/\/tehnomag.md\/ru\/wp-json\/wp\/v2\/product_brand?post=64057"},{"taxonomy":"product_cat","embeddable":true,"href":"https:\/\/tehnomag.md\/ru\/wp-json\/wp\/v2\/product_cat?post=64057"},{"taxonomy":"product_tag","embeddable":true,"href":"https:\/\/tehnomag.md\/ru\/wp-json\/wp\/v2\/product_tag?post=64057"}],"curies":[{"name":"wp","href":"https:\/\/api.w.org\/{rel}","templated":true}]}}