{"id":64053,"date":"2025-06-24T09:59:59","date_gmt":"2025-06-24T09:59:59","guid":{"rendered":"https:\/\/tehnomag.md\/?post_type=product&#038;p=64053"},"modified":"2025-07-19T08:15:02","modified_gmt":"2025-07-19T08:15:02","slug":"cratita-cu-capac-helix-26cm-10-l-berghoff-1315081","status":"publish","type":"product","link":"https:\/\/tehnomag.md\/ru\/catalog\/vesela\/vase-de-gatit\/cratite\/cratita-cu-capac-helix-26cm-10-l-berghoff-1315081\/","title":{"rendered":"Cratita cu capac Helix 26cm 10 L BergHOFF 1315081"},"content":{"rendered":"<p>Seria: HELIX<br \/>\nMaterial: o\u021bel inoxidabil 18\/10<br \/>\nMaterial capac: sticla termorezistenta cu margine metalica<br \/>\nMaterial maner: otel inoxidabil 18\/10<\/p>\n<p>Caracteristici:<br \/>\nCarcasa din otel inoxidabil reciclat;<br \/>\nFundul capsulei cu 3 straturi asigur\u0103 o \u00eenc\u0103lzire rapid\u0103 \u0219i o distribu\u021bie uniform\u0103 a c\u0103ldurii;<br \/>\n Marcajele de volum sunt aplicate pe peretele interior; capac elegant din sticl\u0103 colorat\u0103 neagr\u0103 cu o ie\u0219ire de abur \u00eencorporat\u0103; datorita capacului de sticla puteti monitoriza pregatirea vaselor;<br \/>\n Potrivit pentru toate tipurile de sobe, inclusiv cu induc\u021bie;<br \/>\n Usor de curatat<br \/>\n\u00cengrijire: se poate sp\u0103la \u00een ma\u0219ina de sp\u0103lat vase<\/p>\n<p>Diametru 26cm,  Volum 10L<\/p>","protected":false},"excerpt":{"rendered":"<p>Seria: HELIX<br \/>\nMaterial: o\u021bel inoxidabil 18\/10<br \/>\nMaterial capac: sticla termorezistenta cu margine metalica<br \/>\nMaterial maner: otel inoxidabil 18\/10<\/p>\n<p>Caracteristici:<br \/>\nCarcasa din otel inoxidabil reciclat;<br \/>\nFundul capsulei cu 3 straturi asigur\u0103 o \u00eenc\u0103lzire rapid\u0103 \u0219i o distribu\u021bie uniform\u0103 a c\u0103ldurii;<br \/>\n Marcajele de volum sunt aplicate pe peretele interior; capac elegant din sticl\u0103 colorat\u0103 neagr\u0103 cu o ie\u0219ire de abur \u00eencorporat\u0103; datorita capacului de sticla puteti monitoriza pregatirea vaselor;<br \/>\n Potrivit pentru toate tipurile de sobe, inclusiv cu induc\u021bie;<br \/>\n Usor de curatat<br \/>\n\u00cengrijire: se poate sp\u0103la \u00een ma\u0219ina de sp\u0103lat vase<\/p>\n<p>Diametru 26cm,  Volum 10L<\/p>","protected":false},"featured_media":64113,"template":"","meta":{"_acf_changed":false},"product_brand":[],"product_cat":[8574],"product_tag":[],"class_list":{"0":"post-64053","1":"product","2":"type-product","3":"status-publish","4":"has-post-thumbnail","6":"product_cat-cratite","8":"first","9":"instock","10":"shipping-taxable","11":"purchasable","12":"product-type-simple"},"acf":[],"_links":{"self":[{"href":"https:\/\/tehnomag.md\/ru\/wp-json\/wp\/v2\/product\/64053","targetHints":{"allow":["GET"]}}],"collection":[{"href":"https:\/\/tehnomag.md\/ru\/wp-json\/wp\/v2\/product"}],"about":[{"href":"https:\/\/tehnomag.md\/ru\/wp-json\/wp\/v2\/types\/product"}],"wp:featuredmedia":[{"embeddable":true,"href":"https:\/\/tehnomag.md\/ru\/wp-json\/wp\/v2\/media\/64113"}],"wp:attachment":[{"href":"https:\/\/tehnomag.md\/ru\/wp-json\/wp\/v2\/media?parent=64053"}],"wp:term":[{"taxonomy":"product_brand","embeddable":true,"href":"https:\/\/tehnomag.md\/ru\/wp-json\/wp\/v2\/product_brand?post=64053"},{"taxonomy":"product_cat","embeddable":true,"href":"https:\/\/tehnomag.md\/ru\/wp-json\/wp\/v2\/product_cat?post=64053"},{"taxonomy":"product_tag","embeddable":true,"href":"https:\/\/tehnomag.md\/ru\/wp-json\/wp\/v2\/product_tag?post=64053"}],"curies":[{"name":"wp","href":"https:\/\/api.w.org\/{rel}","templated":true}]}}