{"id":64052,"date":"2025-06-24T09:59:59","date_gmt":"2025-06-24T09:59:59","guid":{"rendered":"https:\/\/tehnomag.md\/?post_type=product&#038;p=64052"},"modified":"2025-07-19T08:15:02","modified_gmt":"2025-07-19T08:15:02","slug":"cratita-cu-capac-gem-28cm-7-3l-berghoff-2307311","status":"publish","type":"product","link":"https:\/\/tehnomag.md\/ru\/catalog\/vesela\/vase-de-gatit\/cratite\/cratita-cu-capac-gem-28cm-7-3l-berghoff-2307311\/","title":{"rendered":"Cratita cu capac  GEM  28cm 7.3L  BergHOFF 2307311"},"content":{"rendered":"<p>olec\u021bia de vesel\u0103 GEM<br \/>\nTigaia este fabricat\u0103 din aluminiu turnat, care are o conductivitate termic\u0103 ridicat\u0103 \u0219i este ecologic\u0103. Exteriorul are un strat care este rezistent la zg\u00e2rieturi \u0219i deterior\u0103ri mecanice. \u00cen interior exist\u0103 un strat modern antiaderent Fernogreen, care nu con\u021bine substan\u021be nocive \u0219i are o suprafa\u021b\u0103 perfect neted\u0103 pentru \u00eengrijirea confortabil\u0103 a vaselor de g\u0103tit. Partea inferioar\u0103 este un disc solid din aluminiu, care acumuleaz\u0103 c\u0103ldur\u0103 \u0219i economise\u0219te costurile de energie pentru g\u0103tit. Mecanism convenabil pentru scoaterea\/ata\u0219area m\u00e2nerului &#8211; cu un singur clic. Capac din sticl\u0103 rezistent la c\u0103ldur\u0103, cu m\u00e2ner metalic confortabil. Potrivit pentru g\u0103tit pe toate tipurile moderne de sobe. Se recomand\u0103 sp\u0103larea m\u00e2inilor.<\/p>","protected":false},"excerpt":{"rendered":"<p>olec\u021bia de vesel\u0103 GEM<br \/>\nTigaia este fabricat\u0103 din aluminiu turnat, care are o conductivitate termic\u0103 ridicat\u0103 \u0219i este ecologic\u0103. Exteriorul are un strat care este rezistent la zg\u00e2rieturi \u0219i deterior\u0103ri mecanice. \u00cen interior exist\u0103 un strat modern antiaderent Fernogreen, care nu con\u021bine substan\u021be nocive \u0219i are o suprafa\u021b\u0103 perfect neted\u0103 pentru \u00eengrijirea confortabil\u0103 a vaselor de g\u0103tit. Partea inferioar\u0103 este un disc solid din aluminiu, care acumuleaz\u0103 c\u0103ldur\u0103 \u0219i economise\u0219te costurile de energie pentru g\u0103tit. Mecanism convenabil pentru scoaterea\/ata\u0219area m\u00e2nerului &#8211; cu un singur clic. Capac din sticl\u0103 rezistent la c\u0103ldur\u0103, cu m\u00e2ner metalic confortabil. Potrivit pentru g\u0103tit pe toate tipurile moderne de sobe. Se recomand\u0103 sp\u0103larea m\u00e2inilor.<\/p>","protected":false},"featured_media":64111,"template":"","meta":{"_acf_changed":false},"product_brand":[],"product_cat":[8574],"product_tag":[],"class_list":{"0":"post-64052","1":"product","2":"type-product","3":"status-publish","4":"has-post-thumbnail","6":"product_cat-cratite","8":"first","9":"instock","10":"shipping-taxable","11":"purchasable","12":"product-type-simple"},"acf":[],"_links":{"self":[{"href":"https:\/\/tehnomag.md\/ru\/wp-json\/wp\/v2\/product\/64052","targetHints":{"allow":["GET"]}}],"collection":[{"href":"https:\/\/tehnomag.md\/ru\/wp-json\/wp\/v2\/product"}],"about":[{"href":"https:\/\/tehnomag.md\/ru\/wp-json\/wp\/v2\/types\/product"}],"wp:featuredmedia":[{"embeddable":true,"href":"https:\/\/tehnomag.md\/ru\/wp-json\/wp\/v2\/media\/64111"}],"wp:attachment":[{"href":"https:\/\/tehnomag.md\/ru\/wp-json\/wp\/v2\/media?parent=64052"}],"wp:term":[{"taxonomy":"product_brand","embeddable":true,"href":"https:\/\/tehnomag.md\/ru\/wp-json\/wp\/v2\/product_brand?post=64052"},{"taxonomy":"product_cat","embeddable":true,"href":"https:\/\/tehnomag.md\/ru\/wp-json\/wp\/v2\/product_cat?post=64052"},{"taxonomy":"product_tag","embeddable":true,"href":"https:\/\/tehnomag.md\/ru\/wp-json\/wp\/v2\/product_tag?post=64052"}],"curies":[{"name":"wp","href":"https:\/\/api.w.org\/{rel}","templated":true}]}}