{"id":64042,"date":"2025-06-24T09:59:58","date_gmt":"2025-06-24T09:59:58","guid":{"rendered":"https:\/\/tehnomag.md\/?post_type=product&#038;p=64042"},"modified":"2025-07-19T08:15:01","modified_gmt":"2025-07-19T08:15:01","slug":"cazan-cu-capac-24x11cm-4-1l-balance-moonmist-berghoff-3950429","status":"publish","type":"product","link":"https:\/\/tehnomag.md\/ru\/catalog\/vesela\/vase-de-gatit\/cratite\/cazan-cu-capac-24x11cm-4-1l-balance-moonmist-berghoff-3950429\/","title":{"rendered":"Cazan cu capac 24x11cm 4.1L Balance Moonmist BergHOFF 3950429"},"content":{"rendered":"<p>Colec\u021bie: LEO<br \/>\nMaterial: aluminiu extrudat<br \/>\nMaterial maner: plastic (nu se incalzeste)<br \/>\nAcoperire: Acoperire antiaderen\u021b\u0103 cu mai multe straturi Ferno Green<br \/>\nCaracteristici: potrivit pentru toate tipurile de aragaz, nu este potrivit pentru utilizare la cuptor.<br \/>\nIngrijire: se recomanda spalarea manuala; Se recomand\u0103 utilizarea ustensilelor de buc\u0103t\u0103rie nemetalice (polipropilen\u0103, silicon, lemn) pentru a preveni deteriorarea stratului antiaderent.<\/p>","protected":false},"excerpt":{"rendered":"<p>Colec\u021bie: LEO<br \/>\nMaterial: aluminiu extrudat<br \/>\nMaterial maner: plastic (nu se incalzeste)<br \/>\nAcoperire: Acoperire antiaderen\u021b\u0103 cu mai multe straturi Ferno Green<br \/>\nCaracteristici: potrivit pentru toate tipurile de aragaz, nu este potrivit pentru utilizare la cuptor.<br \/>\nIngrijire: se recomanda spalarea manuala; Se recomand\u0103 utilizarea ustensilelor de buc\u0103t\u0103rie nemetalice (polipropilen\u0103, silicon, lemn) pentru a preveni deteriorarea stratului antiaderent.<\/p>","protected":false},"featured_media":64075,"template":"","meta":{"_acf_changed":false},"product_brand":[],"product_cat":[8574],"product_tag":[],"class_list":{"0":"post-64042","1":"product","2":"type-product","3":"status-publish","4":"has-post-thumbnail","6":"product_cat-cratite","8":"first","9":"instock","10":"shipping-taxable","11":"purchasable","12":"product-type-simple"},"acf":[],"_links":{"self":[{"href":"https:\/\/tehnomag.md\/ru\/wp-json\/wp\/v2\/product\/64042","targetHints":{"allow":["GET"]}}],"collection":[{"href":"https:\/\/tehnomag.md\/ru\/wp-json\/wp\/v2\/product"}],"about":[{"href":"https:\/\/tehnomag.md\/ru\/wp-json\/wp\/v2\/types\/product"}],"wp:featuredmedia":[{"embeddable":true,"href":"https:\/\/tehnomag.md\/ru\/wp-json\/wp\/v2\/media\/64075"}],"wp:attachment":[{"href":"https:\/\/tehnomag.md\/ru\/wp-json\/wp\/v2\/media?parent=64042"}],"wp:term":[{"taxonomy":"product_brand","embeddable":true,"href":"https:\/\/tehnomag.md\/ru\/wp-json\/wp\/v2\/product_brand?post=64042"},{"taxonomy":"product_cat","embeddable":true,"href":"https:\/\/tehnomag.md\/ru\/wp-json\/wp\/v2\/product_cat?post=64042"},{"taxonomy":"product_tag","embeddable":true,"href":"https:\/\/tehnomag.md\/ru\/wp-json\/wp\/v2\/product_tag?post=64042"}],"curies":[{"name":"wp","href":"https:\/\/api.w.org\/{rel}","templated":true}]}}