{"id":64040,"date":"2025-06-24T09:59:58","date_gmt":"2025-06-24T09:59:58","guid":{"rendered":"https:\/\/tehnomag.md\/?post_type=product&#038;p=64040"},"modified":"2025-07-19T08:15:00","modified_gmt":"2025-07-19T08:15:00","slug":"cratita-maestro-mr-3515-22","status":"publish","type":"product","link":"https:\/\/tehnomag.md\/ru\/catalog\/vesela\/vase-de-gatit\/cratite\/cratita-maestro-mr-3515-22\/","title":{"rendered":"Crati\u021b\u0103 MAESTRO Mr-3515-22"},"content":{"rendered":"<p>Crati\u021b\u0103 maestro actualizat\u0103 MR 3515-22 Design modern, lustruire str\u0103lucitoare \u0219i m\u00e2nere rotunjite frumoase. Arat\u0103 la mod\u0103, modern \u0219i \u00een acela\u0219i timp confortabil. Designul s\u0103u rotunjit re\u021bine mai mult lichid dec\u00e2t modelele comparabile cu pere\u021bi drepti.<\/p>\n<p>Caracteristici Maestro MR 3515-22:<br \/>\nDiametru: 22 cm<br \/>\nVolum: 4,9 l<br \/>\nMaterial &#8211; o\u021bel inoxidabil de \u00eenalt\u0103 calitate<br \/>\nM\u00e2nere metalice confortabile<br \/>\nScala de volum lichid<br \/>\nPartea inferioar\u0103 de stocare termic\u0103 multistrat<br \/>\nPotrivit pentru toate tipurile de plite \u0219i plite<br \/>\nCapac din sticl\u0103 c\u0103lit\u0103 cu orificii de eliberare a aburului<br \/>\nPoate fi spalat in masina de spalat vase<\/p>","protected":false},"excerpt":{"rendered":"<p>Crati\u021b\u0103 maestro actualizat\u0103 MR 3515-22 Design modern, lustruire str\u0103lucitoare \u0219i m\u00e2nere rotunjite frumoase. Arat\u0103 la mod\u0103, modern \u0219i \u00een acela\u0219i timp confortabil. Designul s\u0103u rotunjit re\u021bine mai mult lichid dec\u00e2t modelele comparabile cu pere\u021bi drepti.<\/p>\n<p>Caracteristici Maestro MR 3515-22:<br \/>\nDiametru: 22 cm<br \/>\nVolum: 4,9 l<br \/>\nMaterial &#8211; o\u021bel inoxidabil de \u00eenalt\u0103 calitate<br \/>\nM\u00e2nere metalice confortabile<br \/>\nScala de volum lichid<br \/>\nPartea inferioar\u0103 de stocare termic\u0103 multistrat<br \/>\nPotrivit pentru toate tipurile de plite \u0219i plite<br \/>\nCapac din sticl\u0103 c\u0103lit\u0103 cu orificii de eliberare a aburului<br \/>\nPoate fi spalat in masina de spalat vase<\/p>","protected":false},"featured_media":64073,"template":"","meta":{"_acf_changed":false},"product_brand":[],"product_cat":[8574],"product_tag":[],"class_list":{"0":"post-64040","1":"product","2":"type-product","3":"status-publish","4":"has-post-thumbnail","6":"product_cat-cratite","8":"first","9":"instock","10":"shipping-taxable","11":"purchasable","12":"product-type-simple"},"acf":[],"_links":{"self":[{"href":"https:\/\/tehnomag.md\/ru\/wp-json\/wp\/v2\/product\/64040","targetHints":{"allow":["GET"]}}],"collection":[{"href":"https:\/\/tehnomag.md\/ru\/wp-json\/wp\/v2\/product"}],"about":[{"href":"https:\/\/tehnomag.md\/ru\/wp-json\/wp\/v2\/types\/product"}],"wp:featuredmedia":[{"embeddable":true,"href":"https:\/\/tehnomag.md\/ru\/wp-json\/wp\/v2\/media\/64073"}],"wp:attachment":[{"href":"https:\/\/tehnomag.md\/ru\/wp-json\/wp\/v2\/media?parent=64040"}],"wp:term":[{"taxonomy":"product_brand","embeddable":true,"href":"https:\/\/tehnomag.md\/ru\/wp-json\/wp\/v2\/product_brand?post=64040"},{"taxonomy":"product_cat","embeddable":true,"href":"https:\/\/tehnomag.md\/ru\/wp-json\/wp\/v2\/product_cat?post=64040"},{"taxonomy":"product_tag","embeddable":true,"href":"https:\/\/tehnomag.md\/ru\/wp-json\/wp\/v2\/product_tag?post=64040"}],"curies":[{"name":"wp","href":"https:\/\/api.w.org\/{rel}","templated":true}]}}