{"id":64039,"date":"2025-06-24T09:59:58","date_gmt":"2025-06-24T09:59:58","guid":{"rendered":"https:\/\/tehnomag.md\/?post_type=product&#038;p=64039"},"modified":"2025-07-19T08:15:00","modified_gmt":"2025-07-19T08:15:00","slug":"cratita-maestro-mr-3504-24","status":"publish","type":"product","link":"https:\/\/tehnomag.md\/ru\/catalog\/vesela\/vase-de-gatit\/cratite\/cratita-maestro-mr-3504-24\/","title":{"rendered":"Crati\u021b\u0103 MAESTRO Mr-3504-24"},"content":{"rendered":"<p>Cratita profesionala Maestro MR 3504-24 cu un volum de 5,4 litri, intr-o cratita se poate gati, praji si gati la cuptor. Modelul este realizat din o\u021bel inoxidabil de \u00eenalt\u0103 calitate. Pe interiorul tigaii se afla faguri hexagonali cu acoperire antiaderenta ILAG Premium, care permite folosirea ustensilelor metalice de bucatarie. Setul vine cu un capac plat din sticla cu diametrul de 24 de centimetri. M\u00e2nerele de o\u021bel ale tigaii sunt prinse cu nituri. Combina\u021bia de caracteristici de design ale acestui model face ca tigaia MR3504-24 s\u0103 fie o op\u021biune ideal\u0103 pentru g\u0103tit complexe \u00een mai multe etape, inclusiv produse alternative de pr\u0103jire, fierbere \u0219i fierbere, permi\u021b\u00e2ndu-v\u0103 s\u0103 face\u021bi toate opera\u021biunile \u00eentr-o singur\u0103 tigaie!<\/p>\n<p>Caracteristicile vasului Maestro MR 3507-24:<br \/>\nVolum: 5,4 litri<br \/>\nDiametru capac: 24 cm<br \/>\nCorpul este format din trei straturi:<br \/>\ninterior: o\u021bel inoxidabil texturat cu acoperire antiaderen\u021b\u0103 rezistent\u0103 la zg\u00e2rieturi<br \/>\nmijloc: aluminiu pentru o distribu\u021bie uniform\u0103 a temperaturii<br \/>\nexterior: o\u021bel inoxidabil cu propriet\u0103\u021bi magnetice<br \/>\nAcoperire antiaderen\u021b\u0103 intern\u0103 ILAG Premium antiaderent\u0103, tip \u201efagure hexagonal\u201d.<br \/>\nM\u00e2nere metalice confortabile<br \/>\nPotrivit pentru toate tipurile de plite \u0219i plite<br \/>\nCapac din sticla securizata cu evacuare aburului<br \/>\nPoate fi folosit \u00een cuptor p\u00e2n\u0103 la 260\u2103<br \/>\nPoate fi spalat in masina de spalat vase<\/p>","protected":false},"excerpt":{"rendered":"<p>Cratita profesionala Maestro MR 3504-24 cu un volum de 5,4 litri, intr-o cratita se poate gati, praji si gati la cuptor. Modelul este realizat din o\u021bel inoxidabil de \u00eenalt\u0103 calitate. Pe interiorul tigaii se afla faguri hexagonali cu acoperire antiaderenta ILAG Premium, care permite folosirea ustensilelor metalice de bucatarie. Setul vine cu un capac plat din sticla cu diametrul de 24 de centimetri. M\u00e2nerele de o\u021bel ale tigaii sunt prinse cu nituri. Combina\u021bia de caracteristici de design ale acestui model face ca tigaia MR3504-24 s\u0103 fie o op\u021biune ideal\u0103 pentru g\u0103tit complexe \u00een mai multe etape, inclusiv produse alternative de pr\u0103jire, fierbere \u0219i fierbere, permi\u021b\u00e2ndu-v\u0103 s\u0103 face\u021bi toate opera\u021biunile \u00eentr-o singur\u0103 tigaie!<\/p>\n<p>Caracteristicile vasului Maestro MR 3507-24:<br \/>\nVolum: 5,4 litri<br \/>\nDiametru capac: 24 cm<br \/>\nCorpul este format din trei straturi:<br \/>\ninterior: o\u021bel inoxidabil texturat cu acoperire antiaderen\u021b\u0103 rezistent\u0103 la zg\u00e2rieturi<br \/>\nmijloc: aluminiu pentru o distribu\u021bie uniform\u0103 a temperaturii<br \/>\nexterior: o\u021bel inoxidabil cu propriet\u0103\u021bi magnetice<br \/>\nAcoperire antiaderen\u021b\u0103 intern\u0103 ILAG Premium antiaderent\u0103, tip \u201efagure hexagonal\u201d.<br \/>\nM\u00e2nere metalice confortabile<br \/>\nPotrivit pentru toate tipurile de plite \u0219i plite<br \/>\nCapac din sticla securizata cu evacuare aburului<br \/>\nPoate fi folosit \u00een cuptor p\u00e2n\u0103 la 260\u2103<br \/>\nPoate fi spalat in masina de spalat vase<\/p>","protected":false},"featured_media":64072,"template":"","meta":{"_acf_changed":false},"product_brand":[],"product_cat":[8574],"product_tag":[],"class_list":{"0":"post-64039","1":"product","2":"type-product","3":"status-publish","4":"has-post-thumbnail","6":"product_cat-cratite","8":"first","9":"instock","10":"shipping-taxable","11":"purchasable","12":"product-type-simple"},"acf":[],"_links":{"self":[{"href":"https:\/\/tehnomag.md\/ru\/wp-json\/wp\/v2\/product\/64039","targetHints":{"allow":["GET"]}}],"collection":[{"href":"https:\/\/tehnomag.md\/ru\/wp-json\/wp\/v2\/product"}],"about":[{"href":"https:\/\/tehnomag.md\/ru\/wp-json\/wp\/v2\/types\/product"}],"wp:featuredmedia":[{"embeddable":true,"href":"https:\/\/tehnomag.md\/ru\/wp-json\/wp\/v2\/media\/64072"}],"wp:attachment":[{"href":"https:\/\/tehnomag.md\/ru\/wp-json\/wp\/v2\/media?parent=64039"}],"wp:term":[{"taxonomy":"product_brand","embeddable":true,"href":"https:\/\/tehnomag.md\/ru\/wp-json\/wp\/v2\/product_brand?post=64039"},{"taxonomy":"product_cat","embeddable":true,"href":"https:\/\/tehnomag.md\/ru\/wp-json\/wp\/v2\/product_cat?post=64039"},{"taxonomy":"product_tag","embeddable":true,"href":"https:\/\/tehnomag.md\/ru\/wp-json\/wp\/v2\/product_tag?post=64039"}],"curies":[{"name":"wp","href":"https:\/\/api.w.org\/{rel}","templated":true}]}}