{"id":64036,"date":"2025-06-24T09:59:58","date_gmt":"2025-06-24T09:59:58","guid":{"rendered":"https:\/\/tehnomag.md\/?post_type=product&#038;p=64036"},"modified":"2025-07-19T08:15:00","modified_gmt":"2025-07-19T08:15:00","slug":"oala-berghoff-3900040","status":"publish","type":"product","link":"https:\/\/tehnomag.md\/ru\/catalog\/vesela\/vase-de-gatit\/cratite\/oala-berghoff-3900040\/","title":{"rendered":"Oala BergHOFF 3900040"},"content":{"rendered":"<p>Cazan de fonta 4.2L 24cm<\/p>\n<p>Este fabricat\u0103 din font\u0103, care are capacitatea de acumula \u0219i a re\u021bine perfect c\u0103ldura. Emailat\u0103 in interior. M\u00e2nerele se pot \u00eencinge \u00een timpul prepar\u0103rii bucatelor.<\/p>\n<p>Este recomandat s\u0103 folosi\u021bi suporturi pentru oale sau m\u0103nu\u0219i de buc\u0103t\u0103rie antitermice. Potrivit pentru utilizare pe toate tipurile de suprafe\u021be de g\u0103tit, precum \u0219i \u00een cuptor.<\/p>\n<p>La utilizarea tig\u0103ii \u00een cuptor, temperatura nu trebuie s\u0103 dep\u0103\u0219easc\u0103 250 de grade. Nu se recomand\u0103 sp\u0103larea \u00een ma\u0219ina de sp\u0103lat vase.<\/p>\n<p>Dimensiuni: 24 cm.<br \/>\nVolum: 4,2 litri.<\/p>","protected":false},"excerpt":{"rendered":"<p>Cazan de fonta 4.2L 24cm<\/p>\n<p>Este fabricat\u0103 din font\u0103, care are capacitatea de acumula \u0219i a re\u021bine perfect c\u0103ldura. Emailat\u0103 in interior. M\u00e2nerele se pot \u00eencinge \u00een timpul prepar\u0103rii bucatelor.<\/p>\n<p>Este recomandat s\u0103 folosi\u021bi suporturi pentru oale sau m\u0103nu\u0219i de buc\u0103t\u0103rie antitermice. Potrivit pentru utilizare pe toate tipurile de suprafe\u021be de g\u0103tit, precum \u0219i \u00een cuptor.<\/p>\n<p>La utilizarea tig\u0103ii \u00een cuptor, temperatura nu trebuie s\u0103 dep\u0103\u0219easc\u0103 250 de grade. Nu se recomand\u0103 sp\u0103larea \u00een ma\u0219ina de sp\u0103lat vase.<\/p>\n<p>Dimensiuni: 24 cm.<br \/>\nVolum: 4,2 litri.<\/p>","protected":false},"featured_media":64068,"template":"","meta":{"_acf_changed":false},"product_brand":[],"product_cat":[8574],"product_tag":[],"class_list":{"0":"post-64036","1":"product","2":"type-product","3":"status-publish","4":"has-post-thumbnail","6":"product_cat-cratite","8":"first","9":"instock","10":"shipping-taxable","11":"purchasable","12":"product-type-simple"},"acf":[],"_links":{"self":[{"href":"https:\/\/tehnomag.md\/ru\/wp-json\/wp\/v2\/product\/64036","targetHints":{"allow":["GET"]}}],"collection":[{"href":"https:\/\/tehnomag.md\/ru\/wp-json\/wp\/v2\/product"}],"about":[{"href":"https:\/\/tehnomag.md\/ru\/wp-json\/wp\/v2\/types\/product"}],"wp:featuredmedia":[{"embeddable":true,"href":"https:\/\/tehnomag.md\/ru\/wp-json\/wp\/v2\/media\/64068"}],"wp:attachment":[{"href":"https:\/\/tehnomag.md\/ru\/wp-json\/wp\/v2\/media?parent=64036"}],"wp:term":[{"taxonomy":"product_brand","embeddable":true,"href":"https:\/\/tehnomag.md\/ru\/wp-json\/wp\/v2\/product_brand?post=64036"},{"taxonomy":"product_cat","embeddable":true,"href":"https:\/\/tehnomag.md\/ru\/wp-json\/wp\/v2\/product_cat?post=64036"},{"taxonomy":"product_tag","embeddable":true,"href":"https:\/\/tehnomag.md\/ru\/wp-json\/wp\/v2\/product_tag?post=64036"}],"curies":[{"name":"wp","href":"https:\/\/api.w.org\/{rel}","templated":true}]}}