{"id":64035,"date":"2025-06-24T09:59:58","date_gmt":"2025-06-24T09:59:58","guid":{"rendered":"https:\/\/tehnomag.md\/?post_type=product&#038;p=64035"},"modified":"2025-07-19T08:15:00","modified_gmt":"2025-07-19T08:15:00","slug":"cratita-berghoff-gem-24-cm-4-9l-berghoff-2307310","status":"publish","type":"product","link":"https:\/\/tehnomag.md\/ru\/catalog\/vesela\/vase-de-gatit\/cratite\/cratita-berghoff-gem-24-cm-4-9l-berghoff-2307310\/","title":{"rendered":"Crati\u021b\u0103 BergHOFF Gem 24 cm 4.9L  BergHOFF 2307310"},"content":{"rendered":"<p>Cazan cu capac 24 cm 4.9L GEM<br \/>\nCod 2307310<\/p>\n<p>Oal\u0103 cu capac BergHOFF Gem.<br \/>\nDori\u021bi s\u0103 v\u0103 echipa\u021bi buc\u0103t\u0103ria cu un amestec de design inovator \u0219i beneficii func\u021bionale?<br \/>\nEchipa de designeri BergHOFF a creat linia Gem, o colec\u021bie care se axeaz\u0103 pe performan\u021b\u0103, durabilitate \u0219i universalitate.<\/p>\n<p>Cu BergHOFF Gem g\u0103titul este simplu \u0219i comod. Buc\u0103tarul care alege vesela Gem, e unul care iube\u0219te produsele \u0219i care pledeaz\u0103 pentru func\u021bionalitate \u0219i confort \u00een buc\u0103t\u0103rie.<br \/>\nCaracteristicile speciale, cum ar fi materialele u\u0219oare, acoperirea antiaderent\u0103 din mai multe straturi, fundul cu capacitate de acumulare termic\u0103 \u0219i m\u00e2nerele deta\u0219abile fac parte reprezint\u0103 linia Gem \u0219i confer\u0103 un farmec aparte procesului de g\u0103tit.<br \/>\n\u00cen\u0103l\u021bime: 12 cm<br \/>\nDiametru: 24 cm<br \/>\nVolum: 4,9 litri<br \/>\nMaterial: aluminiu turnat sub presiune<\/p>","protected":false},"excerpt":{"rendered":"<p>Cazan cu capac 24 cm 4.9L GEM<br \/>\nCod 2307310<\/p>\n<p>Oal\u0103 cu capac BergHOFF Gem.<br \/>\nDori\u021bi s\u0103 v\u0103 echipa\u021bi buc\u0103t\u0103ria cu un amestec de design inovator \u0219i beneficii func\u021bionale?<br \/>\nEchipa de designeri BergHOFF a creat linia Gem, o colec\u021bie care se axeaz\u0103 pe performan\u021b\u0103, durabilitate \u0219i universalitate.<\/p>\n<p>Cu BergHOFF Gem g\u0103titul este simplu \u0219i comod. Buc\u0103tarul care alege vesela Gem, e unul care iube\u0219te produsele \u0219i care pledeaz\u0103 pentru func\u021bionalitate \u0219i confort \u00een buc\u0103t\u0103rie.<br \/>\nCaracteristicile speciale, cum ar fi materialele u\u0219oare, acoperirea antiaderent\u0103 din mai multe straturi, fundul cu capacitate de acumulare termic\u0103 \u0219i m\u00e2nerele deta\u0219abile fac parte reprezint\u0103 linia Gem \u0219i confer\u0103 un farmec aparte procesului de g\u0103tit.<br \/>\n\u00cen\u0103l\u021bime: 12 cm<br \/>\nDiametru: 24 cm<br \/>\nVolum: 4,9 litri<br \/>\nMaterial: aluminiu turnat sub presiune<\/p>","protected":false},"featured_media":64066,"template":"","meta":{"_acf_changed":false},"product_brand":[],"product_cat":[8574],"product_tag":[],"class_list":{"0":"post-64035","1":"product","2":"type-product","3":"status-publish","4":"has-post-thumbnail","6":"product_cat-cratite","8":"first","9":"instock","10":"shipping-taxable","11":"purchasable","12":"product-type-simple"},"acf":[],"_links":{"self":[{"href":"https:\/\/tehnomag.md\/ru\/wp-json\/wp\/v2\/product\/64035","targetHints":{"allow":["GET"]}}],"collection":[{"href":"https:\/\/tehnomag.md\/ru\/wp-json\/wp\/v2\/product"}],"about":[{"href":"https:\/\/tehnomag.md\/ru\/wp-json\/wp\/v2\/types\/product"}],"wp:featuredmedia":[{"embeddable":true,"href":"https:\/\/tehnomag.md\/ru\/wp-json\/wp\/v2\/media\/64066"}],"wp:attachment":[{"href":"https:\/\/tehnomag.md\/ru\/wp-json\/wp\/v2\/media?parent=64035"}],"wp:term":[{"taxonomy":"product_brand","embeddable":true,"href":"https:\/\/tehnomag.md\/ru\/wp-json\/wp\/v2\/product_brand?post=64035"},{"taxonomy":"product_cat","embeddable":true,"href":"https:\/\/tehnomag.md\/ru\/wp-json\/wp\/v2\/product_cat?post=64035"},{"taxonomy":"product_tag","embeddable":true,"href":"https:\/\/tehnomag.md\/ru\/wp-json\/wp\/v2\/product_tag?post=64035"}],"curies":[{"name":"wp","href":"https:\/\/api.w.org\/{rel}","templated":true}]}}