{"id":63965,"date":"2025-06-24T09:59:36","date_gmt":"2025-06-24T09:59:36","guid":{"rendered":"https:\/\/tehnomag.md\/?post_type=product&#038;p=63965"},"modified":"2025-07-19T08:14:57","modified_gmt":"2025-07-19T08:14:57","slug":"cratita-maestro-mr-3508-24","status":"publish","type":"product","link":"https:\/\/tehnomag.md\/ru\/catalog\/vesela\/vase-de-gatit\/cratite\/cratita-maestro-mr-3508-24\/","title":{"rendered":"Crati\u021b\u0103 MAESTRO Mr-3508-24"},"content":{"rendered":"<p>De \u00eenalt\u0103 calitate inox<br \/>\nMateriale ecologice-pure<br \/>\nPartea de jos capsulara<br \/>\nPosibilitatea de a fi utilizate pe orice tip de aragaz<\/p>\n<p>Cratita cu capac \u00d826 cm &#8211; 7,0 l<\/p>","protected":false},"excerpt":{"rendered":"<p>De \u00eenalt\u0103 calitate inox<br \/>\nMateriale ecologice-pure<br \/>\nPartea de jos capsulara<br \/>\nPosibilitatea de a fi utilizate pe orice tip de aragaz<\/p>\n<p>Cratita cu capac \u00d826 cm &#8211; 7,0 l<\/p>","protected":false},"featured_media":63995,"template":"","meta":{"_acf_changed":false},"product_brand":[],"product_cat":[8574],"product_tag":[],"class_list":{"0":"post-63965","1":"product","2":"type-product","3":"status-publish","4":"has-post-thumbnail","6":"product_cat-cratite","8":"first","9":"instock","10":"shipping-taxable","11":"purchasable","12":"product-type-simple"},"acf":[],"_links":{"self":[{"href":"https:\/\/tehnomag.md\/ru\/wp-json\/wp\/v2\/product\/63965","targetHints":{"allow":["GET"]}}],"collection":[{"href":"https:\/\/tehnomag.md\/ru\/wp-json\/wp\/v2\/product"}],"about":[{"href":"https:\/\/tehnomag.md\/ru\/wp-json\/wp\/v2\/types\/product"}],"wp:featuredmedia":[{"embeddable":true,"href":"https:\/\/tehnomag.md\/ru\/wp-json\/wp\/v2\/media\/63995"}],"wp:attachment":[{"href":"https:\/\/tehnomag.md\/ru\/wp-json\/wp\/v2\/media?parent=63965"}],"wp:term":[{"taxonomy":"product_brand","embeddable":true,"href":"https:\/\/tehnomag.md\/ru\/wp-json\/wp\/v2\/product_brand?post=63965"},{"taxonomy":"product_cat","embeddable":true,"href":"https:\/\/tehnomag.md\/ru\/wp-json\/wp\/v2\/product_cat?post=63965"},{"taxonomy":"product_tag","embeddable":true,"href":"https:\/\/tehnomag.md\/ru\/wp-json\/wp\/v2\/product_tag?post=63965"}],"curies":[{"name":"wp","href":"https:\/\/api.w.org\/{rel}","templated":true}]}}