{"id":63883,"date":"2025-06-24T09:59:15","date_gmt":"2025-06-24T09:59:15","guid":{"rendered":"https:\/\/tehnomag.md\/?post_type=product&#038;p=63883"},"modified":"2025-07-19T08:14:53","modified_gmt":"2025-07-19T08:14:53","slug":"cratita-maestro-mr3511-16","status":"publish","type":"product","link":"https:\/\/tehnomag.md\/ru\/catalog\/vesela\/vase-de-gatit\/cratite\/cratita-maestro-mr3511-16\/","title":{"rendered":"Crati\u021b\u0103 MAESTRO Mr3511-16"},"content":{"rendered":"<p>De \u00eenalt\u0103 calitate inox<br \/>\nAcumulare termic\u0103 pe partea de jos stratificat\u0103<\/p>\n<p>Cratita cu capac \u00d8 16 cm &#8211; 1,5 l<\/p>","protected":false},"excerpt":{"rendered":"<p>De \u00eenalt\u0103 calitate inox<br \/>\nAcumulare termic\u0103 pe partea de jos stratificat\u0103<\/p>\n<p>Cratita cu capac \u00d8 16 cm &#8211; 1,5 l<\/p>","protected":false},"featured_media":63913,"template":"","meta":{"_acf_changed":false},"product_brand":[],"product_cat":[8574],"product_tag":[],"class_list":{"0":"post-63883","1":"product","2":"type-product","3":"status-publish","4":"has-post-thumbnail","6":"product_cat-cratite","8":"first","9":"instock","10":"shipping-taxable","11":"purchasable","12":"product-type-simple"},"acf":[],"_links":{"self":[{"href":"https:\/\/tehnomag.md\/ru\/wp-json\/wp\/v2\/product\/63883","targetHints":{"allow":["GET"]}}],"collection":[{"href":"https:\/\/tehnomag.md\/ru\/wp-json\/wp\/v2\/product"}],"about":[{"href":"https:\/\/tehnomag.md\/ru\/wp-json\/wp\/v2\/types\/product"}],"wp:featuredmedia":[{"embeddable":true,"href":"https:\/\/tehnomag.md\/ru\/wp-json\/wp\/v2\/media\/63913"}],"wp:attachment":[{"href":"https:\/\/tehnomag.md\/ru\/wp-json\/wp\/v2\/media?parent=63883"}],"wp:term":[{"taxonomy":"product_brand","embeddable":true,"href":"https:\/\/tehnomag.md\/ru\/wp-json\/wp\/v2\/product_brand?post=63883"},{"taxonomy":"product_cat","embeddable":true,"href":"https:\/\/tehnomag.md\/ru\/wp-json\/wp\/v2\/product_cat?post=63883"},{"taxonomy":"product_tag","embeddable":true,"href":"https:\/\/tehnomag.md\/ru\/wp-json\/wp\/v2\/product_tag?post=63883"}],"curies":[{"name":"wp","href":"https:\/\/api.w.org\/{rel}","templated":true}]}}