{"id":63835,"date":"2025-06-24T09:58:57","date_gmt":"2025-06-24T09:58:57","guid":{"rendered":"https:\/\/tehnomag.md\/?post_type=product&#038;p=63835"},"modified":"2025-07-19T08:14:52","modified_gmt":"2025-07-19T08:14:52","slug":"servetele-de-servit-maestro-mr-1915","status":"publish","type":"product","link":"https:\/\/tehnomag.md\/ru\/catalog\/vesela\/vesela-pentru-servire\/servetele-de-servit\/servetele-de-servit-maestro-mr-1915\/","title":{"rendered":"Servetele de servit  MAESTRO Mr-1915"},"content":{"rendered":"<p>Marca comercial\u0103: Maestro<br \/>\nDesign modern<br \/>\nSe permite cur\u0103\u0163area umed\u0103<br \/>\nProtejeaz\u0103 suprafa\u0163a mesei de zg\u00eerieturi<br \/>\nTermorezisten\u0163\u0103 p\u00een\u0103 la 90\u00b0\u0421<br \/>\nSetul con\u0163ine:<br \/>\n4buc &#8211; 43.5&#215;28.2 cm,<br \/>\n4buc &#8211; 10&#215;10 cm<\/p>","protected":false},"excerpt":{"rendered":"<p>Marca comercial\u0103: Maestro<br \/>\nDesign modern<br \/>\nSe permite cur\u0103\u0163area umed\u0103<br \/>\nProtejeaz\u0103 suprafa\u0163a mesei de zg\u00eerieturi<br \/>\nTermorezisten\u0163\u0103 p\u00een\u0103 la 90\u00b0\u0421<br \/>\nSetul con\u0163ine:<br \/>\n4buc &#8211; 43.5&#215;28.2 cm,<br \/>\n4buc &#8211; 10&#215;10 cm<\/p>","protected":false},"featured_media":63869,"template":"","meta":{"_acf_changed":false},"product_brand":[],"product_cat":[8570],"product_tag":[],"class_list":{"0":"post-63835","1":"product","2":"type-product","3":"status-publish","4":"has-post-thumbnail","6":"product_cat-servetele-de-servit","8":"first","9":"instock","10":"shipping-taxable","11":"purchasable","12":"product-type-simple"},"acf":[],"_links":{"self":[{"href":"https:\/\/tehnomag.md\/ru\/wp-json\/wp\/v2\/product\/63835","targetHints":{"allow":["GET"]}}],"collection":[{"href":"https:\/\/tehnomag.md\/ru\/wp-json\/wp\/v2\/product"}],"about":[{"href":"https:\/\/tehnomag.md\/ru\/wp-json\/wp\/v2\/types\/product"}],"wp:featuredmedia":[{"embeddable":true,"href":"https:\/\/tehnomag.md\/ru\/wp-json\/wp\/v2\/media\/63869"}],"wp:attachment":[{"href":"https:\/\/tehnomag.md\/ru\/wp-json\/wp\/v2\/media?parent=63835"}],"wp:term":[{"taxonomy":"product_brand","embeddable":true,"href":"https:\/\/tehnomag.md\/ru\/wp-json\/wp\/v2\/product_brand?post=63835"},{"taxonomy":"product_cat","embeddable":true,"href":"https:\/\/tehnomag.md\/ru\/wp-json\/wp\/v2\/product_cat?post=63835"},{"taxonomy":"product_tag","embeddable":true,"href":"https:\/\/tehnomag.md\/ru\/wp-json\/wp\/v2\/product_tag?post=63835"}],"curies":[{"name":"wp","href":"https:\/\/api.w.org\/{rel}","templated":true}]}}